{"id":5413,"date":"2024-05-01T18:44:56","date_gmt":"2024-05-01T18:44:56","guid":{"rendered":"https:\/\/mallorca-mietwagen.com\/paiement-par-carte-de-credit\/"},"modified":"2024-05-06T08:40:29","modified_gmt":"2024-05-06T08:40:29","slug":"paiement-par-carte-de-credit","status":"publish","type":"page","link":"https:\/\/cabriomallorca.com\/fr\/paiement-par-carte-de-credit\/","title":{"rendered":"Paiement par carte de cr\u00e9dit"},"content":{"rendered":"<div class=\"wpb-content-wrapper\"><p>[vc_row][vc_column][vc_column_text css=\u00a0\u00bb\u00a0\u00bb]<strong>Ici, vous avez la possibilit\u00e9 d&rsquo;effectuer un paiement avec votre carte de cr\u00e9dit :<\/strong><\/p>\n<p><em>  Veuillez payer UNIQUEMENT le montant indiqu\u00e9 dans votre e-mail de confirmation sous \u00ab\u00a0Paiement \u00e0 la r\u00e9servation\u00a0\u00bb. Le solde n&rsquo;est d\u00fb qu&rsquo;au moment de la prise en charge du v\u00e9hicule sur place.<\/em>[\/vc_column_text][\/vc_column][\/vc_row][vc_row][vc_column][vc_raw_html css=\u00a0\u00bb\u00a0\u00bb]W3BhZ29fdHB2XVBhaWVtZW50IHBhciBjYXJ0ZSBkZSBjcsOpZGl0Wy9wYWdvX3Rwdl0=[\/vc_raw_html][\/vc_column][\/vc_row]<\/p>\n<\/div>","protected":false},"excerpt":{"rendered":"<p>[vc_row][vc_column][vc_column_text css=\u00a0\u00bb\u00a0\u00bb]Ici, vous avez la possibilit\u00e9 d&rsquo;effectuer un paiement avec votre carte de cr\u00e9dit : Veuillez payer UNIQUEMENT le montant indiqu\u00e9 dans votre e-mail de confirmation sous \u00ab\u00a0Paiement \u00e0 la r\u00e9servation\u00a0\u00bb. Le solde n&rsquo;est d\u00fb qu&rsquo;au moment de la prise en charge du v\u00e9hicule sur place.[\/vc_column_text][\/vc_column][\/vc_row][vc_row][vc_column][vc_raw_html css=\u00a0\u00bb\u00a0\u00bb]W3BhZ29fdHB2XVBhaWVtZW50IHBhciBjYXJ0ZSBkZSBjcsOpZGl0Wy9wYWdvX3Rwdl0=[\/vc_raw_html][\/vc_column][\/vc_row]<\/p>\n","protected":false},"author":1,"featured_media":0,"parent":0,"menu_order":0,"comment_status":"closed","ping_status":"closed","template":"","meta":{"footnotes":""},"class_list":["post-5413","page","type-page","status-publish","hentry"],"_links":{"self":[{"href":"https:\/\/cabriomallorca.com\/fr\/wp-json\/wp\/v2\/pages\/5413","targetHints":{"allow":["GET"]}}],"collection":[{"href":"https:\/\/cabriomallorca.com\/fr\/wp-json\/wp\/v2\/pages"}],"about":[{"href":"https:\/\/cabriomallorca.com\/fr\/wp-json\/wp\/v2\/types\/page"}],"author":[{"embeddable":true,"href":"https:\/\/cabriomallorca.com\/fr\/wp-json\/wp\/v2\/users\/1"}],"replies":[{"embeddable":true,"href":"https:\/\/cabriomallorca.com\/fr\/wp-json\/wp\/v2\/comments?post=5413"}],"version-history":[{"count":1,"href":"https:\/\/cabriomallorca.com\/fr\/wp-json\/wp\/v2\/pages\/5413\/revisions"}],"predecessor-version":[{"id":5420,"href":"https:\/\/cabriomallorca.com\/fr\/wp-json\/wp\/v2\/pages\/5413\/revisions\/5420"}],"wp:attachment":[{"href":"https:\/\/cabriomallorca.com\/fr\/wp-json\/wp\/v2\/media?parent=5413"}],"curies":[{"name":"wp","href":"https:\/\/api.w.org\/{rel}","templated":true}]}}