{"id":5396,"date":"2024-04-21T10:11:04","date_gmt":"2024-04-21T10:11:04","guid":{"rendered":"https:\/\/mallorca-mietwagen.com\/colonia-sant-jordi-cabriolet-location\/"},"modified":"2024-05-06T08:40:22","modified_gmt":"2024-05-06T08:40:22","slug":"colonia-sant-jordi-cabriolet-location","status":"publish","type":"page","link":"https:\/\/cabriomallorca.com\/fr\/colonia-sant-jordi-cabriolet-location\/","title":{"rendered":"colonia-sant-jordi-cabriolet-location"},"content":{"rendered":"<div class=\"wpb-content-wrapper\"><p>[vc_row full_width=\u00a0\u00bbstretch_row\u00a0\u00bb full_height=\u00a0\u00bbyes\u00a0\u00bb columns_placement=\u00a0\u00bbtop\u00a0\u00bb content_placement=\u00a0\u00bbtop\u00a0\u00bb parallax=\u00a0\u00bbcontent-moving\u00a0\u00bb parallax_image=\u00a0\u00bb32&Prime; parallax_speed_bg=\u00a0\u00bb1&Prime; css_animation=\u00a0\u00bbfadeInDown\u00a0\u00bb el_class=\u00a0\u00bb@media screen and (max-width:767px){ selector img{ content: url(&lsquo;https:\/\/nutri-hero.com\/wp-content\/uploads\/2024\/04\/madebynature.jpg&rsquo;) } }\u00a0\u00bb][vc_column width=\u00a0\u00bb1\/4&Prime;]<div id=\"search540242\"><div class=\"row search_form_row step1 vertical\" id=\"search_form\">\r\n    <form id=\"formElem\" name=\"formElem\" action=\"https:\/\/cabriomallorca.com\/fr\/cabrios\/search\/\" method=\"post\">\r\n        <div class=\"col-xs-12\">\r\n            <span class=\"form_title\">D\u00e9part Information<\/span>\r\n\t\t\t\t\t\t\t                    <select name=\"pickup_location_id\" class=\"form-control pickup-location home-select\">\r\n\t\t\t\t\t\t<option value=\"0\" selected=\"selected\">Ville de D\u00e9part et Localisation:<\/option><option value=\"1\">1. Airport Palma<\/option><option value=\"2\">2. Hotel delivery<\/option>                    <\/select>\r\n\t\t\t\t\t\t\t\t\t\t                <div class=\"row\">\r\n                    <div class=\"col-xs-7 date top_margin\">\r\n\t\t\t\t\t\t                            <input type=\"text\" name=\"pickup_date\"\r\n                                   value=\"Date:\"\r\n                                   placeholder=\"Date:\"\r\n                                   class=\"pickup-date\"\r\n                                   readonly=\"readonly\" AUTOCOMPLETE=\"off\"\/>\r\n\t\t\t\t\t\t                    <\/div>\r\n                    <div class=\"col-xs-5 time top_margin\">\r\n\t\t\t\t\t\t                            <select name=\"pickup_time\" class=\"pickup-time\">\r\n\t\t\t\t\t\t\t\t<option value=\"00:00:00\">Midnight<\/option><option value=\"00:30:00\">00:30<\/option><option value=\"01:00:00\">01:00<\/option><option value=\"01:30:00\">01:30<\/option><option value=\"02:00:00\">02:00<\/option><option value=\"02:30:00\">02:30<\/option><option value=\"03:00:00\">03:00<\/option><option value=\"03:30:00\">03:30<\/option><option value=\"04:00:00\">04:00<\/option><option value=\"04:30:00\">04:30<\/option><option value=\"05:00:00\">05:00<\/option><option value=\"05:30:00\">05:30<\/option><option value=\"06:00:00\">06:00<\/option><option value=\"06:30:00\">06:30<\/option><option value=\"07:00:00\">07:00<\/option><option value=\"07:30:00\">07:30<\/option><option value=\"08:00:00\">08:00<\/option><option value=\"08:30:00\">08:30<\/option><option value=\"09:00:00\">09:00<\/option><option value=\"09:30:00\">09:30<\/option><option value=\"10:00:00\">10:00<\/option><option value=\"10:30:00\">10:30<\/option><option value=\"11:00:00\">11:00<\/option><option value=\"11:30:00\">11:30<\/option><option value=\"12:00:00\" selected=\"selected\">Noon<\/option><option value=\"12:30:00\">12:30<\/option><option value=\"13:00:00\">13:00<\/option><option value=\"13:30:00\">13:30<\/option><option value=\"14:00:00\">14:00<\/option><option value=\"14:30:00\">14:30<\/option><option value=\"15:00:00\">15:00<\/option><option value=\"15:30:00\">15:30<\/option><option value=\"16:00:00\">16:00<\/option><option value=\"16:30:00\">16:30<\/option><option value=\"17:00:00\">17:00<\/option><option value=\"17:30:00\">17:30<\/option><option value=\"18:00:00\">18:00<\/option><option value=\"18:30:00\">18:30<\/option><option value=\"19:00:00\">19:00<\/option><option value=\"19:30:00\">19:30<\/option><option value=\"20:00:00\">20:00<\/option><option value=\"20:30:00\">20:30<\/option><option value=\"21:00:00\">21:00<\/option><option value=\"21:30:00\">21:30<\/option><option value=\"22:00:00\">22:00<\/option><option value=\"22:30:00\">22:30<\/option><option value=\"23:00:00\">23:00<\/option><option value=\"23:30:00\">23:30<\/option>                            <\/select>\r\n\t\t\t\t\t\t                    <\/div>\r\n                <\/div>\r\n\t\t\t        <\/div>\r\n        <div class=\"col-xs-12\">\r\n            <span class=\"form_title fix_margin\">Retour Information<\/span>\r\n\t\t\t\t\t\t\t                    <select name=\"return_location_id\" class=\"form-control return-location home-select\">\r\n\t\t\t\t\t\t<option value=\"0\" selected=\"selected\">Ville de Retour et Localisation:<\/option><option value=\"1\">1. Airport Palma<\/option><option value=\"2\">2. Hotel delivery<\/option>                    <\/select>\r\n\t\t\t\t\t\t\t        <\/div>\r\n\t\t            <div class=\"col-xs-12\">\r\n                <div class=\"row\">\r\n\t\t\t\t\t                        <div class=\"col-xs-7 date top_margin\">\r\n\t\t\t\t\t\t\t                                <input type=\"text\" name=\"return_date\" class=\"return-date\"\r\n                                       value=\"Date:\"\r\n                                       placeholder=\"Date:\"\r\n                                       readonly=\"readonly\" AUTOCOMPLETE=\"off\"\/>\r\n\t\t\t\t\t\t\t                        <\/div>\r\n                        <div class=\"col-xs-5 time top_margin\">\r\n\t\t\t\t\t\t\t                                <select name=\"return_time\" class=\"return-time\">\r\n\t\t\t\t\t\t\t\t\t<option value=\"00:00:00\">Midnight<\/option><option value=\"00:30:00\">00:30<\/option><option value=\"01:00:00\">01:00<\/option><option value=\"01:30:00\">01:30<\/option><option value=\"02:00:00\">02:00<\/option><option value=\"02:30:00\">02:30<\/option><option value=\"03:00:00\">03:00<\/option><option value=\"03:30:00\">03:30<\/option><option value=\"04:00:00\">04:00<\/option><option value=\"04:30:00\">04:30<\/option><option value=\"05:00:00\">05:00<\/option><option value=\"05:30:00\">05:30<\/option><option value=\"06:00:00\">06:00<\/option><option value=\"06:30:00\">06:30<\/option><option value=\"07:00:00\">07:00<\/option><option value=\"07:30:00\">07:30<\/option><option value=\"08:00:00\">08:00<\/option><option value=\"08:30:00\">08:30<\/option><option value=\"09:00:00\">09:00<\/option><option value=\"09:30:00\">09:30<\/option><option value=\"10:00:00\">10:00<\/option><option value=\"10:30:00\">10:30<\/option><option value=\"11:00:00\">11:00<\/option><option value=\"11:30:00\">11:30<\/option><option value=\"12:00:00\" selected=\"selected\">Noon<\/option><option value=\"12:30:00\">12:30<\/option><option value=\"13:00:00\">13:00<\/option><option value=\"13:30:00\">13:30<\/option><option value=\"14:00:00\">14:00<\/option><option value=\"14:30:00\">14:30<\/option><option value=\"15:00:00\">15:00<\/option><option value=\"15:30:00\">15:30<\/option><option value=\"16:00:00\">16:00<\/option><option value=\"16:30:00\">16:30<\/option><option value=\"17:00:00\">17:00<\/option><option value=\"17:30:00\">17:30<\/option><option value=\"18:00:00\">18:00<\/option><option value=\"18:30:00\">18:30<\/option><option value=\"19:00:00\">19:00<\/option><option value=\"19:30:00\">19:30<\/option><option value=\"20:00:00\">20:00<\/option><option value=\"20:30:00\">20:30<\/option><option value=\"21:00:00\">21:00<\/option><option value=\"21:30:00\">21:30<\/option><option value=\"22:00:00\">22:00<\/option><option value=\"22:30:00\">22:30<\/option><option value=\"23:00:00\">23:00<\/option><option value=\"23:30:00\">23:30<\/option>                                <\/select>\r\n\t\t\t\t\t\t\t                        <\/div>\r\n\t\t\t\t\t                <\/div>\r\n            <\/div>\r\n\t\t\t\t\t\t\t\t        <div class=\"col-xs-12 submit\">\r\n            <input type=\"hidden\" name=\"car_rental_came_from_step1\" value=\"yes\"\/>\r\n\t\t\t\t\t\t\t<input type=\"submit\" name=\"car_rental_do_search\" value=\"Chercher\" class=\"car-rental-do-search\" onClick=\"ga('send', 'event', 'Car Rental', 'Click', '1. Search for all cars');\" \/>\t\t\t        <\/div>\r\n    <\/form>\r\n<\/div>\r\n<script type=\"text\/javascript\">\r\n    var autoFocus = '1';\r\n    var locationsS2 = '1';\r\n    var durationS2 = '';\r\n    var priceType = '1';\r\n    var returnLocation = '1';\r\n    var returnDate = '1';\r\n    var NRS_SELECT_BOOKING_DATE_TEXT = 'Date:';\r\n\r\n    jQuery(document).ready(function () {\r\n        var options = {};\r\n        options.useDatePicker = '1';\r\n        options.unavailableDates = [];\r\n        options.autoFocus = autoFocus;\r\n        options.timeMode = 'regular';\r\n        options.minimumBookingPeriodInseconds = '259200';\r\n        options.nrsDateFormat = 'dd\/mm\/yy';\r\n        options.firstDay = '1';\r\n        options.locationsS2 = locationsS2;\r\n        options.filtersS2 = '';\r\n        options.durationS2 = durationS2;\r\n        options.priceType = priceType;\r\n        options.returnLocation = returnLocation;\r\n        options.returnDate = returnDate;\r\n        options.minDate = '0';\r\n        options.existingBookingCodeVisible = '';\r\n        options.couponCodeRequired = '';\r\n        options.pickupLocationRequired = '1';\r\n        options.returnLocationRequired = '1';\r\n        options.pickupDateRequired = '1';\r\n        options.returnDateRequired = '1';\r\n        options.timeFormat = 'H:i';\r\n        options.NRS_SELECT_BOOKING_DATE_TEXT = NRS_SELECT_BOOKING_DATE_TEXT;\r\n        options.NRS_I_HAVE_BOOKING_CODE_TEXT = \"J\\'ai un code de r\u00e9servation:\";\r\n        options.NRS_COUPON_CODE_ALERT_TEXT = \"Veuillez entrer le code de coupon!\";\r\n        options.NRS_PICKUP_LOCATION_ALERT_TEXT = \"Veuillez s\u00e9lectionner la localisation de d\u00e9part!\";\r\n        options.NRS_RETURN_LOCATION_ALERT_TEXT = \"Veuillez s\u00e9lectionner la localisation de retour!\";\r\n        options.NRS_PICKUP_DATE_ALERT_TEXT = \"Veuillez s\u00e9lectionner la date de d\u00e9part!\";\r\n        options.NRS_RETURN_DATE_ALERT_TEXT = \"Veuillez s\u00e9lectionner la date de retour!\";\r\n        options.NRS_BOOKING_PERIOD_ALERT_TEXT = \"Veuillez choisir la p\u00e9riode de r\u00e9servation!\";\r\n        options.NRS_MINUTES_TEXT = \"minutes\";\r\n        options.NRS_HOURS_TEXT = \"heures\";\r\n        options.NRS_ERROR_MINIMUM_NUMBER_OF_NIGHT_SHOULD_NOT_BE_LESS_THAN_TEXT = \"Minimum number of night should not be less than\";\r\n        options.NRS_ERROR_PLEASE_MODIFY_YOUR_SEARCH_CRITERIA_TEXT = \"Please modify your searching criteria.\";\r\n        step1.init(options);\r\n    });<\/script><\/div>[\/vc_column][vc_column width=\u00a0\u00bb3\/4&Prime; offset=\u00a0\u00bbvc_hidden-xs\u00a0\u00bb][vc_message icon_fontawesome=\u00a0\u00bbfas fa-search-dollar\u00a0\u00bb css=\u00a0\u00bb\u00a0\u00bb]<\/p>\n<h4 style=\"text-align: left;\">R\u00e9servez maintenant votre cabriolet \u00e0 Colonia Sant Jordi avec le meilleur prix &amp; service<\/h4>\n<p>[\/vc_message][\/vc_column][\/vc_row][vc_row content_placement=\u00a0\u00bbmiddle\u00a0\u00bb][vc_column][\/vc_column][\/vc_row][vc_row][vc_column]<div id=\"cars-slider925842\"><div class=\"car-rental-slider car-rental-loading\">\r\n\t        <div class=\"responsive-cars-slider\">\r\n\t\t\t                <div>\r\n\t\t\t\t\t<div class=\"car-rental-item-image\"><a href=\"https:\/\/cabriomallorca.com\/fr\/mietwagen\/land-rover-freelander-sport-cabrio\/\" title=\"Voir la voiture\"><img data-lazy=\"https:\/\/cabriomallorca.com\/wp-content\/uploads\/CarRentalGallery\/thumb_freelander.jpg\" title=\"Land Rover Freelander Sport Cabrio\" alt=\"Land Rover Freelander Sport Cabrio\"><\/a><\/div><div class=\"car-rental-item-details\"><div class=\"car-rental-slider-bodytype-title\">SUV Cabrio<\/div><div class=\"car-rental-item-title underline full-width\"><a class=\"primary_color\" href=\"https:\/\/cabriomallorca.com\/fr\/mietwagen\/land-rover-freelander-sport-cabrio\/\" title=\"Voir la voiture\">Land Rover Freelander Sport Cabrio<\/a><\/div><div class=\"car-rental-item-prefix primary_color\">jour De<\/div><div class=\"car-rental-item-price primary_color\">55&euro;<\/div><\/div>                <\/div>\r\n\t\t\t                <div>\r\n\t\t\t\t\t<div class=\"car-rental-item-image\"><a href=\"https:\/\/cabriomallorca.com\/fr\/mietwagen\/audi-a3-cabrio\/\" title=\"Voir la voiture\"><img data-lazy=\"https:\/\/cabriomallorca.com\/wp-content\/uploads\/CarRentalGallery\/thumb_A3neu.png\" title=\"Audi A3 Cabrio o.\u00e4.\" alt=\"Audi A3 Cabrio o.\u00e4.\"><\/a><\/div><div class=\"car-rental-item-details\"><div class=\"car-rental-slider-bodytype-title\">Cabrio<\/div><div class=\"car-rental-item-title underline full-width\"><a class=\"primary_color\" href=\"https:\/\/cabriomallorca.com\/fr\/mietwagen\/audi-a3-cabrio\/\" title=\"Voir la voiture\">Audi A3 Cabrio o.\u00e4.<\/a><\/div><div class=\"car-rental-item-prefix primary_color\">jour De<\/div><div class=\"car-rental-item-price primary_color\">60&euro;<\/div><\/div>                <\/div>\r\n\t\t\t                <div>\r\n\t\t\t\t\t<div class=\"car-rental-item-image\"><a href=\"https:\/\/cabriomallorca.com\/fr\/mietwagen\/opel-cascada-cabrio\/\" title=\"Voir la voiture\"><img data-lazy=\"https:\/\/cabriomallorca.com\/wp-content\/uploads\/CarRentalGallery\/thumb_cascada.png\" title=\"Opel Cascada o.\u00e4.\" alt=\"Opel Cascada o.\u00e4.\"><\/a><\/div><div class=\"car-rental-item-details\"><div class=\"car-rental-slider-bodytype-title\">Cabrio<\/div><div class=\"car-rental-item-title underline full-width\"><a class=\"primary_color\" href=\"https:\/\/cabriomallorca.com\/fr\/mietwagen\/opel-cascada-cabrio\/\" title=\"Voir la voiture\">Opel Cascada o.\u00e4.<\/a><\/div><div class=\"car-rental-item-prefix primary_color\">jour De<\/div><div class=\"car-rental-item-price primary_color\">60&euro;<\/div><\/div>                <\/div>\r\n\t\t\t                <div>\r\n\t\t\t\t\t<div class=\"car-rental-item-image\"><a href=\"https:\/\/cabriomallorca.com\/fr\/mietwagen\/audi-a3-autom\/\" title=\"Voir la voiture\"><img data-lazy=\"https:\/\/cabriomallorca.com\/wp-content\/uploads\/CarRentalGallery\/thumb_1711617316_A3cabrio.jpg\" title=\"Audi A3 Cabrio autom. o.\u00e4.\" alt=\"Audi A3 Cabrio autom. o.\u00e4.\"><\/a><\/div><div class=\"car-rental-item-details\"><div class=\"car-rental-slider-bodytype-title\">Cabrio<\/div><div class=\"car-rental-item-title underline full-width\"><a class=\"primary_color\" href=\"https:\/\/cabriomallorca.com\/fr\/mietwagen\/audi-a3-autom\/\" title=\"Voir la voiture\">Audi A3 Cabrio autom. o.\u00e4.<\/a><\/div><div class=\"car-rental-item-prefix primary_color\">jour De<\/div><div class=\"car-rental-item-price primary_color\">68&euro;<\/div><\/div>                <\/div>\r\n\t\t\t                <div>\r\n\t\t\t\t\t<div class=\"car-rental-item-image\"><a href=\"https:\/\/cabriomallorca.com\/fr\/mietwagen\/mini-cooper-cabrio\/\" title=\"Voir la voiture\"><img data-lazy=\"https:\/\/cabriomallorca.com\/wp-content\/uploads\/CarRentalGallery\/thumb_minicabrio.png\" title=\"Mini Cooper Cabrio\" alt=\"Mini Cooper Cabrio\"><\/a><\/div><div class=\"car-rental-item-details\"><div class=\"car-rental-slider-bodytype-title\">Cabrio<\/div><div class=\"car-rental-item-title underline full-width\"><a class=\"primary_color\" href=\"https:\/\/cabriomallorca.com\/fr\/mietwagen\/mini-cooper-cabrio\/\" title=\"Voir la voiture\">Mini Cooper Cabrio<\/a><\/div><div class=\"car-rental-item-prefix primary_color\">jour De<\/div><div class=\"car-rental-item-price primary_color\">68&euro;<\/div><\/div>                <\/div>\r\n\t\t\t                <div>\r\n\t\t\t\t\t<div class=\"car-rental-item-image\"><a href=\"https:\/\/cabriomallorca.com\/fr\/mietwagen\/audi-a5-cabrio\/\" title=\"Voir la voiture\"><img data-lazy=\"https:\/\/cabriomallorca.com\/wp-content\/uploads\/CarRentalGallery\/thumb_1682361400_A5-cabrio1.jpg\" title=\"Audi A5 Cabrio Automatik o.\u00e4.\" alt=\"Audi A5 Cabrio Automatik o.\u00e4.\"><\/a><\/div><div class=\"car-rental-item-details\"><div class=\"car-rental-slider-bodytype-title\">Cabrio<\/div><div class=\"car-rental-item-title underline full-width\"><a class=\"primary_color\" href=\"https:\/\/cabriomallorca.com\/fr\/mietwagen\/audi-a5-cabrio\/\" title=\"Voir la voiture\">Audi A5 Cabrio Automatik o.\u00e4.<\/a><\/div><div class=\"car-rental-item-prefix primary_color\">jour De<\/div><div class=\"car-rental-item-price primary_color\">145&euro;<\/div><\/div>                <\/div>\r\n\t\t\t        <\/div>\r\n\t<\/div><\/div>[\/vc_column][\/vc_row][vc_row][vc_column width=\u00a0\u00bb1\/3&Prime;][vc_cta h2=\u00a0\u00bb\u00a0\u00bb color=\u00a0\u00bbblue\u00a0\u00bb]<\/p>\n<p style=\"text-align: center;\"><a href=\"https:\/\/www.trust24.org\/mietwagen\/cabrio-mietwagen-mallorca\">Ce que disent nos clients<img loading=\"lazy\" decoding=\"async\" class=\"aligncenter\" style=\"float: center;\" src=\"https:\/\/www.trust24.org\/widget\/?id=56&amp;img=1\" alt=\"Sceau de la boutique\" width=\"190\" height=\"150\" border=\"0\"><\/a><\/p>\n<p>[\/vc_cta][\/vc_column][vc_column width=\u00a0\u00bb1\/3&Prime;][vc_cta h2=\u00a0\u00bb\u00a0\u00bb color=\u00a0\u00bbsky\u00a0\u00bb css=\u00a0\u00bb\u00a0\u00bb]<\/p>\n<ul>\n<li>Livraison express \u00e0 Colonia Sant Jordi ou \u00e0 l&rsquo;a\u00e9roport<\/li>\n<li>Remise et contrat en fran\u00e7ais<\/li>\n<li>Livraison d&rsquo;h\u00f4tels \u00e0 Colonia Sant Jordi et dans toute l&rsquo;\u00eele<\/li>\n<li>Sp\u00e9cialiste du cabriolet &#8211; nous nous y connaissons<\/li>\n<\/ul>\n<p>[\/vc_cta][\/vc_column][vc_column width=\u00a0\u00bb1\/3&Prime; offset=\u00a0\u00bbvc_hidden-xs\u00a0\u00bb][vc_cta h2=\u00a0\u00bb\u00a0\u00bb color=\u00a0\u00bbsky\u00a0\u00bb]<\/p>\n<p style=\"text-align: center;\"><a title=\"\u00e0 propos de nous\" href=\"https:\/\/cabriomallorca.com\/fr\/mentions-legales\/\">Pour vous \u00e0 Majorque<img loading=\"lazy\" decoding=\"async\" class=\"aligncenter\" src=\"https:\/\/cabriomallorca.com\/wp-content\/uploads\/2020\/01\/15J.png\" alt=\"15 ans de location de voitures \u00e0 Majorque\" width=\"150\" height=\"150\"><\/a><\/p>\n<p>[\/vc_cta][\/vc_column][\/vc_row][vc_row][vc_column width=\u00a0\u00bb1\/2&Prime;][vc_single_image image=\u00a0\u00bb4825&Prime; img_size=\u00a0\u00bbfull\u00a0\u00bb][\/vc_column][vc_column width=\u00a0\u00bb1\/2&Prime;][vc_column_text css=\u00a0\u00bb.vc_custom_1713694184519{margin-top: 50px !important;margin-right: 50px !important;margin-bottom: 50px !important;margin-left: 50px !important;}\u00a0\u00bb]<\/p>\n<h4><\/h4>\n<h4><\/h4>\n<h1><span style=\"color: #808080;\">Comment commencer vos vacances en d\u00e9capotable \u00e0 Colonia Sant Jordi<\/span><\/h1>\n<h4><strong><span style=\"color: #808080;\">Arriver sans stress.<\/span><\/strong><\/h4>\n<h4><span style=\"color: #808080;\">\u00c0 votre arriv\u00e9e \u00e0 l&rsquo;a\u00e9roport de Palma de Majorque, vos vacances bien m\u00e9rit\u00e9es devraient d\u00e9j\u00e0 commencer. Oubliez les files d&rsquo;attente, le personnel peu aimable et les longues marches dans le parking pour trouver votre voiture.<\/span><br \/>\n<span style=\"color: #808080;\">Notre personnel vous attend avec votre voiture de location d\u00e9capotable au parking VIP, juste \u00e0 c\u00f4t\u00e9 du hall d&rsquo;arriv\u00e9e. Le contrat est d\u00e9j\u00e0 rempli, une signature et les vacances de r\u00eave sur cette \u00eele magnifique peuvent commencer !<\/span><\/h4>\n<h4><span style=\"color: #808080;\">Et le retour est encore plus facile !<\/span><\/h4>\n<p>[\/vc_column_text][\/vc_column][\/vc_row][vc_row][vc_column width=\u00a0\u00bb1\/2&Prime; offset=\u00a0\u00bbvc_hidden-xs\u00a0\u00bb][vc_column_text css=\u00a0\u00bb.vc_custom_1713694207646{margin-top: 50px !important;margin-right: 50px !important;margin-bottom: 50px !important;margin-left: 50px !important;}\u00a0\u00bb]<\/p>\n<h1 style=\"text-align: center;\"><span style=\"color: #ffffff;\"> <span style=\"color: #808080;\">Location de voiture d\u00e9capotable Colonia Sant Jordi<\/span><\/span><\/h1>\n<h4 data-sourcepos=\"3:1-3:188\"><span style=\"color: #808080;\"><strong>Soleil et libert\u00e9 :<\/strong> Colonia Sant Jordi vous g\u00e2te avec 300 jours de soleil par an. Conduire une d\u00e9capotable, c&rsquo;est profiter de ce soleil \u00e0 l&rsquo;\u00e9tat pur, le vent dans les cheveux et le parfum de l&rsquo;\u00eele dans le nez.<\/span><\/h4>\n<h4 data-sourcepos=\"5:1-5:203\"><span style=\"color: #808080;\"><strong>D\u00e9couvrir et vivre :<\/strong> Explorer les routes sinueuses de la c\u00f4te avec la capote ouverte, d\u00e9couvrir des villages pittoresques et profiter de vues \u00e0 couper le souffle &#8211; voil\u00e0 comment faire de Majorque une exp\u00e9rience inoubliable.<\/span><\/h4>\n<h4 data-sourcepos=\"9:1-9:183\"><span style=\"color: #808080;\">Un <strong>sentiment de vacances \u00e0 l&rsquo;\u00e9tat pur :<\/strong> une voiture d\u00e9capotable \u00e0 Colonia Sant Jordi est plus qu&rsquo;un simple moyen de locomotion. C&rsquo;est un mode de vie qui promet la libert\u00e9, l&rsquo;aventure et une ambiance de vacances insouciante.<\/span><\/h4>\n<p>[\/vc_column_text][\/vc_column][vc_column width=\u00a0\u00bb1\/2&Prime;][vc_single_image image=\u00a0\u00bb4729&Prime; img_size=\u00a0\u00bbfull\u00a0\u00bb alignment=\u00a0\u00bbcenter\u00a0\u00bb][\/vc_column][\/vc_row][vc_row][vc_column][vc_cta h2=\u00a0\u00bbLocation de cabriolet \u00e0 Colonia Sant Jordi\u00a0\u00bb css=\u00a0\u00bb\u00a0\u00bb]Situ\u00e9e sur la c\u00f4te sud de Majorque, Colonia Sant Jordi est une charmante ville c\u00f4ti\u00e8re r\u00e9put\u00e9e pour ses plages pittoresques, ses eaux cristallines et son atmosph\u00e8re d\u00e9tendue. La ville est particuli\u00e8rement appr\u00e9ci\u00e9e des vacanciers \u00e0 la recherche de vacances \u00e0 la plage calmes et relaxantes, loin de l&rsquo;agitation des grandes stations touristiques.<\/p>\n<p>Elle offre une grande vari\u00e9t\u00e9 de plages de sable, dont la c\u00e9l\u00e8bre plage d&rsquo;Es Trenc, r\u00e9put\u00e9e pour sa beaut\u00e9 intacte et ses eaux turquoise. Es Trenc est une r\u00e9serve naturelle qui offre aux visiteurs un cadre idyllique pour se d\u00e9tendre et prendre des bains de soleil.<\/p>\n<p>En dehors des plages, Colonia Sant Jordi propose une multitude d&rsquo;activit\u00e9s de loisirs, notamment des excursions en bateau vers les \u00eeles voisines de Cabrera, des sports nautiques comme la plong\u00e9e et la voile, ainsi que des sentiers pittoresques pour la randonn\u00e9e et le v\u00e9lo le long de la c\u00f4te.<\/p>\n<p>La ville elle-m\u00eame est charmante et d\u00e9contract\u00e9e, avec un choix de restaurants, caf\u00e9s et bars accueillants o\u00f9 vous pourrez d\u00e9guster des sp\u00e9cialit\u00e9s locales et des fruits de mer frais. Il y a \u00e9galement quelques magasins et boutiques d&rsquo;artisanat local et de souvenirs.<\/p>\n<p>Colonia Sant Jordi est un lieu id\u00e9al pour les voyageurs qui souhaitent passer des vacances tranquilles et relaxantes \u00e0 la plage \u00e0 Majorque, loin des sentiers touristiques bond\u00e9s.[\/vc_cta][\/vc_column][\/vc_row][vc_row][vc_column][vc_raw_html]W2VsZnNpZ2h0X2ZhcSBpZD0iMiJd[\/vc_raw_html][\/vc_column][\/vc_row][vc_row content_placement=\u00a0\u00bbmiddle\u00a0\u00bb][vc_column][vc_btn title=\u00a0\u00bbplus\u00a0\u00bb color=\u00a0\u00bbprimary\u00a0\u00bb size=\u00a0\u00bblg\u00a0\u00bb align=\u00a0\u00bbcenter\u00a0\u00bb i_icon_fontawesome=\u00a0\u00bbfas fa-question-circle\u00a0\u00bb add_icon=\u00a0\u00bbtrue\u00a0\u00bb link=\u00a0\u00bburl:https%3A%2F%2Fcabriomallorca.com%2Ffragen%2F|title:Questions|\u00a0\u00bb][\/vc_column][\/vc_row][vc_row][vc_column][vc_column_text][\/vc_column_text][\/vc_column][\/vc_row][vc_row][vc_column][vc_btn title=\u00a0\u00bbvers la r\u00e9servation d&apos;un v\u00e9hicule de location\u00a0\u00bb color=\u00a0\u00bbprimary\u00a0\u00bb size=\u00a0\u00bblg\u00a0\u00bb align=\u00a0\u00bbcenter\u00a0\u00bb link=\u00a0\u00bburl:https%3A%2F%2Fcabriomallorca.com%2Ffr%2Freservation-de-voiture-de-location%2F|title:R%C3%A9servation%20de%20voiture%20de%20location|\u00a0\u00bb][\/vc_column][\/vc_row]<\/p>\n<\/div>","protected":false},"excerpt":{"rendered":"<p>[vc_row full_width=\u00a0\u00bbstretch_row\u00a0\u00bb full_height=\u00a0\u00bbyes\u00a0\u00bb columns_placement=\u00a0\u00bbtop\u00a0\u00bb content_placement=\u00a0\u00bbtop\u00a0\u00bb parallax=\u00a0\u00bbcontent-moving\u00a0\u00bb parallax_image=\u00a0\u00bb32&Prime; parallax_speed_bg=\u00a0\u00bb1&Prime; css_animation=\u00a0\u00bbfadeInDown\u00a0\u00bb el_class=\u00a0\u00bb@media screen and (max-width:767px){ selector img{ content: url(&lsquo;https:\/\/nutri-hero.com\/wp-content\/uploads\/2024\/04\/madebynature.jpg&rsquo;) } }\u00a0\u00bb][vc_column width=\u00a0\u00bb1\/4&Prime;][\/vc_column][vc_column width=\u00a0\u00bb3\/4&Prime; offset=\u00a0\u00bbvc_hidden-xs\u00a0\u00bb][vc_message icon_fontawesome=\u00a0\u00bbfas fa-search-dollar\u00a0\u00bb css=\u00a0\u00bb\u00a0\u00bb] R\u00e9servez maintenant votre cabriolet \u00e0 Colonia Sant Jordi avec le meilleur prix &amp; service [\/vc_message][\/vc_column][\/vc_row][vc_row content_placement=\u00a0\u00bbmiddle\u00a0\u00bb][vc_column][\/vc_column][\/vc_row][vc_row][vc_column][\/vc_column][\/vc_row][vc_row][vc_column width=\u00a0\u00bb1\/3&Prime;][vc_cta h2=\u00a0\u00bb\u00a0\u00bb color=\u00a0\u00bbblue\u00a0\u00bb] Ce que disent nos clients [\/vc_cta][\/vc_column][vc_column width=\u00a0\u00bb1\/3&Prime;][vc_cta h2=\u00a0\u00bb\u00a0\u00bb color=\u00a0\u00bbsky\u00a0\u00bb css=\u00a0\u00bb\u00a0\u00bb] Livraison [&hellip;]<\/p>\n","protected":false},"author":1,"featured_media":0,"parent":0,"menu_order":0,"comment_status":"closed","ping_status":"closed","template":"","meta":{"footnotes":""},"class_list":["post-5396","page","type-page","status-publish","hentry"],"_links":{"self":[{"href":"https:\/\/cabriomallorca.com\/fr\/wp-json\/wp\/v2\/pages\/5396","targetHints":{"allow":["GET"]}}],"collection":[{"href":"https:\/\/cabriomallorca.com\/fr\/wp-json\/wp\/v2\/pages"}],"about":[{"href":"https:\/\/cabriomallorca.com\/fr\/wp-json\/wp\/v2\/types\/page"}],"author":[{"embeddable":true,"href":"https:\/\/cabriomallorca.com\/fr\/wp-json\/wp\/v2\/users\/1"}],"replies":[{"embeddable":true,"href":"https:\/\/cabriomallorca.com\/fr\/wp-json\/wp\/v2\/comments?post=5396"}],"version-history":[{"count":2,"href":"https:\/\/cabriomallorca.com\/fr\/wp-json\/wp\/v2\/pages\/5396\/revisions"}],"predecessor-version":[{"id":5400,"href":"https:\/\/cabriomallorca.com\/fr\/wp-json\/wp\/v2\/pages\/5396\/revisions\/5400"}],"wp:attachment":[{"href":"https:\/\/cabriomallorca.com\/fr\/wp-json\/wp\/v2\/media?parent=5396"}],"curies":[{"name":"wp","href":"https:\/\/api.w.org\/{rel}","templated":true}]}}