{"id":5374,"date":"2022-06-20T15:32:45","date_gmt":"2022-06-20T15:32:45","guid":{"rendered":"https:\/\/mallorca-mietwagen.com\/paiement-2\/"},"modified":"2024-05-06T08:40:16","modified_gmt":"2024-05-06T08:40:16","slug":"paiement-2","status":"publish","type":"page","link":"https:\/\/cabriomallorca.com\/fr\/paiement-2\/","title":{"rendered":"paiement"},"content":{"rendered":"<div class=\"wpb-content-wrapper\"><p>[vc_row][vc_column][vc_column_text]Une fois que vous avez fait votre r\u00e9servation de location de voiture, vous avez \u00e9t\u00e9 redirig\u00e9 de notre syst\u00e8me de r\u00e9servation vers le site web de la banque.<\/p>\n<p>Si votre carte de cr\u00e9dit a \u00e9t\u00e9 refus\u00e9e par la banque espagnole, ne vous inqui\u00e9tez pas, cela arrive souvent.<\/p>\n<p>Dans ce cas, il suffit de payer ici :[\/vc_column_text][\/vc_column][\/vc_row][vc_row][vc_column][vc_btn title=\u00a0\u00bbPayez votre location de voiture\u00a0\u00bb color=\u00a0\u00bbwarning\u00a0\u00bb size=\u00a0\u00bblg\u00a0\u00bb align=\u00a0\u00bbcenter\u00a0\u00bb i_icon_fontawesome=\u00a0\u00bbfar fa-credit-card\u00a0\u00bb add_icon=\u00a0\u00bbtrue\u00a0\u00bb link=\u00a0\u00bburl:https%3A%2F%2Fbunq.me%2Fmallorcacabrio|rel:nofollow|\u00a0\u00bb][\/vc_column][\/vc_row]<\/p>\n<\/div>","protected":false},"excerpt":{"rendered":"<p>[vc_row][vc_column][vc_column_text]Une fois que vous avez fait votre r\u00e9servation de location de voiture, vous avez \u00e9t\u00e9 redirig\u00e9 de notre syst\u00e8me de r\u00e9servation vers le site web de la banque. Si votre carte de cr\u00e9dit a \u00e9t\u00e9 refus\u00e9e par la banque espagnole, ne vous inqui\u00e9tez pas, cela arrive souvent. Dans ce cas, il suffit de payer ici [&hellip;]<\/p>\n","protected":false},"author":1,"featured_media":0,"parent":0,"menu_order":0,"comment_status":"closed","ping_status":"closed","template":"","meta":{"footnotes":""},"class_list":["post-5374","page","type-page","status-publish","hentry"],"_links":{"self":[{"href":"https:\/\/cabriomallorca.com\/fr\/wp-json\/wp\/v2\/pages\/5374","targetHints":{"allow":["GET"]}}],"collection":[{"href":"https:\/\/cabriomallorca.com\/fr\/wp-json\/wp\/v2\/pages"}],"about":[{"href":"https:\/\/cabriomallorca.com\/fr\/wp-json\/wp\/v2\/types\/page"}],"author":[{"embeddable":true,"href":"https:\/\/cabriomallorca.com\/fr\/wp-json\/wp\/v2\/users\/1"}],"replies":[{"embeddable":true,"href":"https:\/\/cabriomallorca.com\/fr\/wp-json\/wp\/v2\/comments?post=5374"}],"version-history":[{"count":1,"href":"https:\/\/cabriomallorca.com\/fr\/wp-json\/wp\/v2\/pages\/5374\/revisions"}],"predecessor-version":[{"id":5376,"href":"https:\/\/cabriomallorca.com\/fr\/wp-json\/wp\/v2\/pages\/5374\/revisions\/5376"}],"wp:attachment":[{"href":"https:\/\/cabriomallorca.com\/fr\/wp-json\/wp\/v2\/media?parent=5374"}],"curies":[{"name":"wp","href":"https:\/\/api.w.org\/{rel}","templated":true}]}}