{"id":5357,"date":"2022-06-04T11:05:33","date_gmt":"2022-06-04T11:05:33","guid":{"rendered":"https:\/\/mallorca-mietwagen.com\/paiement\/"},"modified":"2024-05-06T08:40:13","modified_gmt":"2024-05-06T08:40:13","slug":"paiement","status":"publish","type":"page","link":"https:\/\/cabriomallorca.com\/fr\/paiement\/","title":{"rendered":"Paiement"},"content":{"rendered":"<div class=\"wpb-content-wrapper\"><p>[vc_row][vc_column][vc_column_text]Une fois la r\u00e9servation de la voiture de location effectu\u00e9e, vous serez redirig\u00e9 par notre syst\u00e8me de r\u00e9servation vers le site de la banque. Vous pouvez y effectuer le paiement avec votre carte de cr\u00e9dit.<\/p>\n<p>Si votre carte de cr\u00e9dit a \u00e9t\u00e9 refus\u00e9e par la banque espagnole, ne vous inqui\u00e9tez pas, cela arrive souvent.<\/p>\n<p>Dans ce cas, il vous suffit de payer ici :<\/p>\n<p>[\/vc_column_text][\/vc_column][\/vc_row][vc_row][vc_column][vc_btn title=\u00a0\u00bbpayer par carte de cr\u00e9dit\u00a0\u00bb color=\u00a0\u00bbwarning\u00a0\u00bb size=\u00a0\u00bblg\u00a0\u00bb align=\u00a0\u00bbcenter\u00a0\u00bb i_icon_fontawesome=\u00a0\u00bbfar fa-credit-card\u00a0\u00bb add_icon=\u00a0\u00bbtrue\u00a0\u00bb link=\u00a0\u00bburl:https%3A%2F%2Fbunq.me%2Fmallorcacabrio|rel:nofollow|\u00a0\u00bb][\/vc_column][\/vc_row]<\/p>\n<\/div>","protected":false},"excerpt":{"rendered":"<p>[vc_row][vc_column][vc_column_text]Une fois la r\u00e9servation de la voiture de location effectu\u00e9e, vous serez redirig\u00e9 par notre syst\u00e8me de r\u00e9servation vers le site de la banque. Vous pouvez y effectuer le paiement avec votre carte de cr\u00e9dit. Si votre carte de cr\u00e9dit a \u00e9t\u00e9 refus\u00e9e par la banque espagnole, ne vous inqui\u00e9tez pas, cela arrive souvent. Dans [&hellip;]<\/p>\n","protected":false},"author":1,"featured_media":0,"parent":0,"menu_order":0,"comment_status":"closed","ping_status":"closed","template":"","meta":{"footnotes":""},"class_list":["post-5357","page","type-page","status-publish","hentry"],"_links":{"self":[{"href":"https:\/\/cabriomallorca.com\/fr\/wp-json\/wp\/v2\/pages\/5357","targetHints":{"allow":["GET"]}}],"collection":[{"href":"https:\/\/cabriomallorca.com\/fr\/wp-json\/wp\/v2\/pages"}],"about":[{"href":"https:\/\/cabriomallorca.com\/fr\/wp-json\/wp\/v2\/types\/page"}],"author":[{"embeddable":true,"href":"https:\/\/cabriomallorca.com\/fr\/wp-json\/wp\/v2\/users\/1"}],"replies":[{"embeddable":true,"href":"https:\/\/cabriomallorca.com\/fr\/wp-json\/wp\/v2\/comments?post=5357"}],"version-history":[{"count":2,"href":"https:\/\/cabriomallorca.com\/fr\/wp-json\/wp\/v2\/pages\/5357\/revisions"}],"predecessor-version":[{"id":5368,"href":"https:\/\/cabriomallorca.com\/fr\/wp-json\/wp\/v2\/pages\/5357\/revisions\/5368"}],"wp:attachment":[{"href":"https:\/\/cabriomallorca.com\/fr\/wp-json\/wp\/v2\/media?parent=5357"}],"curies":[{"name":"wp","href":"https:\/\/api.w.org\/{rel}","templated":true}]}}