{"id":5351,"date":"2019-02-13T22:34:47","date_gmt":"2019-02-13T22:34:47","guid":{"rendered":"https:\/\/mallorca-mietwagen.com\/conditions-de-location\/"},"modified":"2024-05-06T08:40:10","modified_gmt":"2024-05-06T08:40:10","slug":"conditions-de-location","status":"publish","type":"page","link":"https:\/\/cabriomallorca.com\/fr\/conditions-de-location\/","title":{"rendered":"Conditions de location"},"content":{"rendered":"<div class=\"wpb-content-wrapper\"><p>[vc_row][vc_column][vc_column_text css_animation=\u00a0\u00bbfadeInUp\u00a0\u00bb]<\/p>\n<p>\nF\u00fcr eine Anmietung muss\u00a0<strong>vor Ort<\/strong> eine g\u00fcltige Kreditkarte als Sicherheit vorgelegt werden. Wenn Sie NICHT im Besitz einer Kreditkarte sind, haben Sie am Flughafen Mallorca alternativ die M\u00f6glichkeit, eine B\u00fcrgschaft in H\u00f6he von 500\/800\/1200EU (je nach Fahrzeugtyp) und den Mietpreis per EC Karte zu bezahlen. Ausserdem haben Sie auch die<strong> M\u00f6glichkeit in Bar zu zahlen (Bearbeitungsgeb\u00fchr 15\u20ac)<\/strong>.\n<p>\n<strong>WICHTIG:<\/strong>\u00a0Bei uns mieten Sie das Fahrzeug g\u00fcnstiger als vor Ort. Daher ist es zwingend notwendig, den Mietwagenvoucher (Gutschein) mit dem darin enthaltenen Preis vor Ort vorzulegen. Reisen Sie ohne dieses Schreiben an, \u00fcbernehmen wir keine Haftung und erstatten in keinem Fall evtl. \u00dcberzahlungen.\n<p>\n<strong>Grunds\u00e4tzlich gelten folgende Bedingungen:<\/strong>\n\n<ol class=\"wp-block-list\">\n<li>L&rsquo;\u00e2ge minimum est g\u00e9n\u00e9ralement de 21 ans, \u00e0 moins qu&rsquo;un \u00e2ge plus \u00e9lev\u00e9 ne soit indiqu\u00e9 dans la description du v\u00e9hicule.<\/li>\n<li>Tous les <strong>kilom\u00e8tres<\/strong> parcourus sont <strong>inclus<\/strong> dans le prix de la location.<\/li>\n<li>La facturation du carburant varie en fonction de la soci\u00e9t\u00e9 de location de voitures, c&rsquo;est pourquoi vous trouverez cette information dans la section \u00ab\u00a0conditions de location d\u00e9taill\u00e9es\u00a0\u00bb de la liste des v\u00e9hicules. (passer la souris sur l&rsquo;image du v\u00e9hicule).<\/li>\n<li>L&rsquo;assurance tous risques est toujours incluse. Les d\u00e9tails seront affich\u00e9s lorsque vous calculerez le prix sur le site.<\/li>\n<li><strong>Service \u00e0 l&rsquo;a\u00e9roport : <\/strong>un(e) employ\u00e9(e) vous attend \u00e0 l&rsquo;arriv\u00e9e \u00e0 l&rsquo;a\u00e9roport de Palma de Majorque. Apr\u00e8s les formalit\u00e9s (5 minutes), vous recevrez votre v\u00e9hicule de location sur le<strong> parking VIP de l&rsquo;a\u00e9roport<\/strong>. Pas d&rsquo;attente, pas de file d&rsquo;attente, pas de recherche dans le parking.<\/li>\n<li>La dur\u00e9e minimale de location est de trois jours.<\/li>\n<li>Un num\u00e9ro de vol est absolument n\u00e9cessaire, comme indiqu\u00e9 dans la confirmation de location que vous recevez apr\u00e8s la r\u00e9servation. Sans cela, le v\u00e9hicule de location ne pourra pas \u00eatre livr\u00e9 \u00e0 l&rsquo;a\u00e9roport. Dans certains cas, sans num\u00e9ro de vol, seule une cat\u00e9gorie de v\u00e9hicule plus petite peut \u00eatre livr\u00e9e.<\/li>\n<li>Une journ\u00e9e de location a 24 heures. Cela signifie que si vous prenez le v\u00e9hicule \u00e0 10 heures, les jours comptent jusqu&rsquo;\u00e0 10 heures (plus environ 1 heure de tol\u00e9rance).<\/li>\n<li><strong>a)<\/strong> <strong>Paiement : <\/strong> il peut \u00eatre effectu\u00e9 apr\u00e8s la r\u00e9servation en ligne par carte de cr\u00e9dit ou par virement bancaire.<br\/>b) Annulation : en cas d&rsquo;annulation avec assurance annulation, le client est rembours\u00e9 \u00e0 100% de l&rsquo;acompte sous forme de bon d&rsquo;achat. L&rsquo;annulation est possible via notre <a href=\"https:\/\/www.mallorca-cabrio.com\/anfragen-mietwagen\/\">syst\u00e8me de support<\/a> jusqu&rsquo;\u00e0 72h avant l&rsquo;arriv\u00e9e. Sans assurance annulation, si le contrat n&rsquo;est pas ex\u00e9cut\u00e9, le prix de la location est d\u00fb dans son int\u00e9gralit\u00e9. L&rsquo;assurance annulation ne peut \u00eatre souscrite que directement lors de la r\u00e9servation. Un achat ult\u00e9rieur n&rsquo;est PAS possible.<\/li>\n<li>Les services suppl\u00e9mentaires : Lors de la r\u00e9servation, diff\u00e9rents services suppl\u00e9mentaires sont propos\u00e9s, comme par exemple des si\u00e8ges pour enfants, des appareils de navigation ou encore des assurances compl\u00e9mentaires. Tous les services suppl\u00e9mentaires peuvent \u00e9galement \u00eatre ajout\u00e9s ult\u00e9rieurement \u00e0 la r\u00e9servation. L&rsquo;assurance annulation est exclue. Celle-ci ne peut \u00eatre s\u00e9lectionn\u00e9e que directement lors de la r\u00e9servation, et non ult\u00e9rieurement.<\/li>\n<li>Le conducteur doit \u00eatre en possession d&rsquo;un permis de conduire valide depuis au moins un an.<\/li>\n<li>Apr\u00e8s avoir envoy\u00e9 votre r\u00e9servation, vous recevrez parfois directement la confirmation\/le bon \u00e0 imprimer. Certaines cat\u00e9gories de v\u00e9hicules doivent \u00eatre reconfirm\u00e9es aupr\u00e8s du loueur afin de garantir une livraison 100% s\u00e9curis\u00e9e sur place. Nous vous r\u00e9pondons g\u00e9n\u00e9ralement par e-mail dans les 24 heures.<\/li>\n<li>Vous trouverez toutes les informations n\u00e9cessaires \u00e0 la prise en charge de la voiture de location dans la confirmation de r\u00e9servation. Vous pouvez les imprimer une fois la r\u00e9servation termin\u00e9e.<\/li>\n<li>Si un client souhaite louer un mod\u00e8le sp\u00e9cifique dans une cat\u00e9gorie, nous nous efforcerons de mettre \u00e0 disposition le mod\u00e8le choisi. Cependant, il n&rsquo;est pas possible de le garantir. Si aucun v\u00e9hicule n&rsquo;est disponible dans la cat\u00e9gorie choisie, un v\u00e9hicule d&rsquo;une cat\u00e9gorie sup\u00e9rieure sera syst\u00e9matiquement mis \u00e0 disposition.<\/li>\n<li><strong>R\u00e9gime de carburant :<\/strong> chez nous, vous b\u00e9n\u00e9ficiez du r\u00e9gime de carburant <strong>le plus favorable au client<\/strong>. Le v\u00e9hicule est livr\u00e9 avec le plein de carburant et restitu\u00e9 dans le m\u00eame \u00e9tat.  <\/li>\n<li><strong>Frais de service sur place : <\/strong>La plupart des soci\u00e9t\u00e9s de location de voitures \u00e0 Majorque pr\u00e9l\u00e8vent des \u00ab\u00a0frais de service\u00a0\u00bb sur place en plus du prix de la location. Elle varie de 15\u20ac \u00e0 50\u20ac. <strong>Chez nous, ces frais n&rsquo;existent pas.<\/strong> Vous ne payez que ce qui est indiqu\u00e9 sur votre contrat de location,<strong> pas de \u00ab\u00a0frais de service\u00a0\u00bb<\/strong> en plus.<\/li>\n<li>Service client : Si vous rencontrez des difficult\u00e9s sur place, nous serons heureux de vous aider \u00e0 r\u00e9gler votre location de voiture sur pr\u00e9sentation du contrat de location. Toute prise en charge de la responsabilit\u00e9 du loueur de voitures local et\/ou de l&rsquo;assureur est toutefois exclue.<br\/><strong>Bons d&rsquo;achat, remises, ventes aux ench\u00e8res<\/strong> Si vous \u00eates en possession d&rsquo;une r\u00e9duction r\u00e9sultant d&rsquo;une action sp\u00e9ciale de notre part, vous pouvez l&rsquo;utiliser chez nous. Par location, max. un doctorat est applicable. Tout recours juridique est exclu.<\/li>\n<\/ol>\n<p><\/p><\/p>\n<p>[\/vc_column_text][\/vc_column][\/vc_row]<\/p>\n<\/div>","protected":false},"excerpt":{"rendered":"<p>[vc_row][vc_column][vc_column_text css_animation=\u00a0\u00bbfadeInUp\u00a0\u00bb] F\u00fcr eine Anmietung muss\u00a0vor Ort eine g\u00fcltige Kreditkarte als Sicherheit vorgelegt werden. Wenn Sie NICHT im Besitz einer Kreditkarte sind, haben Sie am Flughafen Mallorca alternativ die M\u00f6glichkeit, eine B\u00fcrgschaft in H\u00f6he von 500\/800\/1200EU (je nach Fahrzeugtyp) und den Mietpreis per EC Karte zu bezahlen. Ausserdem haben Sie auch die M\u00f6glichkeit in Bar [&hellip;]<\/p>\n","protected":false},"author":1,"featured_media":0,"parent":0,"menu_order":0,"comment_status":"closed","ping_status":"closed","template":"","meta":{"footnotes":""},"class_list":["post-5351","page","type-page","status-publish","hentry"],"_links":{"self":[{"href":"https:\/\/cabriomallorca.com\/fr\/wp-json\/wp\/v2\/pages\/5351","targetHints":{"allow":["GET"]}}],"collection":[{"href":"https:\/\/cabriomallorca.com\/fr\/wp-json\/wp\/v2\/pages"}],"about":[{"href":"https:\/\/cabriomallorca.com\/fr\/wp-json\/wp\/v2\/types\/page"}],"author":[{"embeddable":true,"href":"https:\/\/cabriomallorca.com\/fr\/wp-json\/wp\/v2\/users\/1"}],"replies":[{"embeddable":true,"href":"https:\/\/cabriomallorca.com\/fr\/wp-json\/wp\/v2\/comments?post=5351"}],"version-history":[{"count":1,"href":"https:\/\/cabriomallorca.com\/fr\/wp-json\/wp\/v2\/pages\/5351\/revisions"}],"predecessor-version":[{"id":5354,"href":"https:\/\/cabriomallorca.com\/fr\/wp-json\/wp\/v2\/pages\/5351\/revisions\/5354"}],"wp:attachment":[{"href":"https:\/\/cabriomallorca.com\/fr\/wp-json\/wp\/v2\/media?parent=5351"}],"curies":[{"name":"wp","href":"https:\/\/api.w.org\/{rel}","templated":true}]}}