{"id":5341,"date":"2020-04-19T18:12:24","date_gmt":"2020-04-19T18:12:24","guid":{"rendered":"https:\/\/mallorca-mietwagen.com\/conditions\/"},"modified":"2024-05-06T08:40:08","modified_gmt":"2024-05-06T08:40:08","slug":"conditions","status":"publish","type":"page","link":"https:\/\/cabriomallorca.com\/fr\/conditions\/","title":{"rendered":"Conditions"},"content":{"rendered":"<div class=\"wpb-content-wrapper\"><p>[vc_row][vc_column][vc_column_text css_animation=\u00a0\u00bbfadeInUp\u00a0\u00bb]<\/p>\n<p>\nFor a rental, a valid credit card must be presented as security <strong>on site.<\/strong> Alternatively, if you do NOT have a credit card, you have the option of paying a guarantee of 500\/800\/1200EU (depending on the type of vehicle) and the rental price by EC card at Mallorca Airport. This option is indicated in the vehicle description. In addition, you also have the<strong> possibility to pay in cash.<\/strong>\n<p>\n<strong>IMPORTANT:<\/strong> With us you rent the vehicle cheaper than on site. Therefore, it is imperative to present the car rental voucher (voucher) with the price it contains on site. If you arrive without this letter, we will not be liable and will not refund any overpayments.\n<p>\n<strong>In principle, the following conditions apply:<\/strong>\n<p>&nbsp;<\/p>\n\n<ol class=\"wp-block-list\">\n<li>L&rsquo;\u00e2ge minimum est g\u00e9n\u00e9ralement de 21 ans, l&rsquo;\u00e2ge indiqu\u00e9 dans la description du v\u00e9hicule est un \u00e2ge plus \u00e9lev\u00e9.<\/li>\n<li>Tous les kilom\u00e8tres parcourus <strong>sont<\/strong> <strong>inclus<\/strong>dans le prix de location.<\/li>\n<li>Le prix du carburant varie en fonction de la compagnie de location de voitures, vous trouverez donc cette information sous \u00ab\u00a0conditions d\u00e9taill\u00e9es de location\u00a0\u00bb dans la liste des v\u00e9hicules. (d\u00e9placez la souris sur l&rsquo;image du v\u00e9hicule).<\/li>\n<li>L&rsquo;assurance compl\u00e8te est toujours incluse. Les d\u00e9tails seront affich\u00e9s sur le site web lors du calcul du prix.<\/li>\n<li><strong>Service \u00e0 l&rsquo;a\u00e9roport :<\/strong> un membre du personnel vous attend \u00e0 l&rsquo;arriv\u00e9e \u00e0 l&rsquo;a\u00e9roport de Palma de Majorque. Apr\u00e8s les formalit\u00e9s (5 minutes), r\u00e9cup\u00e9rez votre v\u00e9hicule de location dans le<strong> parking VIP de l&rsquo;a\u00e9roport.<\/strong> Pas de temps d&rsquo;attente, pas de file d&rsquo;attente, pas de recherche dans le parking.<\/li>\n<li>La p\u00e9riode de location minimale est de trois jours.<\/li>\n<li>Une journ\u00e9e de location a 24 heures. i.e. si vous prenez le v\u00e9hicule \u00e0 10 h, les jours comptent jusqu&rsquo;\u00e0 10 h. (plus environ 1 heure de temps de travail).<\/li>\n<li><strong>a)<\/strong> <strong>Paiement :<\/strong> Il peut \u00eatre organis\u00e9 apr\u00e8s la r\u00e9servation en ligne par carte de cr\u00e9dit ou virement bancaire.<br\/><strong>b)<\/strong> <strong>Annulation :<\/strong> Si vous avez besoin d&rsquo;annuler le v\u00e9hicule,<b>\n  <b>le s<\/b>\n<\/b> est possible jusqu&rsquo;\u00e0 48 heures avant l&rsquo;arriv\u00e9e, si vous compl\u00e9tez l&rsquo;assurance annulation propos\u00e9e. Si vous ne reprenez pas votre v\u00e9hicule sans annulation, 100 du prix de la location vous seront factur\u00e9s.<\/li>\n<li>Services suppl\u00e9mentaires : Divers services suppl\u00e9mentaires sont propos\u00e9s au moment de la r\u00e9servation, tels que des si\u00e8ges pour enfants, des \u00e9quipements de navigation ou une assurance compl\u00e9mentaire. Tous les services suppl\u00e9mentaires peuvent \u00e9galement \u00eatre ajout\u00e9s apr\u00e8s la r\u00e9servation. L&rsquo;assurance annulation est exclue. Cette option ne peut \u00eatre s\u00e9lectionn\u00e9e que directement au moment de la r\u00e9servation, et non ult\u00e9rieurement.<\/li>\n<li>Le conducteur doit avoir \u00e9t\u00e9 en possession d&rsquo;un permis de conduire valide depuis au moins un an.<\/li>\n<li>Apr\u00e8s avoir soumis votre r\u00e9servation, vous recevrez une partie de la confirmation\/du bon d&rsquo;\u00e9change pour l&rsquo;impression. Certaines cat\u00e9gories de v\u00e9hicules doivent \u00eatre confirm\u00e9es par le propri\u00e9taire afin d&rsquo;assurer 100 livraisons s\u00fbres sur le site. Cela se fait g\u00e9n\u00e9ralement dans les 24 heures par e-mail.<\/li>\n<li>Toutes les informations dont vous avez besoin pour prendre en charge la voiture de location se trouvent dans la confirmation de r\u00e9servation. Vous pouvez les imprimer une fois la transaction termin\u00e9e.<\/li>\n<li>Si un client souhaite louer un mod\u00e8le sp\u00e9cifique dans une cat\u00e9gorie, nous essaierons de lui fournir le mod\u00e8le s\u00e9lectionn\u00e9. Toutefois, une garantie n&rsquo;est pas possible. S&rsquo;il n&rsquo;y a pas de v\u00e9hicule disponible dans la cat\u00e9gorie s\u00e9lectionn\u00e9e, un v\u00e9hicule d&rsquo;une cat\u00e9gorie sup\u00e9rieure sera en principe fourni.<\/li>\n<li><strong>Contr\u00f4le des r\u00e9servoirs :<\/strong> avec nous, vous disposez du contr\u00f4le des r\u00e9servoirs <strong>le plus convivial<\/strong>. Le v\u00e9hicule est livr\u00e9 avec un r\u00e9servoir plein et retourn\u00e9 de la m\u00eame mani\u00e8re. Veuillez prendre note des conditions de votre compagnie de location de voiture locale.<\/li>\n<li><strong>Frais de service sur place :<\/strong> la plupart des compagnies de location de voitures \u00e0 Majorque collectent une \u00ab\u00a0taxe de service\u00a0\u00bb en plus du prix de location. Cela varie de 15\u20ac \u00e0 50\u20ac. <strong>Nous n&rsquo;avons pas ce genre de frais.<\/strong> Vous ne payez que ce qui est indiqu\u00e9 sur votre contrat de location,<strong> pas de \u00ab\u00a0frais de service\u00a0\u00bb suppl\u00e9mentaires.<\/strong><\/li>\n<li>Service client:Si vous avez rencontr\u00e9 des difficult\u00e9s sur le site, nous serons heureux de vous aider \u00e0 r\u00e9guler avec votre compagnie de location de voitures apr\u00e8s la pr\u00e9sentation du contrat de location. Toutefois, la responsabilit\u00e9 de la soci\u00e9t\u00e9 locale de location de voitures et\/ou de l&rsquo;assureur est exclue.<br\/><strong>Vouchers, r\u00e9ductions, ventes aux ench\u00e8res<\/strong> Si vous \u00eates en possession d&rsquo;une r\u00e9duction provenant d&rsquo;une promotion sp\u00e9ciale de notre part, vous pouvez la remettre avec nous. Par location est max. une promotion est applicable. Tout recours juridique est exclu.<\/li>\n<\/ol>\n<p><\/p><\/p>\n<p>[\/vc_column_text][\/vc_column][\/vc_row]<\/p>\n<\/div>","protected":false},"excerpt":{"rendered":"<p>[vc_row][vc_column][vc_column_text css_animation=\u00a0\u00bbfadeInUp\u00a0\u00bb] For a rental, a valid credit card must be presented as security on site. Alternatively, if you do NOT have a credit card, you have the option of paying a guarantee of 500\/800\/1200EU (depending on the type of vehicle) and the rental price by EC card at Mallorca Airport. This option is indicated [&hellip;]<\/p>\n","protected":false},"author":1,"featured_media":0,"parent":0,"menu_order":0,"comment_status":"closed","ping_status":"closed","template":"","meta":{"footnotes":""},"class_list":["post-5341","page","type-page","status-publish","hentry"],"_links":{"self":[{"href":"https:\/\/cabriomallorca.com\/fr\/wp-json\/wp\/v2\/pages\/5341","targetHints":{"allow":["GET"]}}],"collection":[{"href":"https:\/\/cabriomallorca.com\/fr\/wp-json\/wp\/v2\/pages"}],"about":[{"href":"https:\/\/cabriomallorca.com\/fr\/wp-json\/wp\/v2\/types\/page"}],"author":[{"embeddable":true,"href":"https:\/\/cabriomallorca.com\/fr\/wp-json\/wp\/v2\/users\/1"}],"replies":[{"embeddable":true,"href":"https:\/\/cabriomallorca.com\/fr\/wp-json\/wp\/v2\/comments?post=5341"}],"version-history":[{"count":1,"href":"https:\/\/cabriomallorca.com\/fr\/wp-json\/wp\/v2\/pages\/5341\/revisions"}],"predecessor-version":[{"id":5350,"href":"https:\/\/cabriomallorca.com\/fr\/wp-json\/wp\/v2\/pages\/5341\/revisions\/5350"}],"wp:attachment":[{"href":"https:\/\/cabriomallorca.com\/fr\/wp-json\/wp\/v2\/media?parent=5341"}],"curies":[{"name":"wp","href":"https:\/\/api.w.org\/{rel}","templated":true}]}}