{"id":5338,"date":"2022-03-22T21:25:16","date_gmt":"2022-03-22T21:25:16","guid":{"rendered":"https:\/\/mallorca-mietwagen.com\/demande-de-location-de-voiture\/"},"modified":"2024-05-06T08:40:08","modified_gmt":"2024-05-06T08:40:08","slug":"demande-de-location-de-voiture","status":"publish","type":"page","link":"https:\/\/cabriomallorca.com\/fr\/demande-de-location-de-voiture\/","title":{"rendered":"Demande de location de voiture"},"content":{"rendered":"<div class=\"wpb-content-wrapper\"><p>[vc_row][vc_column][\/vc_column][\/vc_row][vc_row][vc_column][vc_raw_html]PGNlbnRlcj48cD48c2NyaXB0IHNyYz0iaHR0cHM6Ly9hcHAuYW1pbm9zLmFpL2pzL2NoYXRfZm9ybV9wbHVnaW4uanMiIGRhdGEtYm90LWlkPSIxNjUyMiI+PC9zY3JpcHQ+PC9wPgo8ZGl2IGlkPSJjaGF0X2Zvcm0iPjwvY2VudGVyPgo8L2JyPgo8L2Rpdj48L2NlbnRlcj4=[\/vc_raw_html][vc_separator][vc_column_text css=\u00a0\u00bb.vc_custom_1710524650044{background-color: #ffffff !important;border-radius: 3px !important;}\u00a0\u00bb]<\/p>\n<h3><\/h3>\n<h4 style=\"text-align: center;\"><span style=\"color: #6666ff;\">Vous n&rsquo;avez pas re\u00e7u la r\u00e9ponse que vous souhaitiez ? Pas de probl\u00e8me, nous nous tenons personnellement \u00e0 votre disposition :<\/span><\/h4>\n<p>[\/vc_column_text][\/vc_column][\/vc_row][vc_row equal_height=\u00a0\u00bbyes\u00a0\u00bb][vc_column width=\u00a0\u00bb1\/2&Prime;][vc_single_image image=\u00a0\u00bb4632&Prime; img_size=\u00a0\u00bb254&#215;143&Prime; alignment=\u00a0\u00bbright\u00a0\u00bb onclick=\u00a0\u00bbcustom_link\u00a0\u00bb img_link_target=\u00a0\u00bb_blank\u00a0\u00bb css_animation=\u00a0\u00bbbounceInLeft\u00a0\u00bb link=\u00a0\u00bbhttps:\/\/wa.me\/34634346699&Prime;][\/vc_column][vc_column width=\u00a0\u00bb1\/2&Prime;][vc_single_image image=\u00a0\u00bb4633&Prime; img_size=\u00a0\u00bb254&#215;143&Prime; onclick=\u00a0\u00bbcustom_link\u00a0\u00bb img_link_target=\u00a0\u00bb_blank\u00a0\u00bb css_animation=\u00a0\u00bbbounceInRight\u00a0\u00bb link=\u00a0\u00bbmailto:reservas@cabriomallorca.com\u00a0\u00bb css=\u00a0\u00bb.vc_custom_1713082278451{background-position: center !important;background-repeat: no-repeat !important;background-size: cover !important;}\u00a0\u00bb][\/vc_column][\/vc_row]<\/p>\n<\/div>","protected":false},"excerpt":{"rendered":"<p>[vc_row][vc_column][\/vc_column][\/vc_row][vc_row][vc_column][vc_raw_html]PGNlbnRlcj48cD48c2NyaXB0IHNyYz0iaHR0cHM6Ly9hcHAuYW1pbm9zLmFpL2pzL2NoYXRfZm9ybV9wbHVnaW4uanMiIGRhdGEtYm90LWlkPSIxNjUyMiI+PC9zY3JpcHQ+PC9wPgo8ZGl2IGlkPSJjaGF0X2Zvcm0iPjwvY2VudGVyPgo8L2JyPgo8L2Rpdj48L2NlbnRlcj4=[\/vc_raw_html][vc_separator][vc_column_text css=\u00a0\u00bb.vc_custom_1710524650044{background-color: #ffffff !important;border-radius: 3px !important;}\u00a0\u00bb] Vous n&rsquo;avez pas re\u00e7u la r\u00e9ponse que vous souhaitiez ? Pas de probl\u00e8me, nous nous tenons personnellement \u00e0 votre disposition : [\/vc_column_text][\/vc_column][\/vc_row][vc_row equal_height=\u00a0\u00bbyes\u00a0\u00bb][vc_column width=\u00a0\u00bb1\/2&Prime;][vc_single_image image=\u00a0\u00bb4632&Prime; img_size=\u00a0\u00bb254&#215;143&Prime; alignment=\u00a0\u00bbright\u00a0\u00bb onclick=\u00a0\u00bbcustom_link\u00a0\u00bb img_link_target=\u00a0\u00bb_blank\u00a0\u00bb css_animation=\u00a0\u00bbbounceInLeft\u00a0\u00bb link=\u00a0\u00bbhttps:\/\/wa.me\/34634346699&Prime;][\/vc_column][vc_column width=\u00a0\u00bb1\/2&Prime;][vc_single_image image=\u00a0\u00bb4633&Prime; img_size=\u00a0\u00bb254&#215;143&Prime; onclick=\u00a0\u00bbcustom_link\u00a0\u00bb img_link_target=\u00a0\u00bb_blank\u00a0\u00bb css_animation=\u00a0\u00bbbounceInRight\u00a0\u00bb link=\u00a0\u00bbmailto:reservas@cabriomallorca.com\u00a0\u00bb css=\u00a0\u00bb.vc_custom_1713082278451{background-position: center !important;background-repeat: no-repeat !important;background-size: cover !important;}\u00a0\u00bb][\/vc_column][\/vc_row]<\/p>\n","protected":false},"author":1,"featured_media":0,"parent":0,"menu_order":0,"comment_status":"closed","ping_status":"closed","template":"","meta":{"footnotes":""},"class_list":["post-5338","page","type-page","status-publish","hentry"],"_links":{"self":[{"href":"https:\/\/cabriomallorca.com\/fr\/wp-json\/wp\/v2\/pages\/5338","targetHints":{"allow":["GET"]}}],"collection":[{"href":"https:\/\/cabriomallorca.com\/fr\/wp-json\/wp\/v2\/pages"}],"about":[{"href":"https:\/\/cabriomallorca.com\/fr\/wp-json\/wp\/v2\/types\/page"}],"author":[{"embeddable":true,"href":"https:\/\/cabriomallorca.com\/fr\/wp-json\/wp\/v2\/users\/1"}],"replies":[{"embeddable":true,"href":"https:\/\/cabriomallorca.com\/fr\/wp-json\/wp\/v2\/comments?post=5338"}],"version-history":[{"count":2,"href":"https:\/\/cabriomallorca.com\/fr\/wp-json\/wp\/v2\/pages\/5338\/revisions"}],"predecessor-version":[{"id":5349,"href":"https:\/\/cabriomallorca.com\/fr\/wp-json\/wp\/v2\/pages\/5338\/revisions\/5349"}],"wp:attachment":[{"href":"https:\/\/cabriomallorca.com\/fr\/wp-json\/wp\/v2\/media?parent=5338"}],"curies":[{"name":"wp","href":"https:\/\/api.w.org\/{rel}","templated":true}]}}