{"id":5327,"date":"2019-11-12T15:18:07","date_gmt":"2019-11-12T15:18:07","guid":{"rendered":"https:\/\/mallorca-mietwagen.com\/agences-de-voyage\/"},"modified":"2024-05-06T08:40:04","modified_gmt":"2024-05-06T08:40:04","slug":"agences-de-voyage","status":"publish","type":"page","link":"https:\/\/cabriomallorca.com\/fr\/agences-de-voyage\/","title":{"rendered":"Agences de voyage"},"content":{"rendered":"<div class=\"wpb-content-wrapper\"><p>[vc_row equal_height=\u00a0\u00bbyes\u00a0\u00bb content_placement=\u00a0\u00bbmiddle\u00a0\u00bb][vc_column width=\u00a0\u00bb3\/5&Prime; css=\u00a0\u00bb.vc_custom_1573574148890{border-radius: 10px !important;}\u00a0\u00bb offset=\u00a0\u00bbvc_col-lg-offset-2&Prime;][vc_tta_tabs active_section=\u00a0\u00bb1&Prime; css_animation=\u00a0\u00bbnone\u00a0\u00bb][vc_tta_section title=\u00a0\u00bbPartenaires affili\u00e9s\u00a0\u00bb tab_id=\u00a0\u00bb1579717562272-3ae93857-ac0e\u00a0\u00bb][vc_column_text]<\/p>\n<p><center>S&rsquo;inscrire, recommander et encaisser.<\/center>[\/vc_column_text][\/vc_tta_section][vc_tta_section i_icon_fontawesome=\u00a0\u00bbfar fa-question-circle\u00a0\u00bb add_icon=\u00a0\u00bbtrue\u00a0\u00bb title=\u00a0\u00bben savoir plus\u00a0\u00bb tab_id=\u00a0\u00bb1579717562272-084c8c87-16da\u00a0\u00bb][vc_column_text]Comment fonctionne un lien d&rsquo;affiliation<br \/>\nLe programme d&rsquo;affiliation \u00ab\u00a0Mallorca-Cabrio.com\u00a0\u00bb permet de s&rsquo;inscrire gratuitement et de cr\u00e9er ainsi un compte d&rsquo;utilisateur.<br \/>\nUne fois cela fait, vous pouvez g\u00e9n\u00e9rer des liens pour certains produits de votre choix.<br \/>\net int\u00e9grer ces liens sur votre propre site. Par exemple, si l&rsquo;affili\u00e9 g\u00e8re une agence de voyage ou un site web sur Majorque ou sur la location de voitures, il peut y placer le lien sous un message.<br \/>\nLa commission est fix\u00e9e et communiqu\u00e9e au partenaire. Si un client clique sur le lien, \u00ab\u00a0Mallorca-Cabrio.com\u00a0\u00bb peut l&rsquo;enregistrer automatiquement \u00e0 l&rsquo;aide de ce que l&rsquo;on appelle des cookies.<br \/>\nSi le client conclut \u00e9galement une r\u00e9servation de voiture de location (m\u00eame si cela se produit plusieurs jours plus tard), l&rsquo;agence de voyages\/l&rsquo;exploitant du site web re\u00e7oit sa commission.<br \/>\nEn tant que partenaire, il n&rsquo;est gu\u00e8re n\u00e9cessaire d&rsquo;intervenir soi-m\u00eame. Bien s\u00fbr, son site ou son blog doit \u00eatre bien construit et avoir un contenu int\u00e9ressant, mais il n&rsquo;est pas oblig\u00e9 d&rsquo;acheter des produits ou de proposer un service particulier.<br \/>\nIl est relativement simple d&rsquo;int\u00e9grer les liens dans son propre site web. Nous nous ferons un plaisir de vous conseiller et de vous aider.[\/vc_column_text][\/vc_tta_section][\/vc_tta_tabs][vc_wp_text][affiliate_area][\/vc_wp_text][\/vc_column][vc_column][\/vc_column][vc_column][\/vc_column][vc_column][\/vc_column][\/vc_row]<\/p>\n<\/div>","protected":false},"excerpt":{"rendered":"<p>[vc_row equal_height=\u00a0\u00bbyes\u00a0\u00bb content_placement=\u00a0\u00bbmiddle\u00a0\u00bb][vc_column width=\u00a0\u00bb3\/5&Prime; css=\u00a0\u00bb.vc_custom_1573574148890{border-radius: 10px !important;}\u00a0\u00bb offset=\u00a0\u00bbvc_col-lg-offset-2&Prime;][vc_tta_tabs active_section=\u00a0\u00bb1&Prime; css_animation=\u00a0\u00bbnone\u00a0\u00bb][vc_tta_section title=\u00a0\u00bbPartenaires affili\u00e9s\u00a0\u00bb tab_id=\u00a0\u00bb1579717562272-3ae93857-ac0e\u00a0\u00bb][vc_column_text] S&rsquo;inscrire, recommander et encaisser.[\/vc_column_text][\/vc_tta_section][vc_tta_section i_icon_fontawesome=\u00a0\u00bbfar fa-question-circle\u00a0\u00bb add_icon=\u00a0\u00bbtrue\u00a0\u00bb title=\u00a0\u00bben savoir plus\u00a0\u00bb tab_id=\u00a0\u00bb1579717562272-084c8c87-16da\u00a0\u00bb][vc_column_text]Comment fonctionne un lien d&rsquo;affiliation Le programme d&rsquo;affiliation \u00ab\u00a0Mallorca-Cabrio.com\u00a0\u00bb permet de s&rsquo;inscrire gratuitement et de cr\u00e9er ainsi un compte d&rsquo;utilisateur. Une fois cela fait, vous pouvez g\u00e9n\u00e9rer des liens pour certains produits [&hellip;]<\/p>\n","protected":false},"author":1,"featured_media":0,"parent":0,"menu_order":0,"comment_status":"closed","ping_status":"closed","template":"","meta":{"footnotes":""},"class_list":["post-5327","page","type-page","status-publish","hentry"],"_links":{"self":[{"href":"https:\/\/cabriomallorca.com\/fr\/wp-json\/wp\/v2\/pages\/5327","targetHints":{"allow":["GET"]}}],"collection":[{"href":"https:\/\/cabriomallorca.com\/fr\/wp-json\/wp\/v2\/pages"}],"about":[{"href":"https:\/\/cabriomallorca.com\/fr\/wp-json\/wp\/v2\/types\/page"}],"author":[{"embeddable":true,"href":"https:\/\/cabriomallorca.com\/fr\/wp-json\/wp\/v2\/users\/1"}],"replies":[{"embeddable":true,"href":"https:\/\/cabriomallorca.com\/fr\/wp-json\/wp\/v2\/comments?post=5327"}],"version-history":[{"count":2,"href":"https:\/\/cabriomallorca.com\/fr\/wp-json\/wp\/v2\/pages\/5327\/revisions"}],"predecessor-version":[{"id":5331,"href":"https:\/\/cabriomallorca.com\/fr\/wp-json\/wp\/v2\/pages\/5327\/revisions\/5331"}],"wp:attachment":[{"href":"https:\/\/cabriomallorca.com\/fr\/wp-json\/wp\/v2\/media?parent=5327"}],"curies":[{"name":"wp","href":"https:\/\/api.w.org\/{rel}","templated":true}]}}