{"id":5312,"date":"2024-03-14T12:31:21","date_gmt":"2024-03-14T11:31:21","guid":{"rendered":"https:\/\/mallorca-mietwagen.com\/accueil\/"},"modified":"2026-05-07T13:14:27","modified_gmt":"2026-05-07T11:14:27","slug":"accueil","status":"publish","type":"page","link":"https:\/\/cabriomallorca.com\/fr\/","title":{"rendered":"Accueil"},"content":{"rendered":"<div class=\"wpb-content-wrapper\"><p>[vc_row full_width=\u00a0\u00bbstretch_row\u00a0\u00bb full_height=\u00a0\u00bbyes\u00a0\u00bb columns_placement=\u00a0\u00bbtop\u00a0\u00bb content_placement=\u00a0\u00bbtop\u00a0\u00bb parallax=\u00a0\u00bbcontent-moving\u00a0\u00bb parallax_image=\u00a0\u00bb4855&Prime; parallax_speed_bg=\u00a0\u00bb1&Prime; css_animation=\u00a0\u00bbfadeInDown\u00a0\u00bb el_class=\u00a0\u00bb@media screen and (max-width:767px){ selector img{ content: url(&lsquo;https:\/\/nutri-hero.com\/wp-content\/uploads\/2024\/04\/madebynature.jpg&rsquo;) } }\u00a0\u00bb][vc_column width=\u00a0\u00bb3\/4&Prime; offset=\u00a0\u00bbvc_hidden-xs\u00a0\u00bb][vc_empty_space height=\u00a0\u00bb150&Prime;][vc_btn title=\u00a0\u00bbSTART BOOKING\u00a0\u00bb color=\u00a0\u00bbdanger\u00a0\u00bb size=\u00a0\u00bblg\u00a0\u00bb align=\u00a0\u00bbcenter\u00a0\u00bb i_align=\u00a0\u00bbright\u00a0\u00bb i_icon_fontawesome=\u00a0\u00bbfa fa-solid fa-circle-arrow-right\u00a0\u00bb css_animation=\u00a0\u00bbbounceIn\u00a0\u00bb css=\u00a0\u00bb\u00a0\u00bb add_icon=\u00a0\u00bbtrue\u00a0\u00bb link=\u00a0\u00bburl:https%3A%2F%2Fcabriomallorca.de%2F%3Flang%3Den\u00a0\u00bb][\/vc_column][\/vc_row][vc_row content_placement=\u00a0\u00bbmiddle\u00a0\u00bb][vc_column][\/vc_column][\/vc_row][vc_row][vc_column]<div id=\"cars-slider176414\"><div class=\"car-rental-slider car-rental-loading\">\r\n\t        <div class=\"responsive-cars-slider\">\r\n\t\t\t                <div>\r\n\t\t\t\t\t<div class=\"car-rental-item-image\"><a href=\"https:\/\/cabriomallorca.com\/fr\/mietwagen\/land-rover-freelander-sport-cabrio\/\" title=\"Voir la voiture\"><img data-lazy=\"https:\/\/cabriomallorca.com\/wp-content\/uploads\/CarRentalGallery\/thumb_freelander.jpg\" title=\"Land Rover Freelander Sport Cabrio\" alt=\"Land Rover Freelander Sport Cabrio\"><\/a><\/div><div class=\"car-rental-item-details\"><div class=\"car-rental-slider-bodytype-title\">SUV Cabrio<\/div><div class=\"car-rental-item-title underline full-width\"><a class=\"primary_color\" href=\"https:\/\/cabriomallorca.com\/fr\/mietwagen\/land-rover-freelander-sport-cabrio\/\" title=\"Voir la voiture\">Land Rover Freelander Sport Cabrio<\/a><\/div><div class=\"car-rental-item-prefix primary_color\">jour De<\/div><div class=\"car-rental-item-price primary_color\">55&euro;<\/div><\/div>                <\/div>\r\n\t\t\t                <div>\r\n\t\t\t\t\t<div class=\"car-rental-item-image\"><a href=\"https:\/\/cabriomallorca.com\/fr\/mietwagen\/audi-a3-cabrio\/\" title=\"Voir la voiture\"><img data-lazy=\"https:\/\/cabriomallorca.com\/wp-content\/uploads\/CarRentalGallery\/thumb_A3neu.png\" title=\"Audi A3 Cabrio o.\u00e4.\" alt=\"Audi A3 Cabrio o.\u00e4.\"><\/a><\/div><div class=\"car-rental-item-details\"><div class=\"car-rental-slider-bodytype-title\">Cabrio<\/div><div class=\"car-rental-item-title underline full-width\"><a class=\"primary_color\" href=\"https:\/\/cabriomallorca.com\/fr\/mietwagen\/audi-a3-cabrio\/\" title=\"Voir la voiture\">Audi A3 Cabrio o.\u00e4.<\/a><\/div><div class=\"car-rental-item-prefix primary_color\">jour De<\/div><div class=\"car-rental-item-price primary_color\">60&euro;<\/div><\/div>                <\/div>\r\n\t\t\t                <div>\r\n\t\t\t\t\t<div class=\"car-rental-item-image\"><a href=\"https:\/\/cabriomallorca.com\/fr\/mietwagen\/opel-cascada-cabrio\/\" title=\"Voir la voiture\"><img data-lazy=\"https:\/\/cabriomallorca.com\/wp-content\/uploads\/CarRentalGallery\/thumb_cascada.png\" title=\"Opel Cascada o.\u00e4.\" alt=\"Opel Cascada o.\u00e4.\"><\/a><\/div><div class=\"car-rental-item-details\"><div class=\"car-rental-slider-bodytype-title\">Cabrio<\/div><div class=\"car-rental-item-title underline full-width\"><a class=\"primary_color\" href=\"https:\/\/cabriomallorca.com\/fr\/mietwagen\/opel-cascada-cabrio\/\" title=\"Voir la voiture\">Opel Cascada o.\u00e4.<\/a><\/div><div class=\"car-rental-item-prefix primary_color\">jour De<\/div><div class=\"car-rental-item-price primary_color\">60&euro;<\/div><\/div>                <\/div>\r\n\t\t\t                <div>\r\n\t\t\t\t\t<div class=\"car-rental-item-image\"><a href=\"https:\/\/cabriomallorca.com\/fr\/mietwagen\/audi-a3-autom\/\" title=\"Voir la voiture\"><img data-lazy=\"https:\/\/cabriomallorca.com\/wp-content\/uploads\/CarRentalGallery\/thumb_1711617316_A3cabrio.jpg\" title=\"Audi A3 Cabrio autom. o.\u00e4.\" alt=\"Audi A3 Cabrio autom. o.\u00e4.\"><\/a><\/div><div class=\"car-rental-item-details\"><div class=\"car-rental-slider-bodytype-title\">Cabrio<\/div><div class=\"car-rental-item-title underline full-width\"><a class=\"primary_color\" href=\"https:\/\/cabriomallorca.com\/fr\/mietwagen\/audi-a3-autom\/\" title=\"Voir la voiture\">Audi A3 Cabrio autom. o.\u00e4.<\/a><\/div><div class=\"car-rental-item-prefix primary_color\">jour De<\/div><div class=\"car-rental-item-price primary_color\">68&euro;<\/div><\/div>                <\/div>\r\n\t\t\t                <div>\r\n\t\t\t\t\t<div class=\"car-rental-item-image\"><a href=\"https:\/\/cabriomallorca.com\/fr\/mietwagen\/mini-cooper-cabrio\/\" title=\"Voir la voiture\"><img data-lazy=\"https:\/\/cabriomallorca.com\/wp-content\/uploads\/CarRentalGallery\/thumb_minicabrio.png\" title=\"Mini Cooper Cabrio\" alt=\"Mini Cooper Cabrio\"><\/a><\/div><div class=\"car-rental-item-details\"><div class=\"car-rental-slider-bodytype-title\">Cabrio<\/div><div class=\"car-rental-item-title underline full-width\"><a class=\"primary_color\" href=\"https:\/\/cabriomallorca.com\/fr\/mietwagen\/mini-cooper-cabrio\/\" title=\"Voir la voiture\">Mini Cooper Cabrio<\/a><\/div><div class=\"car-rental-item-prefix primary_color\">jour De<\/div><div class=\"car-rental-item-price primary_color\">68&euro;<\/div><\/div>                <\/div>\r\n\t\t\t                <div>\r\n\t\t\t\t\t<div class=\"car-rental-item-image\"><a href=\"https:\/\/cabriomallorca.com\/fr\/mietwagen\/audi-a5-cabrio\/\" title=\"Voir la voiture\"><img data-lazy=\"https:\/\/cabriomallorca.com\/wp-content\/uploads\/CarRentalGallery\/thumb_1682361400_A5-cabrio1.jpg\" title=\"Audi A5 Cabrio Automatik o.\u00e4.\" alt=\"Audi A5 Cabrio Automatik o.\u00e4.\"><\/a><\/div><div class=\"car-rental-item-details\"><div class=\"car-rental-slider-bodytype-title\">Cabrio<\/div><div class=\"car-rental-item-title underline full-width\"><a class=\"primary_color\" href=\"https:\/\/cabriomallorca.com\/fr\/mietwagen\/audi-a5-cabrio\/\" title=\"Voir la voiture\">Audi A5 Cabrio Automatik o.\u00e4.<\/a><\/div><div class=\"car-rental-item-prefix primary_color\">jour De<\/div><div class=\"car-rental-item-price primary_color\">119&euro;<\/div><\/div>                <\/div>\r\n\t\t\t        <\/div>\r\n\t<\/div><\/div>[\/vc_column][\/vc_row][vc_row][vc_column width=\u00a0\u00bb1\/3&Prime;][vc_cta h2=\u00a0\u00bb\u00a0\u00bb color=\u00a0\u00bbblue\u00a0\u00bb]<\/p>\n<p style=\"text-align: center;\"><a href=\"https:\/\/www.trust24.org\/mietwagen\/cabrio-mietwagen-mallorca\">Ce que disent nos clients<img loading=\"lazy\" decoding=\"async\" class=\"aligncenter\" style=\"float: center;\" src=\"https:\/\/www.trust24.org\/widget\/?id=56&amp;img=1\" alt=\"Sceau de la boutique\" width=\"190\" height=\"150\" border=\"0\" \/><\/a><\/p>\n<p>[\/vc_cta][\/vc_column][vc_column width=\u00a0\u00bb1\/3&Prime;][vc_cta h2=\u00a0\u00bb\u00a0\u00bb color=\u00a0\u00bbsky\u00a0\u00bb css=\u00a0\u00bb\u00a0\u00bb]<\/p>\n<ul>\n<li>Transfert express \u00e0 l&rsquo;a\u00e9roport sans attente<\/li>\n<li>Remise et contrat en fran\u00e7ais<\/li>\n<li>Livraison d&rsquo;h\u00f4tels dans toute l&rsquo;\u00eele<\/li>\n<li>Sp\u00e9cialiste de Majorque &#8211; nous nous y connaissons<\/li>\n<\/ul>\n<p>[\/vc_cta][\/vc_column][vc_column width=\u00a0\u00bb1\/3&Prime; offset=\u00a0\u00bbvc_hidden-xs\u00a0\u00bb][vc_cta h2=\u00a0\u00bb\u00a0\u00bb color=\u00a0\u00bbsky\u00a0\u00bb]<\/p>\n<p style=\"text-align: center;\"><a title=\"\u00e0 propos de nous\" href=\"https:\/\/cabriomallorca.com\/fr\/mentions-legales\/\">Pour vous \u00e0 Majorque<img loading=\"lazy\" decoding=\"async\" class=\"aligncenter\" src=\"https:\/\/cabriomallorca.com\/wp-content\/uploads\/2020\/01\/15J.png\" alt=\"15 ans de location de voitures \u00e0 Majorque\" width=\"150\" height=\"150\" \/><\/a><\/p>\n<p>[\/vc_cta][\/vc_column][\/vc_row][vc_row][vc_column width=\u00a0\u00bb1\/2&Prime;][vc_single_image image=\u00a0\u00bb4825&Prime; img_size=\u00a0\u00bbfull\u00a0\u00bb style=\u00a0\u00bbvc_box_rounded\u00a0\u00bb css=\u00a0\u00bb\u00a0\u00bb][\/vc_column][vc_column width=\u00a0\u00bb1\/2&Prime;][vc_column_text css=\u00a0\u00bb.vc_custom_1713381523672{margin-top: 50px !important;margin-right: 50px !important;margin-bottom: 50px !important;margin-left: 50px !important;}\u00a0\u00bb]<\/p>\n<h4><\/h4>\n<h4><\/h4>\n<h1><span style=\"color: #808080;\">Comment commencer vos vacances \u00e0 Majorque<\/span><\/h1>\n<h4><strong><span style=\"color: #808080;\">Arriver sans stress.<\/span><\/strong><\/h4>\n<h4><span style=\"color: #808080;\">\u00c0 votre arriv\u00e9e \u00e0 l&rsquo;a\u00e9roport de Palma de Majorque, vos vacances bien m\u00e9rit\u00e9es devraient d\u00e9j\u00e0 commencer. Oubliez les files d&rsquo;attente, le personnel peu aimable et les longues marches dans le parking pour trouver votre voiture.<\/span><br \/>\n<span style=\"color: #808080;\">Notre personnel vous attend avec votre voiture de location au parking VIP, juste \u00e0 c\u00f4t\u00e9 du hall d&rsquo;arriv\u00e9e. Le contrat est d\u00e9j\u00e0 rempli, une signature et les vacances de r\u00eave sur cette \u00eele magnifique peuvent commencer !<\/span><\/h4>\n<h4><span style=\"color: #808080;\">Et le retour est encore plus facile !<\/span><\/h4>\n<p>[\/vc_column_text][\/vc_column][\/vc_row][vc_row][vc_column width=\u00a0\u00bb1\/2&Prime; offset=\u00a0\u00bbvc_hidden-xs\u00a0\u00bb][vc_column_text css=\u00a0\u00bb.vc_custom_1713381819426{margin-top: 50px !important;margin-right: 50px !important;margin-bottom: 50px !important;margin-left: 50px !important;}\u00a0\u00bb]<\/p>\n<h1 style=\"text-align: center;\"><span style=\"color: #ffffff;\"> <span style=\"color: #808080;\"> Louer une voiture \u00e0 Majorque<\/span><\/span><\/h1>\n<h4 data-sourcepos=\"3:1-3:188\"><span style=\"color: #808080;\">Une voiture de location \u00e0 Majorque vous permet de d\u00e9couvrir des plages isol\u00e9es, des villages pittoresques et d&rsquo;autres joyaux cach\u00e9s de l&rsquo;\u00eele qui ne sont peut-\u00eatre pas accessibles par les transports en commun.<\/span><\/h4>\n<h4><span style=\"color: #808080;\"><strong>Gain de temps<\/strong>: vous pouvez gagner du temps en \u00e9vitant d&rsquo;attendre les bus ou les taxis. Vous pouvez utiliser votre temps plus efficacement et visiter plus d&rsquo;endroits en une journ\u00e9e.<\/span><\/h4>\n<h4><span style=\"color: #808080;\">La <strong>vue panoramique<\/strong>: La conduite d&rsquo;une d\u00e9capotable offre une vue panoramique d\u00e9gag\u00e9e sur les environs, ce qui rend le trajet particuli\u00e8rement agr\u00e9able, en particulier dans des r\u00e9gions pittoresques comme Majorque.<\/span><\/h4>\n<p>[\/vc_column_text][\/vc_column][vc_column width=\u00a0\u00bb1\/2&Prime;][vc_single_image image=\u00a0\u00bb4906&Prime; img_size=\u00a0\u00bbfull\u00a0\u00bb alignment=\u00a0\u00bbcenter\u00a0\u00bb style=\u00a0\u00bbvc_box_rounded\u00a0\u00bb css=\u00a0\u00bb\u00a0\u00bb][\/vc_column][\/vc_row][vc_row][vc_column][vc_cta h2=\u00a0\u00bbQu&rsquo;est-ce qui nous diff\u00e9rencie des autres soci\u00e9t\u00e9s de location de voitures \u00e0 Majorque ?\u00a0\u00bb]<\/p>\n<ol>\n<li><strong>Livraison \u00e0 l&rsquo;a\u00e9roport :<\/strong> pas d&rsquo;attente &#8211; pas de file d&rsquo;attente ennuyeuse &#8211; pas de recherche fastidieuse de v\u00e9hicule dans le parking<br \/>\nUn membre du personnel vous attend sur le parking express situ\u00e9 juste \u00e0 la sortie du terminal d&rsquo;arriv\u00e9e, avec votre voiture de location.<br \/>\nRemplissez le contrat, suivez une br\u00e8ve formation sur le fonctionnement de la capote du cabriolet et vos vacances commencent.<\/li>\n<li><strong>Personnel allemand :<\/strong> que ce soit pour la prise en charge \u00e0 l&rsquo;a\u00e9roport ou pour l&rsquo;assistance t\u00e9l\u00e9phonique, chez nous, vous parlez \u00e0 des employ\u00e9s allemands.<br \/>\nPas de malentendus, des d\u00e9clarations claires.<\/li>\n<li><strong>Site web allemand :<\/strong> notre site web est bien entendu enti\u00e8rement en allemand, et en allemand compr\u00e9hensible, car il a \u00e9t\u00e9 cr\u00e9\u00e9 par des programmeurs allemands.<br \/>\nPas de traductions google, de fautes d&rsquo;orthographe ou m\u00eame de traductions erron\u00e9es.<\/li>\n<li><strong>Contrat de location allemand :<\/strong> qui voudrait signer un contrat qu&rsquo;il ne comprend pas ?<br \/>\n90% de nos clients viennent d&rsquo;Allemagne, d&rsquo;Autriche ou de Suisse. C&rsquo;est pourquoi nos contrats de location sont bien entendu r\u00e9dig\u00e9s en allemand.<\/li>\n<li><strong>Livraison \u00e0 l&rsquo;h\u00f4tel :<\/strong> nous pouvons \u00e9galement livrer votre v\u00e9hicule \u00e0 votre h\u00f4tel, o\u00f9 que vous soyez \u00e0 Majorque.<\/li>\n<li><strong>Actif \u00e0 Majorque depuis 16 ans :<\/strong> Nous ne sommes pas des novices ou des \u00e9ph\u00e9m\u00e8res dans ce secteur.<br \/>\nDepuis 16 ans d\u00e9j\u00e0, nos nombreux clients r\u00e9guliers nous font confiance.<\/li>\n<li><strong>Sp\u00e9cialiste des voitures convertibles : <\/strong>Nous louons presque exclusivement des cabriolets \u00e0 Majorque. Nous savons ce que nos clients attendent de nous.<br \/>\net peuvent \u00e9galement apporter une aide rapide et efficace en cas d&rsquo;\u00e9ventuels probl\u00e8mes.<\/li>\n<\/ol>\n<p>[\/vc_cta][\/vc_column][\/vc_row][vc_row][vc_column][vc_raw_html]W2VsZnNpZ2h0X2ZhcSBpZD0iMiJd[\/vc_raw_html][\/vc_column][\/vc_row][vc_row content_placement=\u00a0\u00bbmiddle\u00a0\u00bb][vc_column][vc_btn title=\u00a0\u00bbplus\u00a0\u00bb color=\u00a0\u00bbprimary\u00a0\u00bb size=\u00a0\u00bblg\u00a0\u00bb align=\u00a0\u00bbcenter\u00a0\u00bb i_icon_fontawesome=\u00a0\u00bbfas fa-question-circle\u00a0\u00bb add_icon=\u00a0\u00bbtrue\u00a0\u00bb link=\u00a0\u00bburl:https%3A%2F%2Fcabriomallorca.com%2Ffragen%2F|title:Questions|\u00a0\u00bb][\/vc_column][\/vc_row][vc_row][vc_column][vc_cta h2=\u00a0\u00bbCe \u00e0 quoi vous devez faire attention lorsque vous r\u00e9servez une voiture de location \u00e0 Majorque :\u00a0\u00bb]<\/p>\n<div class=\"markdown markdown-main-panel\" dir=\"ltr\">\n<p data-sourcepos=\"3:1-3:20\"><strong>Avant la r\u00e9servation :<\/strong><\/p>\n<ul data-sourcepos=\"5:1-8:0\">\n<li data-sourcepos=\"5:1-5:241\"><strong>Comparez les prix :<\/strong> Ne vous focalisez pas uniquement sur le prix de base, mais \u00e9galement sur les prestations incluses (par exemple, kilom\u00e9trage, couverture d&rsquo;assurance).<\/li>\n<li data-sourcepos=\"7:1-8:0\"><strong>R\u00e9servez \u00e0 l&rsquo;avance :<\/strong> en haute saison (\u00e9t\u00e9), les prix des voitures de location sont nettement plus \u00e9lev\u00e9s et la disponibilit\u00e9 est moindre. Il est donc pr\u00e9f\u00e9rable de r\u00e9server le plus t\u00f4t possible.<\/li>\n<\/ul>\n<p data-sourcepos=\"9:1-9:24\"><strong>Pendant la r\u00e9servation :<\/strong><\/p>\n<ul data-sourcepos=\"11:1-16:0\">\n<li data-sourcepos=\"11:1-16:0\"><strong>Faites attention aux conditions de location :<\/strong> Lisez attentivement les conditions de location avant de signer le contrat de location. Soyez particuli\u00e8rement attentif aux points suivants :\n<ul data-sourcepos=\"12:5-16:0\">\n<li data-sourcepos=\"12:5-12:205\"><strong>\u00c2ge minimum et permis de conduire :<\/strong> l&rsquo;\u00e2ge minimum pour louer un cabriolet \u00e0 Majorque est de 23 ans. Les conducteurs de moins de 25 ans ne doivent pas payer de frais suppl\u00e9mentaires chez nous.<\/li>\n<li data-sourcepos=\"13:5-13:102\"><strong>Couverture d&rsquo;assurance :<\/strong> le v\u00e9hicule de location est couvert par une assurance responsabilit\u00e9 civile et une assurance tous risques. En outre, une assurance Premium Plus peut \u00eatre souscrite.<\/li>\n<li data-sourcepos=\"14:5-14:123\"><strong>Limite de kilom\u00e9trage :<\/strong> chez nous, vous n&rsquo;avez pas de limite de kilom\u00e8tres.<\/li>\n<li data-sourcepos=\"15:5-16:0\"><strong>Les services compl\u00e9mentaires :<\/strong> Faites attention aux services suppl\u00e9mentaires dont vous avez besoin.<\/li>\n<\/ul>\n<\/li>\n<\/ul>\n<p data-sourcepos=\"17:1-17:36\"><strong>Lors de la prise en charge de la voiture de location :<\/strong><\/p>\n<ul data-sourcepos=\"19:1-21:0\">\n<li data-sourcepos=\"19:1-19:181\"><strong>V\u00e9rifiez la voiture de location :<\/strong> avant de prendre possession de la voiture de location, vous devez v\u00e9rifier qu&rsquo;elle n&rsquo;est pas endommag\u00e9e.<\/li>\n<li data-sourcepos=\"20:1-21:0\">Prenez <strong>des photos :<\/strong> prenez des photos de la voiture de location avant de partir. Ainsi, il ne peut y avoir de malentendu et les deux parties sont en s\u00e9curit\u00e9.<\/li>\n<\/ul>\n<p data-sourcepos=\"22:1-22:25\"><strong>Pendant la p\u00e9riode de location :<\/strong><\/p>\n<ul data-sourcepos=\"24:1-26:0\">\n<li data-sourcepos=\"24:1-24:131\"><strong>Respectez le code de la route :<\/strong> Respectez le code de la route \u00e0 Majorque afin d&rsquo;\u00e9viter les amendes et les p\u00e9nalit\u00e9s.<\/li>\n<li data-sourcepos=\"25:1-26:0\"><strong>Stationnement prudent :<\/strong> ne garez votre voiture de location que dans des endroits s\u00fbrs.<\/li>\n<\/ul>\n<p data-sourcepos=\"27:1-27:36\"><strong>Lors de la restitution de la voiture de location :<\/strong><\/p>\n<ul data-sourcepos=\"29:1-31:0\">\n<li data-sourcepos=\"29:1-29:142\"><strong>Faites le plein de la voiture de location :<\/strong> rendez la voiture avec le r\u00e9servoir plein. Dans le cas contraire, vous devrez vous acquitter de frais de ravitaillement.<\/li>\n<li data-sourcepos=\"30:1-31:0\"><strong>Contr\u00f4lez la voiture de location :<\/strong> prenez des photos de la voiture.<\/li>\n<\/ul>\n<p data-sourcepos=\"32:1-32:18\"><strong>Plus de conseils :<\/strong><\/p>\n<ul data-sourcepos=\"34:1-37:0\">\n<li data-sourcepos=\"36:1-37:0\">Informez-vous sur les <strong>conditions de circulation :<\/strong> avant de partir, informez-vous sur les conditions de circulation \u00e0 Majorque. Vous pouvez ainsi \u00e9viter les embouteillages et les travaux.<\/li>\n<\/ul>\n<\/div>\n<p>[\/vc_cta][\/vc_column][\/vc_row][vc_row][vc_column][vc_column_text][\/vc_column_text][\/vc_column][\/vc_row][vc_row][vc_column][vc_btn title=\u00a0\u00bbvers la r\u00e9servation d&rsquo;un v\u00e9hicule de location\u00a0\u00bb color=\u00a0\u00bbprimary\u00a0\u00bb size=\u00a0\u00bblg\u00a0\u00bb align=\u00a0\u00bbcenter\u00a0\u00bb link=\u00a0\u00bburl:https%3A%2F%2Fcabriomallorca.com%2Fbooking-process%2F|title:R%C3%A9servation%20de%20voiture%20de%20location|\u00a0\u00bb][\/vc_column][\/vc_row]<\/p>\n<\/div>","protected":false},"excerpt":{"rendered":"<p>[vc_row full_width=\u00a0\u00bbstretch_row\u00a0\u00bb full_height=\u00a0\u00bbyes\u00a0\u00bb columns_placement=\u00a0\u00bbtop\u00a0\u00bb content_placement=\u00a0\u00bbtop\u00a0\u00bb parallax=\u00a0\u00bbcontent-moving\u00a0\u00bb parallax_image=\u00a0\u00bb4855&Prime; parallax_speed_bg=\u00a0\u00bb1&Prime; css_animation=\u00a0\u00bbfadeInDown\u00a0\u00bb el_class=\u00a0\u00bb@media screen and (max-width:767px){ selector img{ content: url(&lsquo;https:\/\/nutri-hero.com\/wp-content\/uploads\/2024\/04\/madebynature.jpg&rsquo;) } }\u00a0\u00bb][vc_column width=\u00a0\u00bb3\/4&Prime; offset=\u00a0\u00bbvc_hidden-xs\u00a0\u00bb][vc_empty_space height=\u00a0\u00bb150&Prime;][vc_btn title=\u00a0\u00bbSTART BOOKING\u00a0\u00bb color=\u00a0\u00bbdanger\u00a0\u00bb size=\u00a0\u00bblg\u00a0\u00bb align=\u00a0\u00bbcenter\u00a0\u00bb i_align=\u00a0\u00bbright\u00a0\u00bb i_icon_fontawesome=\u00a0\u00bbfa fa-solid fa-circle-arrow-right\u00a0\u00bb css_animation=\u00a0\u00bbbounceIn\u00a0\u00bb css=\u00a0\u00bb\u00a0\u00bb add_icon=\u00a0\u00bbtrue\u00a0\u00bb link=\u00a0\u00bburl:https%3A%2F%2Fcabriomallorca.de%2F%3Flang%3Den\u00a0\u00bb][\/vc_column][\/vc_row][vc_row content_placement=\u00a0\u00bbmiddle\u00a0\u00bb][vc_column][\/vc_column][\/vc_row][vc_row][vc_column][\/vc_column][\/vc_row][vc_row][vc_column width=\u00a0\u00bb1\/3&Prime;][vc_cta h2=\u00a0\u00bb\u00a0\u00bb color=\u00a0\u00bbblue\u00a0\u00bb] Ce que disent nos clients [\/vc_cta][\/vc_column][vc_column width=\u00a0\u00bb1\/3&Prime;][vc_cta h2=\u00a0\u00bb\u00a0\u00bb color=\u00a0\u00bbsky\u00a0\u00bb css=\u00a0\u00bb\u00a0\u00bb] Transfert express \u00e0 l&rsquo;a\u00e9roport sans attente [&hellip;]<\/p>\n","protected":false},"author":1,"featured_media":0,"parent":0,"menu_order":0,"comment_status":"closed","ping_status":"closed","template":"","meta":{"footnotes":""},"class_list":["post-5312","page","type-page","status-publish","hentry"],"_links":{"self":[{"href":"https:\/\/cabriomallorca.com\/fr\/wp-json\/wp\/v2\/pages\/5312","targetHints":{"allow":["GET"]}}],"collection":[{"href":"https:\/\/cabriomallorca.com\/fr\/wp-json\/wp\/v2\/pages"}],"about":[{"href":"https:\/\/cabriomallorca.com\/fr\/wp-json\/wp\/v2\/types\/page"}],"author":[{"embeddable":true,"href":"https:\/\/cabriomallorca.com\/fr\/wp-json\/wp\/v2\/users\/1"}],"replies":[{"embeddable":true,"href":"https:\/\/cabriomallorca.com\/fr\/wp-json\/wp\/v2\/comments?post=5312"}],"version-history":[{"count":4,"href":"https:\/\/cabriomallorca.com\/fr\/wp-json\/wp\/v2\/pages\/5312\/revisions"}],"predecessor-version":[{"id":5560,"href":"https:\/\/cabriomallorca.com\/fr\/wp-json\/wp\/v2\/pages\/5312\/revisions\/5560"}],"wp:attachment":[{"href":"https:\/\/cabriomallorca.com\/fr\/wp-json\/wp\/v2\/media?parent=5312"}],"curies":[{"name":"wp","href":"https:\/\/api.w.org\/{rel}","templated":true}]}}