{"id":5310,"date":"2018-02-18T06:16:07","date_gmt":"2018-02-18T05:16:07","guid":{"rendered":"https:\/\/mallorca-mietwagen.com\/mentions-legales\/"},"modified":"2024-05-06T08:39:59","modified_gmt":"2024-05-06T08:39:59","slug":"mentions-legales","status":"publish","type":"page","link":"https:\/\/cabriomallorca.com\/fr\/mentions-legales\/","title":{"rendered":"Mentions l\u00e9gales"},"content":{"rendered":"<div class=\"wpb-content-wrapper\"><p>[vc_row full_width=\u00a0\u00bbstretch_row_content_no_spaces\u00a0\u00bb content_placement=\u00a0\u00bbmiddle\u00a0\u00bb css_animation=\u00a0\u00bbnone\u00a0\u00bb css=\u00a0\u00bb.vc_custom_1540122062949{background-color: #f9f9f9 !important;background-position: center !important;background-repeat: no-repeat !important;background-size: cover !important;}\u00a0\u00bb][vc_column width=\u00a0\u00bb1\/2&Prime; css=\u00a0\u00bb.vc_custom_1520772143248{padding-top: 0px !important;}\u00a0\u00bb][vc_column_text css=\u00a0\u00bb.vc_custom_1699958705947{margin-left: 200px !important;padding-bottom: 100px !important;}\u00a0\u00bb]<\/p>\n<h2 style=\"text-align: center;\">IMPRESSUM<\/h2>\n<p><img loading=\"lazy\" decoding=\"async\" class=\"size-full wp-image-4642 aligncenter\" src=\"https:\/\/www.mallorca-cabrio.com\/wp-content\/uploads\/2023\/11\/impress-1.jpg\" alt=\"\" width=\"400\" height=\"500\">[\/vc_column_text][vc_single_image image=\u00a0\u00bb2153&Prime; img_size=\u00a0\u00bblarge\u00a0\u00bb css_animation=\u00a0\u00bbfadeIn\u00a0\u00bb css=\u00a0\u00bb.vc_custom_1528776006962{margin-bottom: 0px !important;padding-top: 0px !important;padding-bottom: 0px !important;}\u00a0\u00bb][\/vc_column][vc_column width=\u00a0\u00bb1\/2&Prime; offset=\u00a0\u00bbvc_col-lg-4 vc_col-md-6&Prime;]<div class=\"fancy-title align_left\"><h2 class=\"vc_underline_title vc_title\">\u00c0 PROPOS DE NOUS<\/h2><div class=\"vc_underline secondary_color_background\"><\/div><\/div>[vc_column_text]Cabrio Mallorca a \u00e9t\u00e9 cr\u00e9\u00e9 \u00e0 Majorque en 2003. Outre la mise \u00e0 disposition d&rsquo;un syst\u00e8me de r\u00e9servation en ligne innovant et facile \u00e0 utiliser, nous nous concentrons avant tout sur la fourniture du meilleur service possible au client.<br \/>\nC&rsquo;est la raison pour laquelle nous ne proposons pas de service de navette \u00e0 l&rsquo;a\u00e9roport, par exemple. Notre personnel am\u00e8ne personnellement chaque v\u00e9hicule de location au parking VIP de l&rsquo;a\u00e9roport de Palma de Majorque. C&rsquo;est l\u00e0 que le client est attendu. Cela permet d&rsquo;\u00e9viter les temps d&rsquo;attente inutiles. De plus, il n&rsquo;est plus n\u00e9cessaire de chercher la voiture r\u00e9serv\u00e9e dans le parking. Le retour se fait tout aussi facilement, directement \u00e0 l&rsquo;a\u00e9roport.[\/vc_column_text][vc_separator color=\u00a0\u00bbblack\u00a0\u00bb][vc_row_inner content_placement=\u00a0\u00bbmiddle\u00a0\u00bb css=\u00a0\u00bb.vc_custom_1552932017308{margin-bottom: 32px !important;}\u00a0\u00bb][vc_column_inner width=\u00a0\u00bb1\/4&Prime;][vc_icon icon_fontawesome=\u00a0\u00bbfa fa-calendar-check-o\u00a0\u00bb color=\u00a0\u00bbblack\u00a0\u00bb size=\u00a0\u00bbxl\u00a0\u00bb align=\u00a0\u00bbcenter\u00a0\u00bb el_class=\u00a0\u00bbroll_effect\u00a0\u00bb][\/vc_column_inner][vc_column_inner width=\u00a0\u00bb1\/4&Prime;]<div><div class=\"stat_counter_wrapper black\"><div id=\"wpcr-counter548646\" class=\"stat_counter default\" data-count_to=\"58403\">-<\/div><div class=\"stat_title\">des clients satisfaits<\/div><\/div><\/div>[\/vc_column_inner][\/vc_row_inner][\/vc_column][\/vc_row]<\/p>\n<\/div>","protected":false},"excerpt":{"rendered":"<p>[vc_row full_width=\u00a0\u00bbstretch_row_content_no_spaces\u00a0\u00bb content_placement=\u00a0\u00bbmiddle\u00a0\u00bb css_animation=\u00a0\u00bbnone\u00a0\u00bb css=\u00a0\u00bb.vc_custom_1540122062949{background-color: #f9f9f9 !important;background-position: center !important;background-repeat: no-repeat !important;background-size: cover !important;}\u00a0\u00bb][vc_column width=\u00a0\u00bb1\/2&Prime; css=\u00a0\u00bb.vc_custom_1520772143248{padding-top: 0px !important;}\u00a0\u00bb][vc_column_text css=\u00a0\u00bb.vc_custom_1699958705947{margin-left: 200px !important;padding-bottom: 100px !important;}\u00a0\u00bb] IMPRESSUM [\/vc_column_text][vc_single_image image=\u00a0\u00bb2153&Prime; img_size=\u00a0\u00bblarge\u00a0\u00bb css_animation=\u00a0\u00bbfadeIn\u00a0\u00bb css=\u00a0\u00bb.vc_custom_1528776006962{margin-bottom: 0px !important;padding-top: 0px !important;padding-bottom: 0px !important;}\u00a0\u00bb][\/vc_column][vc_column width=\u00a0\u00bb1\/2&Prime; offset=\u00a0\u00bbvc_col-lg-4 vc_col-md-6&Prime;][vc_column_text]Cabrio Mallorca a \u00e9t\u00e9 cr\u00e9\u00e9 \u00e0 Majorque en 2003. Outre la mise \u00e0 disposition d&rsquo;un syst\u00e8me de r\u00e9servation en [&hellip;]<\/p>\n","protected":false},"author":1,"featured_media":0,"parent":0,"menu_order":0,"comment_status":"closed","ping_status":"closed","template":"","meta":{"footnotes":""},"class_list":["post-5310","page","type-page","status-publish","hentry"],"_links":{"self":[{"href":"https:\/\/cabriomallorca.com\/fr\/wp-json\/wp\/v2\/pages\/5310","targetHints":{"allow":["GET"]}}],"collection":[{"href":"https:\/\/cabriomallorca.com\/fr\/wp-json\/wp\/v2\/pages"}],"about":[{"href":"https:\/\/cabriomallorca.com\/fr\/wp-json\/wp\/v2\/types\/page"}],"author":[{"embeddable":true,"href":"https:\/\/cabriomallorca.com\/fr\/wp-json\/wp\/v2\/users\/1"}],"replies":[{"embeddable":true,"href":"https:\/\/cabriomallorca.com\/fr\/wp-json\/wp\/v2\/comments?post=5310"}],"version-history":[{"count":2,"href":"https:\/\/cabriomallorca.com\/fr\/wp-json\/wp\/v2\/pages\/5310\/revisions"}],"predecessor-version":[{"id":5315,"href":"https:\/\/cabriomallorca.com\/fr\/wp-json\/wp\/v2\/pages\/5310\/revisions\/5315"}],"wp:attachment":[{"href":"https:\/\/cabriomallorca.com\/fr\/wp-json\/wp\/v2\/media?parent=5310"}],"curies":[{"name":"wp","href":"https:\/\/api.w.org\/{rel}","templated":true}]}}