{"id":5294,"date":"2019-02-12T14:18:12","date_gmt":"2019-02-12T14:18:12","guid":{"rendered":"https:\/\/mallorca-mietwagen.com\/demande-de-suppression\/"},"modified":"2024-05-06T08:39:55","modified_gmt":"2024-05-06T08:39:55","slug":"demande-de-suppression","status":"publish","type":"page","link":"https:\/\/cabriomallorca.com\/fr\/demande-de-suppression\/","title":{"rendered":"Demande de suppression"},"content":{"rendered":"<div class=\"wpb-content-wrapper\"><p>[vc_row][vc_column][vc_column_text]<\/p>\n<h2 style=\"text-align: center;\">Demande de suppression<\/h2>\n<p style=\"text-align: center;\">Conform\u00e9ment au r\u00e8glement g\u00e9n\u00e9ral sur la protection des donn\u00e9es en vigueur depuis le 25 mai 2018, nous offrons ici \u00e0 nos clients la possibilit\u00e9 de supprimer les donn\u00e9es que nous avons enregistr\u00e9es.<\/p>\n<p>[\/vc_column_text][\/vc_column][\/vc_row][vc_row][vc_column][vc_column_text][unsubscribe_form][\/vc_column_text][\/vc_column][\/vc_row]<\/p>\n<\/div>","protected":false},"excerpt":{"rendered":"<p>[vc_row][vc_column][vc_column_text] Demande de suppression Conform\u00e9ment au r\u00e8glement g\u00e9n\u00e9ral sur la protection des donn\u00e9es en vigueur depuis le 25 mai 2018, nous offrons ici \u00e0 nos clients la possibilit\u00e9 de supprimer les donn\u00e9es que nous avons enregistr\u00e9es. [\/vc_column_text][\/vc_column][\/vc_row][vc_row][vc_column][vc_column_text][unsubscribe_form][\/vc_column_text][\/vc_column][\/vc_row]<\/p>\n","protected":false},"author":1,"featured_media":0,"parent":0,"menu_order":0,"comment_status":"closed","ping_status":"closed","template":"","meta":{"footnotes":""},"class_list":["post-5294","page","type-page","status-publish","hentry"],"_links":{"self":[{"href":"https:\/\/cabriomallorca.com\/fr\/wp-json\/wp\/v2\/pages\/5294","targetHints":{"allow":["GET"]}}],"collection":[{"href":"https:\/\/cabriomallorca.com\/fr\/wp-json\/wp\/v2\/pages"}],"about":[{"href":"https:\/\/cabriomallorca.com\/fr\/wp-json\/wp\/v2\/types\/page"}],"author":[{"embeddable":true,"href":"https:\/\/cabriomallorca.com\/fr\/wp-json\/wp\/v2\/users\/1"}],"replies":[{"embeddable":true,"href":"https:\/\/cabriomallorca.com\/fr\/wp-json\/wp\/v2\/comments?post=5294"}],"version-history":[{"count":1,"href":"https:\/\/cabriomallorca.com\/fr\/wp-json\/wp\/v2\/pages\/5294\/revisions"}],"predecessor-version":[{"id":5298,"href":"https:\/\/cabriomallorca.com\/fr\/wp-json\/wp\/v2\/pages\/5294\/revisions\/5298"}],"wp:attachment":[{"href":"https:\/\/cabriomallorca.com\/fr\/wp-json\/wp\/v2\/media?parent=5294"}],"curies":[{"name":"wp","href":"https:\/\/api.w.org\/{rel}","templated":true}]}}