{"id":5293,"date":"2017-08-19T06:48:22","date_gmt":"2017-08-19T06:48:22","guid":{"rendered":"https:\/\/mallorca-mietwagen.com\/modifier-une-reservation\/"},"modified":"2024-05-06T08:39:55","modified_gmt":"2024-05-06T08:39:55","slug":"modifier-une-reservation","status":"publish","type":"page","link":"https:\/\/cabriomallorca.com\/fr\/modifier-une-reservation\/","title":{"rendered":"Modifier une r\u00e9servation"},"content":{"rendered":"<div class=\"wpb-content-wrapper\"><p>[vc_row css_animation=\u00a0\u00bbfadeInUp\u00a0\u00bb][vc_column css_animation=\u00a0\u00bbnone\u00a0\u00bb][vc_column_text css=\u00a0\u00bb\u00a0\u00bb]<\/p>\n<h3>Modifier la r\u00e9servation d&rsquo;une voiture de location<\/h3>\n<p>Pour modifier la r\u00e9servation d\u00e9j\u00e0 effectu\u00e9e, veuillez saisir ici votre num\u00e9ro de r\u00e9servation. Vous les trouverez dans l&rsquo;e-mail de confirmation que vous avez re\u00e7u apr\u00e8s la r\u00e9servation.<br \/>\nLes modifications possibles sont, par exemple, le type de v\u00e9hicule, l&rsquo;heure d&rsquo;arriv\u00e9e\/de d\u00e9part, les extras.[\/vc_column_text]<div id=\"edit137392\" class=\"vc_custom_1550836404475\"><script type=\"text\/javascript\">\r\n    jQuery(document).ready(function () {\r\n        jQuery('#car_rental_do_search').click(function () {\r\n            var objBookingID = jQuery('#booking_code');\r\n            var bookingCode = \"\";\r\n            if (objBookingID.length) {\r\n                bookingCode = objBookingID.val();\r\n            }\r\n            \/\/alert('bookingID[len]:' + objBookingID.length + ', bookingID[val]:' + bookingID);\r\n\r\n            if (bookingCode != \"\" && bookingCode != \"J\\'ai un code de r\u00e9servation:\") {\r\n                return true;\r\n            } else {\r\n                alert('Entrez le num\u00e9ro de r\u00e9servation!');\r\n                return false;\r\n            }\r\n        });\r\n    });\r\n<\/script>\r\n<div class=\"car-rental-search-step1\">\r\n    <form id=\"formElem\" name=\"formElem\" action=\"\" method=\"post\">\r\n        <div class=\"modify-booking\">\r\n            <div class=\"row\">\r\n                <div class=\"col-xs-12\">\r\n                    <h3>Modifier&nbsp;r\u00e9servation<\/h3>\r\n                <\/div>\r\n            <\/div>\r\n            <div class=\"row\">\r\n                <input type=\"hidden\" name=\"car_rental_came_from_step1\" value=\"yes\"\/>\r\n                <div class=\"col-xxs-12 col-xs-6 col-sm-4 col-md-3 input\">\r\n                    <input id=\"booking_code\" value=\"J&#039;ai un code de r\u00e9servation:\" type=\"text\"\r\n                           name=\"booking_code\"\r\n                           onfocus=\"if(this.value == 'J\\'ai un code de r\u00e9servation:') {this.value=''}\"\r\n                           onblur=\"if(this.value == ''){this.value ='J\\'ai un code de r\u00e9servation:'}\"\/>\r\n                <\/div>\r\n                <div class=\"col-xxs-12 col-xs-6 col-sm-4 col-md-3 car-rental-buttons\">\r\n                    <input id=\"car_rental_edit_booking\" type=\"submit\" name=\"car_rental_edit_booking\"\r\n                           value=\"Modifier la r\u00e9servation\"\/>\r\n                <\/div>\r\n            <\/div>\r\n        <\/div>\r\n    <\/form>\r\n<\/div><\/div>[\/vc_column][\/vc_row][vc_row][vc_column][vc_column_text el_class=\u00a0\u00bbno_padding\u00a0\u00bb][\/vc_column_text][\/vc_column][\/vc_row][vc_row][vc_column][\/vc_column][\/vc_row]<\/p>\n<\/div>","protected":false},"excerpt":{"rendered":"<p>[vc_row css_animation=\u00a0\u00bbfadeInUp\u00a0\u00bb][vc_column css_animation=\u00a0\u00bbnone\u00a0\u00bb][vc_column_text css=\u00a0\u00bb\u00a0\u00bb] Modifier la r\u00e9servation d&rsquo;une voiture de location Pour modifier la r\u00e9servation d\u00e9j\u00e0 effectu\u00e9e, veuillez saisir ici votre num\u00e9ro de r\u00e9servation. Vous les trouverez dans l&rsquo;e-mail de confirmation que vous avez re\u00e7u apr\u00e8s la r\u00e9servation. Les modifications possibles sont, par exemple, le type de v\u00e9hicule, l&rsquo;heure d&rsquo;arriv\u00e9e\/de d\u00e9part, les extras.[\/vc_column_text][\/vc_column][\/vc_row][vc_row][vc_column][vc_column_text el_class=\u00a0\u00bbno_padding\u00a0\u00bb][\/vc_column_text][\/vc_column][\/vc_row][vc_row][vc_column][\/vc_column][\/vc_row]<\/p>\n","protected":false},"author":1,"featured_media":0,"parent":0,"menu_order":0,"comment_status":"closed","ping_status":"closed","template":"","meta":{"footnotes":""},"class_list":["post-5293","page","type-page","status-publish","hentry"],"_links":{"self":[{"href":"https:\/\/cabriomallorca.com\/fr\/wp-json\/wp\/v2\/pages\/5293","targetHints":{"allow":["GET"]}}],"collection":[{"href":"https:\/\/cabriomallorca.com\/fr\/wp-json\/wp\/v2\/pages"}],"about":[{"href":"https:\/\/cabriomallorca.com\/fr\/wp-json\/wp\/v2\/types\/page"}],"author":[{"embeddable":true,"href":"https:\/\/cabriomallorca.com\/fr\/wp-json\/wp\/v2\/users\/1"}],"replies":[{"embeddable":true,"href":"https:\/\/cabriomallorca.com\/fr\/wp-json\/wp\/v2\/comments?post=5293"}],"version-history":[{"count":2,"href":"https:\/\/cabriomallorca.com\/fr\/wp-json\/wp\/v2\/pages\/5293\/revisions"}],"predecessor-version":[{"id":5302,"href":"https:\/\/cabriomallorca.com\/fr\/wp-json\/wp\/v2\/pages\/5293\/revisions\/5302"}],"wp:attachment":[{"href":"https:\/\/cabriomallorca.com\/fr\/wp-json\/wp\/v2\/media?parent=5293"}],"curies":[{"name":"wp","href":"https:\/\/api.w.org\/{rel}","templated":true}]}}