{"id":5292,"date":"2019-02-12T14:17:28","date_gmt":"2019-02-12T14:17:28","guid":{"rendered":"https:\/\/mallorca-mietwagen.com\/extrait-des-donnees\/"},"modified":"2024-05-06T08:39:56","modified_gmt":"2024-05-06T08:39:56","slug":"extrait-des-donnees","status":"publish","type":"page","link":"https:\/\/cabriomallorca.com\/fr\/extrait-des-donnees\/","title":{"rendered":"Extrait des donn\u00e9es"},"content":{"rendered":"<div class=\"wpb-content-wrapper\"><p>[vc_row][vc_column][vc_column_text]<\/p>\n<h2 style=\"text-align: center;\">Demander un extrait de donn\u00e9es<\/h2>\n<p style=\"text-align: center;\">Conform\u00e9ment au RGPD, nous vous offrons ici la possibilit\u00e9 de demander les donn\u00e9es que nous d\u00e9tenons \u00e0 votre sujet. Veuillez remplir le formulaire ci-dessous :<\/p>\n<p>[\/vc_column_text][\/vc_column][\/vc_row][vc_row][vc_column][vc_column_text][sar_form][\/vc_column_text][\/vc_column][\/vc_row]<\/p>\n<p><script src=\"https:\/\/app.aminos.ai\/js\/chat_plugin.js\" data-bot-id=\"6173\"><\/script><\/p>\n<\/div>","protected":false},"excerpt":{"rendered":"<p>[vc_row][vc_column][vc_column_text] Demander un extrait de donn\u00e9es Conform\u00e9ment au RGPD, nous vous offrons ici la possibilit\u00e9 de demander les donn\u00e9es que nous d\u00e9tenons \u00e0 votre sujet. Veuillez remplir le formulaire ci-dessous : [\/vc_column_text][\/vc_column][\/vc_row][vc_row][vc_column][vc_column_text][sar_form][\/vc_column_text][\/vc_column][\/vc_row]<\/p>\n","protected":false},"author":1,"featured_media":0,"parent":0,"menu_order":0,"comment_status":"closed","ping_status":"closed","template":"","meta":{"footnotes":""},"class_list":["post-5292","page","type-page","status-publish","hentry"],"_links":{"self":[{"href":"https:\/\/cabriomallorca.com\/fr\/wp-json\/wp\/v2\/pages\/5292","targetHints":{"allow":["GET"]}}],"collection":[{"href":"https:\/\/cabriomallorca.com\/fr\/wp-json\/wp\/v2\/pages"}],"about":[{"href":"https:\/\/cabriomallorca.com\/fr\/wp-json\/wp\/v2\/types\/page"}],"author":[{"embeddable":true,"href":"https:\/\/cabriomallorca.com\/fr\/wp-json\/wp\/v2\/users\/1"}],"replies":[{"embeddable":true,"href":"https:\/\/cabriomallorca.com\/fr\/wp-json\/wp\/v2\/comments?post=5292"}],"version-history":[{"count":2,"href":"https:\/\/cabriomallorca.com\/fr\/wp-json\/wp\/v2\/pages\/5292\/revisions"}],"predecessor-version":[{"id":5303,"href":"https:\/\/cabriomallorca.com\/fr\/wp-json\/wp\/v2\/pages\/5292\/revisions\/5303"}],"wp:attachment":[{"href":"https:\/\/cabriomallorca.com\/fr\/wp-json\/wp\/v2\/media?parent=5292"}],"curies":[{"name":"wp","href":"https:\/\/api.w.org\/{rel}","templated":true}]}}