{"id":5290,"date":"2019-02-12T10:28:19","date_gmt":"2019-02-12T10:28:19","guid":{"rendered":"https:\/\/mallorca-mietwagen.com\/centre-de-service-a-la-clientele\/"},"modified":"2024-05-06T08:39:55","modified_gmt":"2024-05-06T08:39:55","slug":"centre-de-service-a-la-clientele","status":"publish","type":"page","link":"https:\/\/cabriomallorca.com\/fr\/centre-de-service-a-la-clientele\/","title":{"rendered":"Centre de service \u00e0 la client\u00e8le"},"content":{"rendered":"<div class=\"wpb-content-wrapper\"><p>[vc_row][vc_column][vc_column_text css_animation=\u00a0\u00bbfadeInUp\u00a0\u00bb]<\/p>\n\n<h4 class=\"wp-block-heading\" style=\"text-align: center;\">Nous nous ferons un plaisir de r\u00e9pondre \u00e0 vos questions. Notre centre d&rsquo;assistance est \u00e0 votre disposition 24h\/24.<br\/>Vous avez la possibilit\u00e9 d&rsquo;ouvrir un ticket ou d&rsquo;utiliser notre chat bot en bas \u00e0 droite.<\/h4>\n<p>&nbsp;<\/p>\n\n<figure class=\"wp-block-image\"><a href=\"https:\/\/www.mallorcamietwagen.com\/support\/\" target=\"_blank\" rel=\"noopener noreferrer\"><img loading=\"lazy\" decoding=\"async\" class=\"aligncenter wp-image-2296\" src=\"https:\/\/mallorca-cabrio.com\/wp-content\/uploads\/2019\/02\/support.jpg\" alt=\"\" width=\"600\" height=\"600\"\/><\/a><\/figure>\n<p>&nbsp;<\/p>\n<p>&nbsp;<\/p>\n<p>&nbsp;<\/p>\n<p>[\/vc_column_text][\/vc_column][\/vc_row]<\/p>\n<\/div>","protected":false},"excerpt":{"rendered":"<p>[vc_row][vc_column][vc_column_text css_animation=\u00a0\u00bbfadeInUp\u00a0\u00bb] Nous nous ferons un plaisir de r\u00e9pondre \u00e0 vos questions. Notre centre d&rsquo;assistance est \u00e0 votre disposition 24h\/24.Vous avez la possibilit\u00e9 d&rsquo;ouvrir un ticket ou d&rsquo;utiliser notre chat bot en bas \u00e0 droite. &nbsp; &nbsp; &nbsp; &nbsp; [\/vc_column_text][\/vc_column][\/vc_row]<\/p>\n","protected":false},"author":1,"featured_media":0,"parent":0,"menu_order":0,"comment_status":"closed","ping_status":"closed","template":"","meta":{"footnotes":""},"class_list":["post-5290","page","type-page","status-publish","hentry"],"_links":{"self":[{"href":"https:\/\/cabriomallorca.com\/fr\/wp-json\/wp\/v2\/pages\/5290","targetHints":{"allow":["GET"]}}],"collection":[{"href":"https:\/\/cabriomallorca.com\/fr\/wp-json\/wp\/v2\/pages"}],"about":[{"href":"https:\/\/cabriomallorca.com\/fr\/wp-json\/wp\/v2\/types\/page"}],"author":[{"embeddable":true,"href":"https:\/\/cabriomallorca.com\/fr\/wp-json\/wp\/v2\/users\/1"}],"replies":[{"embeddable":true,"href":"https:\/\/cabriomallorca.com\/fr\/wp-json\/wp\/v2\/comments?post=5290"}],"version-history":[{"count":1,"href":"https:\/\/cabriomallorca.com\/fr\/wp-json\/wp\/v2\/pages\/5290\/revisions"}],"predecessor-version":[{"id":5296,"href":"https:\/\/cabriomallorca.com\/fr\/wp-json\/wp\/v2\/pages\/5290\/revisions\/5296"}],"wp:attachment":[{"href":"https:\/\/cabriomallorca.com\/fr\/wp-json\/wp\/v2\/media?parent=5290"}],"curies":[{"name":"wp","href":"https:\/\/api.w.org\/{rel}","templated":true}]}}