{"id":5422,"date":"2024-05-01T18:44:56","date_gmt":"2024-05-01T18:44:56","guid":{"rendered":"https:\/\/mallorca-mietwagen.com\/pago-con-tarjeta-de-credito\/"},"modified":"2024-05-06T08:40:30","modified_gmt":"2024-05-06T08:40:30","slug":"pago-con-tarjeta-de-credito","status":"publish","type":"page","link":"https:\/\/cabriomallorca.com\/es\/pago-con-tarjeta-de-credito\/","title":{"rendered":"Pago con tarjeta de cr\u00e9dito"},"content":{"rendered":"<div class=\"wpb-content-wrapper\"><p>[vc_row][vc_column][vc_column_text css=\u00bb\u00bb]<strong>Aqu\u00ed tienes la opci\u00f3n de realizar el pago con tu tarjeta de cr\u00e9dito:<\/strong><\/p>\n<p><em>  Por favor, paga S\u00d3LO la cantidad indicada en tu correo electr\u00f3nico de confirmaci\u00f3n en el apartado \u00abPago al hacer la reserva\u00bb. El pago final s\u00f3lo vence cuando se recoge el veh\u00edculo in situ.<\/em>[\/vc_column_text][\/vc_column][\/vc_row][vc_row][vc_column][vc_raw_html css=\u00bb\u00bb]W3BhZ29fdHB2XVBhZ28gY29uIHRhcmpldGEgZGUgY3LDqWRpdG9bL3BhZ29fdHB2XQ==[\/vc_raw_html][\/vc_column][\/vc_row]<\/p>\n<\/div>","protected":false},"excerpt":{"rendered":"<p>[vc_row][vc_column][vc_column_text css=\u00bb\u00bb]Aqu\u00ed tienes la opci\u00f3n de realizar el pago con tu tarjeta de cr\u00e9dito: Por favor, paga S\u00d3LO la cantidad indicada en tu correo electr\u00f3nico de confirmaci\u00f3n en el apartado \u00abPago al hacer la reserva\u00bb. El pago final s\u00f3lo vence cuando se recoge el veh\u00edculo in situ.[\/vc_column_text][\/vc_column][\/vc_row][vc_row][vc_column][vc_raw_html css=\u00bb\u00bb]W3BhZ29fdHB2XVBhZ28gY29uIHRhcmpldGEgZGUgY3LDqWRpdG9bL3BhZ29fdHB2XQ==[\/vc_raw_html][\/vc_column][\/vc_row]<\/p>\n","protected":false},"author":1,"featured_media":0,"parent":0,"menu_order":0,"comment_status":"closed","ping_status":"closed","template":"","meta":{"footnotes":""},"class_list":["post-5422","page","type-page","status-publish","hentry"],"_links":{"self":[{"href":"https:\/\/cabriomallorca.com\/es\/wp-json\/wp\/v2\/pages\/5422","targetHints":{"allow":["GET"]}}],"collection":[{"href":"https:\/\/cabriomallorca.com\/es\/wp-json\/wp\/v2\/pages"}],"about":[{"href":"https:\/\/cabriomallorca.com\/es\/wp-json\/wp\/v2\/types\/page"}],"author":[{"embeddable":true,"href":"https:\/\/cabriomallorca.com\/es\/wp-json\/wp\/v2\/users\/1"}],"replies":[{"embeddable":true,"href":"https:\/\/cabriomallorca.com\/es\/wp-json\/wp\/v2\/comments?post=5422"}],"version-history":[{"count":1,"href":"https:\/\/cabriomallorca.com\/es\/wp-json\/wp\/v2\/pages\/5422\/revisions"}],"predecessor-version":[{"id":5424,"href":"https:\/\/cabriomallorca.com\/es\/wp-json\/wp\/v2\/pages\/5422\/revisions\/5424"}],"wp:attachment":[{"href":"https:\/\/cabriomallorca.com\/es\/wp-json\/wp\/v2\/media?parent=5422"}],"curies":[{"name":"wp","href":"https:\/\/api.w.org\/{rel}","templated":true}]}}