{"id":5241,"date":"2017-08-19T06:48:22","date_gmt":"2017-08-19T06:48:22","guid":{"rendered":"https:\/\/mallorca-mietwagen.com\/cambiar-reserva\/"},"modified":"2024-05-06T08:40:00","modified_gmt":"2024-05-06T08:40:00","slug":"cambiar-reserva","status":"publish","type":"page","link":"https:\/\/cabriomallorca.com\/es\/cambiar-reserva\/","title":{"rendered":"Cambiar reserva"},"content":{"rendered":"<div class=\"wpb-content-wrapper\"><p>[vc_row css_animation=\u00bbfadeInUp\u00bb][vc_column css_animation=\u00bbnone\u00bb][vc_column_text css=\u00bb\u00bb]<\/p>\n<h3>Modificar la reserva de alquiler de coches<\/h3>\n<p>Para cambiar la reserva que ya has hecho, introduce aqu\u00ed tu n\u00famero de reserva. Lo encontrar\u00e1s en el correo electr\u00f3nico de confirmaci\u00f3n que recibiste tras la reserva.<br \/>\nLos cambios posibles son, por ejemplo, el tipo de veh\u00edculo, la hora de llegada\/salida, los extras.[\/vc_column_text]<div id=\"edit782489\" class=\"vc_custom_1550836404475\"><script type=\"text\/javascript\">\r\n    jQuery(document).ready(function () {\r\n        jQuery('#car_rental_do_search').click(function () {\r\n            var objBookingID = jQuery('#booking_code');\r\n            var bookingCode = \"\";\r\n            if (objBookingID.length) {\r\n                bookingCode = objBookingID.val();\r\n            }\r\n            \/\/alert('bookingID[len]:' + objBookingID.length + ', bookingID[val]:' + bookingID);\r\n\r\n            if (bookingCode != \"\" && bookingCode != \"Tengo un n\u00famero de reserva:\") {\r\n                return true;\r\n            } else {\r\n                alert('Por favor, introduzca el n\u00famero de reserva!');\r\n                return false;\r\n            }\r\n        });\r\n    });\r\n<\/script>\r\n<div class=\"car-rental-search-step1\">\r\n    <form id=\"formElem\" name=\"formElem\" action=\"\" method=\"post\">\r\n        <div class=\"modify-booking\">\r\n            <div class=\"row\">\r\n                <div class=\"col-xs-12\">\r\n                    <h3>Cambiar&nbsp;reservaci\u00f3n<\/h3>\r\n                <\/div>\r\n            <\/div>\r\n            <div class=\"row\">\r\n                <input type=\"hidden\" name=\"car_rental_came_from_step1\" value=\"yes\"\/>\r\n                <div class=\"col-xxs-12 col-xs-6 col-sm-4 col-md-3 input\">\r\n                    <input id=\"booking_code\" value=\"Tengo un n\u00famero de reserva:\" type=\"text\"\r\n                           name=\"booking_code\"\r\n                           onfocus=\"if(this.value == 'Tengo un n\u00famero de reserva:') {this.value=''}\"\r\n                           onblur=\"if(this.value == ''){this.value ='Tengo un n\u00famero de reserva:'}\"\/>\r\n                <\/div>\r\n                <div class=\"col-xxs-12 col-xs-6 col-sm-4 col-md-3 car-rental-buttons\">\r\n                    <input id=\"car_rental_edit_booking\" type=\"submit\" name=\"car_rental_edit_booking\"\r\n                           value=\"Cambiar reservaci\u00f3n\"\/>\r\n                <\/div>\r\n            <\/div>\r\n        <\/div>\r\n    <\/form>\r\n<\/div><\/div>[\/vc_column][\/vc_row][vc_row][vc_column][vc_column_text el_class=\u00bbno_padding\u00bb][\/vc_column_text][\/vc_column][\/vc_row][vc_row][vc_column][\/vc_column][\/vc_row]<\/p>\n<\/div>","protected":false},"excerpt":{"rendered":"<p>[vc_row css_animation=\u00bbfadeInUp\u00bb][vc_column css_animation=\u00bbnone\u00bb][vc_column_text css=\u00bb\u00bb] Modificar la reserva de alquiler de coches Para cambiar la reserva que ya has hecho, introduce aqu\u00ed tu n\u00famero de reserva. Lo encontrar\u00e1s en el correo electr\u00f3nico de confirmaci\u00f3n que recibiste tras la reserva. Los cambios posibles son, por ejemplo, el tipo de veh\u00edculo, la hora de llegada\/salida, los extras.[\/vc_column_text][\/vc_column][\/vc_row][vc_row][vc_column][vc_column_text el_class=\u00bbno_padding\u00bb][\/vc_column_text][\/vc_column][\/vc_row][vc_row][vc_column][\/vc_column][\/vc_row]<\/p>\n","protected":false},"author":1,"featured_media":0,"parent":0,"menu_order":0,"comment_status":"closed","ping_status":"closed","template":"","meta":{"footnotes":""},"class_list":["post-5241","page","type-page","status-publish","hentry"],"_links":{"self":[{"href":"https:\/\/cabriomallorca.com\/es\/wp-json\/wp\/v2\/pages\/5241","targetHints":{"allow":["GET"]}}],"collection":[{"href":"https:\/\/cabriomallorca.com\/es\/wp-json\/wp\/v2\/pages"}],"about":[{"href":"https:\/\/cabriomallorca.com\/es\/wp-json\/wp\/v2\/types\/page"}],"author":[{"embeddable":true,"href":"https:\/\/cabriomallorca.com\/es\/wp-json\/wp\/v2\/users\/1"}],"replies":[{"embeddable":true,"href":"https:\/\/cabriomallorca.com\/es\/wp-json\/wp\/v2\/comments?post=5241"}],"version-history":[{"count":3,"href":"https:\/\/cabriomallorca.com\/es\/wp-json\/wp\/v2\/pages\/5241\/revisions"}],"predecessor-version":[{"id":5323,"href":"https:\/\/cabriomallorca.com\/es\/wp-json\/wp\/v2\/pages\/5241\/revisions\/5323"}],"wp:attachment":[{"href":"https:\/\/cabriomallorca.com\/es\/wp-json\/wp\/v2\/media?parent=5241"}],"curies":[{"name":"wp","href":"https:\/\/api.w.org\/{rel}","templated":true}]}}