{"id":5210,"date":"2023-02-04T11:05:16","date_gmt":"2023-02-04T11:05:16","guid":{"rendered":"https:\/\/mallorca-mietwagen.com\/rutas-en-descapotable-por-mallorca\/"},"modified":"2024-04-25T10:31:39","modified_gmt":"2024-04-25T10:31:39","slug":"rutas-en-descapotable-por-mallorca","status":"publish","type":"page","link":"https:\/\/cabriomallorca.com\/es\/rutas-en-descapotable-por-mallorca\/","title":{"rendered":"Rutas en descapotable por Mallorca"},"content":{"rendered":"<div class=\"wpb-content-wrapper\"><p>[vc_row][vc_column][vc_single_image image=\u00bb4547&#8243; img_size=\u00bb400&#215;250&#8243; alignment=\u00bbcenter\u00bb style=\u00bbvc_box_border_circle\u00bb][vc_column_text]<\/p>\n<div class=\"markdown markdown-main-panel\" dir=\"ltr\">\n<h2 data-sourcepos=\"1:1-1:42\">Excursiones descapotables en Mallorca<\/h2>\n<ol data-sourcepos=\"3:1-23:0\">\n<li data-sourcepos=\"3:1-6:0\">\n<p data-sourcepos=\"3:4-5:33\"><strong>Mejor \u00e9poca para visitarla:<\/strong> La primavera (abril-mayo) y el oto\u00f1o (septiembre-octubre) ofrecen un tiempo agradable y menos tr\u00e1fico.<\/p>\n<\/li>\n<li data-sourcepos=\"7:1-7:90\">\n<p data-sourcepos=\"7:4-7:90\"><strong>Punto de partida:<\/strong> Palma de Mallorca est\u00e1 situada en el centro.<\/p>\n<\/li>\n<li data-sourcepos=\"8:1-11:0\">\n<p data-sourcepos=\"8:4-10:35\"><strong>Carreteras costeras:<\/strong> La sinuosa costa oeste con la Serra de Tramuntana y la costa sur con bah\u00edas de color turquesa ofrecen vistas impresionantes.<\/p>\n<\/li>\n<li data-sourcepos=\"12:1-16:0\">\n<p data-sourcepos=\"12:4-12:18\"><strong>Las mejores visitas:<\/strong><\/p>\n<ul data-sourcepos=\"13:5-16:0\">\n<li data-sourcepos=\"13:5-13:106\"><strong>Costa oeste:<\/strong> Palma &#8211; Andratx &#8211; Sant Elm &#8211; Port de S\u00f3ller &#8211; Dei\u00e0 &#8211; Valldemossa &#8211; Palma (aprox. 143 km, 3h22min) <a href=\"https:\/\/maps.app.goo.gl\/L3z8uhTURdaEv1z47\" target=\"_blank\" rel=\"noopener\">Abrir ruta de mapas<\/a><\/li>\n<li data-sourcepos=\"14:5-14:107\"><strong>Costa sur:<\/strong> Palma &#8211; Cala Pi &#8211; Ses Salines &#8211; Santany\u00ed &#8211; Cala Llombards &#8211; Campos &#8211; Palma (aprox. 152 km, 2h34 min) <a href=\"https:\/\/maps.app.goo.gl\/x4eqTFJA6Wqa4LWY6\" target=\"_blank\" rel=\"noopener\">Abrir ruta del mapa<\/a><\/li>\n<li data-sourcepos=\"15:5-16:0\"><strong>Vuelta a la isla:<\/strong> Palma &#8211; Art\u00e0 &#8211; Capdepera &#8211; Cala Ratjada &#8211; Porto Cristo &#8211; Manacor &#8211; Felanitx &#8211; Santany\u00ed &#8211; Llucmajor &#8211; Palma (aprox. 212 km, 3h37min) <a href=\"https:\/\/maps.app.goo.gl\/eExDmdigZnVSY5Gm6\" target=\"_blank\" rel=\"noopener\">Abrir ruta en mapa<\/a><\/li>\n<\/ul>\n<\/li>\n<li data-sourcepos=\"20:1-20:99\">\n<p data-sourcepos=\"20:4-20:99\"><strong>Normas de tr\u00e1fico abiertas:<\/strong> Respeta los l\u00edmites de velocidad, aparca en las zonas designadas.<\/p>\n<\/li>\n<li data-sourcepos=\"21:1-21:81\">\n<p data-sourcepos=\"21:4-21:81\"><strong>Protecci\u00f3n solar:<\/strong> No olvides la crema solar, las gafas de sol y el casco.<\/p>\n<\/li>\n<li data-sourcepos=\"22:1-23:0\">\n<p data-sourcepos=\"22:5-22:74\"><strong>Sentimiento isle\u00f1o:<\/strong> lleva m\u00fasica, aperitivos y bebidas para el viaje.<\/p>\n<\/li>\n<\/ol>\n<p data-sourcepos=\"24:1-24:24\"><strong>Otros lugares hermosos:<\/strong><\/p>\n<ul data-sourcepos=\"26:1-29:0\">\n<li data-sourcepos=\"26:1-26:57\"><strong>Costa norte:<\/strong> Pollen\u00e7a, Puerto de Alcudia, Cap Formentor<\/li>\n<li data-sourcepos=\"27:1-27:56\"><strong>Este:<\/strong> Cala Millor, Porto Colom, Cales de Mallorca<\/li>\n<li data-sourcepos=\"28:1-29:0\"><strong>Centro de la isla:<\/strong> Inca, Sineu, Montu\u00efri<\/li>\n<\/ul>\n<p data-sourcepos=\"1:1-1:214\">Una excursi\u00f3n en descapotable por Mallorca es una experiencia inolvidable que te acerca a la belleza de la isla de una forma \u00fanica. \u00c9stos son algunos de los aspectos m\u00e1s destacados que puedes experimentar en una excursi\u00f3n de este tipo:<\/p>\n<p data-sourcepos=\"3:1-3:243\"><strong>Paisajes impresionantes:<\/strong> Mallorca ofrece un paisaje diverso con costas escarpadas, pueblos id\u00edlicos y colinas onduladas. En un descapotable, puedes experimentar el paisaje de cerca y disfrutar del aire fresco y la brisa.<\/p>\n<p data-sourcepos=\"5:1-5:247\"><strong>Fant\u00e1sticas vistas:<\/strong> Desde las sinuosas carreteras de la Tramuntana hasta las bah\u00edas de color turquesa del sur de la isla, en una excursi\u00f3n en descapotable te deleitar\u00e1s con unas vistas impresionantes que te acompa\u00f1ar\u00e1n durante mucho tiempo.<\/p>\n<p data-sourcepos=\"7:1-7:238\"><strong>Pueblos con<\/strong> encanto: Mallorca est\u00e1 repleta de pueblos con encanto que invitan a quedarse. En las callejuelas podr\u00e1s admirar la arquitectura tradicional, probar las especialidades locales y disfrutar del modo de vida de la isla.<\/p>\n<p data-sourcepos=\"9:1-9:262\"><strong>Aspectos culturales destacados:<\/strong> Mallorca tiene una rica historia y cultura que puedes descubrir en tu excursi\u00f3n en descapotable. Recorre el casco antiguo de Palma, visita la catedral de La Seu o explora los numerosos museos y galer\u00edas de la isla.<\/p>\n<p data-sourcepos=\"11:1-11:217\"><strong>Delicias culinarias:<\/strong> La cocina mallorquina es deliciosa y variada. Prueba las tapas frescas, el pescado reci\u00e9n pescado y la paella en uno de los muchos restaurantes junto al mar o en los pueblos de la isla.<\/p>\n<p data-sourcepos=\"13:1-13:271\"><strong>Experiencia de conducci\u00f3n inolvidable<\/strong>: Recorrer las sinuosas carreteras de Mallorca en un descapotable es una experiencia inolvidable. D\u00e9jate mimar por el viento y el sol y disfruta de la libertad y flexibilidad que te ofrece una excursi\u00f3n descapotable.<\/p>\n<p data-sourcepos=\"15:1-15:177\"><strong>Otras actividades:<\/strong> Dependiendo de la ruta y del proveedor, tambi\u00e9n puedes participar en diversas actividades durante tu viaje en descapotable, como senderismo, nataci\u00f3n o paseos en barco.<\/p>\n<\/div>\n<p>[\/vc_column_text][\/vc_column][\/vc_row][vc_row][vc_column][vc_column_text]<\/p>\n<h3>Ahora s\u00f3lo tienes que reservar el descapotable:<\/h3>\n<p>[\/vc_column_text][\/vc_column][\/vc_row][vc_row][vc_column]<div id=\"search52406\"><form id=\"formElem\" name=\"formElem\" action=\"\" method=\"post\">\r\n    <div class=\"row search_form_row step1 inline_form\" id=\"search_form\">\r\n        <div class=\"col-xs-12 col-sm-9 col-md-10\">\r\n            <div class=\"row\">\r\n                <div class=\"col-xxs-12 col-xs-6\">\r\n                    <div class=\"row\">\r\n\t\t\t\t\t\t                            <div class=\"col-xs-12 col-lg-6\">\r\n                                <span class=\"hidden-xs hidden-sm hidden-md form_title\">Ubicaci\u00f3n de Recogida<\/span>\r\n                                <span class=\"hidden-lg form_title\">Recogida Informaci\u00f3n<\/span>\r\n\t\t\t\t\t\t\t\t                                    <select name=\"pickup_location_id\" class=\"form-control pickup-location home-select\">\r\n\t\t\t\t\t\t\t\t\t\t<option value=\"0\" selected=\"selected\">Recogida:<\/option><option value=\"1\">1. aeropuerto Palma<\/option><option value=\"2\">2. entrega al hotel<\/option>                                    <\/select>\r\n\t\t\t\t\t\t\t\t                            <\/div>\r\n\t\t\t\t\t\t\t\t\t\t\t\t                            <div class=\"col-xs-12 col-lg-6\">\r\n                                <span class=\"hidden-xs hidden-sm hidden-md form_title\">Fecha de Recogida<\/span>\r\n                                <div class=\"row\">\r\n                                    <div class=\"col-xs-7 col-md-6 date top_margin-md\">\r\n\t\t\t\t\t\t\t\t\t\t                                            <input type=\"text\" name=\"pickup_date\"\r\n                                                   value=\"Fecha:\"\r\n                                                   placeholder=\"Fecha:\"\r\n                                                   class=\"pickup-date\"\r\n                                                   readonly=\"readonly\" AUTOCOMPLETE=\"off\"\/>\r\n\t\t\t\t\t\t\t\t\t\t                                    <\/div>\r\n                                    <div class=\"col-xs-5 col-md-6 time top_margin-md\">\r\n\t\t\t\t\t\t\t\t\t\t                                            <select name=\"pickup_time\" class=\"pickup-time\">\r\n\t\t\t\t\t\t\t\t\t\t\t\t<option value=\"00:00:00\">00:00<\/option><option value=\"00:30:00\">00:30<\/option><option value=\"01:00:00\">01:00<\/option><option value=\"01:30:00\">01:30<\/option><option value=\"02:00:00\">02:00<\/option><option value=\"02:30:00\">02:30<\/option><option value=\"03:00:00\">03:00<\/option><option value=\"03:30:00\">03:30<\/option><option value=\"04:00:00\">04:00<\/option><option value=\"04:30:00\">04:30<\/option><option value=\"05:00:00\">05:00<\/option><option value=\"05:30:00\">05:30<\/option><option value=\"06:00:00\">06:00<\/option><option value=\"06:30:00\">06:30<\/option><option value=\"07:00:00\">07:00<\/option><option value=\"07:30:00\">07:30<\/option><option value=\"08:00:00\">08:00<\/option><option value=\"08:30:00\">08:30<\/option><option value=\"09:00:00\">09:00<\/option><option value=\"09:30:00\">09:30<\/option><option value=\"10:00:00\">10:00<\/option><option value=\"10:30:00\">10:30<\/option><option value=\"11:00:00\">11:00<\/option><option value=\"11:30:00\">11:30<\/option><option value=\"12:00:00\" selected=\"selected\">12:00<\/option><option value=\"12:30:00\">12:30<\/option><option value=\"13:00:00\">13:00<\/option><option value=\"13:30:00\">13:30<\/option><option value=\"14:00:00\">14:00<\/option><option value=\"14:30:00\">14:30<\/option><option value=\"15:00:00\">15:00<\/option><option value=\"15:30:00\">15:30<\/option><option value=\"16:00:00\">16:00<\/option><option value=\"16:30:00\">16:30<\/option><option value=\"17:00:00\">17:00<\/option><option value=\"17:30:00\">17:30<\/option><option value=\"18:00:00\">18:00<\/option><option value=\"18:30:00\">18:30<\/option><option value=\"19:00:00\">19:00<\/option><option value=\"19:30:00\">19:30<\/option><option value=\"20:00:00\">20:00<\/option><option value=\"20:30:00\">20:30<\/option><option value=\"21:00:00\">21:00<\/option><option value=\"21:30:00\">21:30<\/option><option value=\"22:00:00\">22:00<\/option><option value=\"22:30:00\">22:30<\/option><option value=\"23:00:00\">23:00<\/option><option value=\"23:30:00\">23:30<\/option>                                            <\/select>\r\n\t\t\t\t\t\t\t\t\t\t                                    <\/div>\r\n                                <\/div>\r\n                            <\/div>\r\n\t\t\t\t\t\t                    <\/div>\r\n                <\/div>\r\n                <div class=\"col-xxs-12 col-xs-6\">\r\n                    <div class=\"row\">\r\n\t\t\t\t\t\t                            <div class=\"col-xxs-12 col-xs-12 col-lg-6\">\r\n                                <span class=\"hidden-xs hidden-sm hidden-md form_title\">Ubicaci\u00f3n de Devoluci\u00f3n<\/span>\r\n                                <span class=\"hidden-lg form_title\">Devoluci\u00f3n Informaci\u00f3n<\/span>\r\n\t\t\t\t\t\t\t\t\t\t\t\t\t\t\t\t\t                                        <select name=\"return_location_id\"\r\n                                                class=\"form-control return-location home-select\">\r\n\t\t\t\t\t\t\t\t\t\t\t<option value=\"0\" selected=\"selected\">Devoluci\u00f3n:<\/option><option value=\"1\">1. aeropuerto Palma<\/option><option value=\"2\">2. entrega al hotel<\/option>                                        <\/select>\r\n\t\t\t\t\t\t\t\t\t\t\t\t\t\t\t\t\t                            <\/div>\r\n\t\t\t\t\t\t\t\t\t\t\t\t                            <div class=\"col-xxs-12 col-xs-12 col-lg-6\">\r\n                                <span class=\"hidden-xs hidden-sm hidden-md form_title\">Fecha de Devoluci\u00f3n<\/span>\r\n                                <div class=\"row\">\r\n\t\t\t\t\t\t\t\t\t                                        <div class=\"col-xs-7 col-md-6 date top_margin-md\">\r\n\t\t\t\t\t\t\t\t\t\t\t                                                <input type=\"text\" name=\"return_date\" class=\"return-date\"\r\n                                                       value=\"Fecha:\"\r\n                                                       placeholder=\"Fecha:\"\r\n                                                       readonly=\"readonly\" AUTOCOMPLETE=\"off\"\/>\r\n\t\t\t\t\t\t\t\t\t\t\t                                        <\/div>\r\n                                        <div class=\"col-xs-5 col-md-6 time top_margin-md\">\r\n\t\t\t\t\t\t\t\t\t\t\t                                                <select name=\"return_time\" class=\"return-time\">\r\n\t\t\t\t\t\t\t\t\t\t\t\t\t<option value=\"00:00:00\">00:00<\/option><option value=\"00:30:00\">00:30<\/option><option value=\"01:00:00\">01:00<\/option><option value=\"01:30:00\">01:30<\/option><option value=\"02:00:00\">02:00<\/option><option value=\"02:30:00\">02:30<\/option><option value=\"03:00:00\">03:00<\/option><option value=\"03:30:00\">03:30<\/option><option value=\"04:00:00\">04:00<\/option><option value=\"04:30:00\">04:30<\/option><option value=\"05:00:00\">05:00<\/option><option value=\"05:30:00\">05:30<\/option><option value=\"06:00:00\">06:00<\/option><option value=\"06:30:00\">06:30<\/option><option value=\"07:00:00\">07:00<\/option><option value=\"07:30:00\">07:30<\/option><option value=\"08:00:00\">08:00<\/option><option value=\"08:30:00\">08:30<\/option><option value=\"09:00:00\">09:00<\/option><option value=\"09:30:00\">09:30<\/option><option value=\"10:00:00\">10:00<\/option><option value=\"10:30:00\">10:30<\/option><option value=\"11:00:00\">11:00<\/option><option value=\"11:30:00\">11:30<\/option><option value=\"12:00:00\" selected=\"selected\">12:00<\/option><option value=\"12:30:00\">12:30<\/option><option value=\"13:00:00\">13:00<\/option><option value=\"13:30:00\">13:30<\/option><option value=\"14:00:00\">14:00<\/option><option value=\"14:30:00\">14:30<\/option><option value=\"15:00:00\">15:00<\/option><option value=\"15:30:00\">15:30<\/option><option value=\"16:00:00\">16:00<\/option><option value=\"16:30:00\">16:30<\/option><option value=\"17:00:00\">17:00<\/option><option value=\"17:30:00\">17:30<\/option><option value=\"18:00:00\">18:00<\/option><option value=\"18:30:00\">18:30<\/option><option value=\"19:00:00\">19:00<\/option><option value=\"19:30:00\">19:30<\/option><option value=\"20:00:00\">20:00<\/option><option value=\"20:30:00\">20:30<\/option><option value=\"21:00:00\">21:00<\/option><option value=\"21:30:00\">21:30<\/option><option value=\"22:00:00\">22:00<\/option><option value=\"22:30:00\">22:30<\/option><option value=\"23:00:00\">23:00<\/option><option value=\"23:30:00\">23:30<\/option>                                                <\/select>\r\n\t\t\t\t\t\t\t\t\t\t\t                                        <\/div>\r\n\t\t\t\t\t\t\t\t\t                                <\/div>\r\n                            <\/div>\r\n\t\t\t\t\t\t                    <\/div>\r\n                <\/div>\r\n            <\/div>\r\n\t\t\t        <\/div>\r\n        <div class=\"col-xs-12 col-sm-3 col-md-2 crs-form-submit\">\r\n            <input type=\"hidden\" name=\"car_rental_came_from_step1\" value=\"yes\"\/>\r\n\t\t\t\t\t\t\t<input type=\"submit\" name=\"car_rental_do_search\" value=\"Buscar\" class=\"car-rental-do-search md-bigger\" onClick=\"ga('send', 'event', 'Car Rental', 'Click', '1. Search for all cars');\" \/>\t\t\t        <\/div>\r\n    <\/div>\r\n<\/form>\r\n<script type=\"text\/javascript\">\r\n    var autoFocus = '1';\r\n    var locationsS2 = '1';\r\n    var durationS2 = '';\r\n    var priceType = '1';\r\n    var returnLocation = '1';\r\n    var returnDate = '1';\r\n    var NRS_SELECT_BOOKING_DATE_TEXT = 'Fecha:';\r\n\r\n    jQuery(document).ready(function () {\r\n        var options = {};\r\n        options.useDatePicker = '1';\r\n        options.unavailableDates = [];\r\n        options.autoFocus = autoFocus;\r\n        options.timeMode = 'regular';\r\n        options.minimumBookingPeriodInseconds = '259200';\r\n        options.nrsDateFormat = 'dd\/mm\/yy';\r\n        options.firstDay = '1';\r\n        options.locationsS2 = locationsS2;\r\n        options.filtersS2 = '';\r\n        options.durationS2 = durationS2;\r\n        options.priceType = priceType;\r\n        options.returnLocation = returnLocation;\r\n        options.returnDate = returnDate;\r\n        options.minDate = '0';\r\n        options.existingBookingCodeVisible = '';\r\n        options.couponCodeRequired = '';\r\n        options.pickupLocationRequired = '1';\r\n        options.returnLocationRequired = '1';\r\n        options.pickupDateRequired = '1';\r\n        options.returnDateRequired = '1';\r\n        options.timeFormat = 'H:i';\r\n        options.NRS_SELECT_BOOKING_DATE_TEXT = NRS_SELECT_BOOKING_DATE_TEXT;\r\n        options.NRS_I_HAVE_BOOKING_CODE_TEXT = \"Tengo un n\u00famero de reserva:\";\r\n        options.NRS_COUPON_CODE_ALERT_TEXT = \"\u00a1Por favor, ingrese el c\u00f3digo de cup\u00f3n!\";\r\n        options.NRS_PICKUP_LOCATION_ALERT_TEXT = \"Por favor, seleccione el lugar de encuentro!\";\r\n        options.NRS_RETURN_LOCATION_ALERT_TEXT = \"Por favor, seleccione el lugar de Devoluci\u00f3n!\";\r\n        options.NRS_PICKUP_DATE_ALERT_TEXT = \"Por favor, Ingrese la fecha de Llegada!\";\r\n        options.NRS_RETURN_DATE_ALERT_TEXT = \"Por favor, Ingrese la Fecha de Salida!\";\r\n        options.NRS_BOOKING_PERIOD_ALERT_TEXT = \"Por favor, Ingrese la Fecha de Salida!\";\r\n        options.NRS_MINUTES_TEXT = \"minutos\";\r\n        options.NRS_HOURS_TEXT = \"horashoras\";\r\n        options.NRS_ERROR_MINIMUM_NUMBER_OF_NIGHT_SHOULD_NOT_BE_LESS_THAN_TEXT = \"El n\u00famero m\u00ednimo de noches no debe ser inferior a\";\r\n        options.NRS_ERROR_PLEASE_MODIFY_YOUR_SEARCH_CRITERIA_TEXT = \"Modificar sus criterios de b\u00fasqueda.\";\r\n        step1.init(options);\r\n    });<\/script><\/div>[\/vc_column][\/vc_row][vc_column][\/vc_column][vc_row][vc_column]<div id=\"cars-slider994004\"><div class=\"car-rental-slider car-rental-loading\">\r\n\t        <div class=\"responsive-cars-slider\">\r\n\t\t\t                <div>\r\n\t\t\t\t\t<div class=\"car-rental-item-image\"><a href=\"https:\/\/cabriomallorca.com\/es\/mietwagen\/land-rover-freelander-sport-cabrio\/\" title=\"Ver Carro\"><img data-lazy=\"https:\/\/cabriomallorca.com\/wp-content\/uploads\/CarRentalGallery\/thumb_freelander.jpg\" title=\"Land Rover Freelander Sport Cabrio\" alt=\"Land Rover Freelander Sport Cabrio\"><\/a><\/div><div class=\"car-rental-item-details\"><div class=\"car-rental-slider-bodytype-title\">SUV Cabrio<\/div><div class=\"car-rental-item-title underline full-width\"><a class=\"primary_color\" href=\"https:\/\/cabriomallorca.com\/es\/mietwagen\/land-rover-freelander-sport-cabrio\/\" title=\"Ver Carro\">Land Rover Freelander Sport Cabrio<\/a><\/div><div class=\"car-rental-item-prefix primary_color\">d\u00eda Desde<\/div><div class=\"car-rental-item-price primary_color\">55&euro;<\/div><\/div>                <\/div>\r\n\t\t\t                <div>\r\n\t\t\t\t\t<div class=\"car-rental-item-image\"><a href=\"https:\/\/cabriomallorca.com\/es\/mietwagen\/audi-a3-cabrio\/\" title=\"Ver Carro\"><img data-lazy=\"https:\/\/cabriomallorca.com\/wp-content\/uploads\/CarRentalGallery\/thumb_A3neu.png\" title=\"Audi A3 Cabrio o.\u00e4.\" alt=\"Audi A3 Cabrio o.\u00e4.\"><\/a><\/div><div class=\"car-rental-item-details\"><div class=\"car-rental-slider-bodytype-title\">Cabrio<\/div><div class=\"car-rental-item-title underline full-width\"><a class=\"primary_color\" href=\"https:\/\/cabriomallorca.com\/es\/mietwagen\/audi-a3-cabrio\/\" title=\"Ver Carro\">Audi A3 Cabrio o.\u00e4.<\/a><\/div><div class=\"car-rental-item-prefix primary_color\">d\u00eda Desde<\/div><div class=\"car-rental-item-price primary_color\">60&euro;<\/div><\/div>                <\/div>\r\n\t\t\t                <div>\r\n\t\t\t\t\t<div class=\"car-rental-item-image\"><a href=\"https:\/\/cabriomallorca.com\/es\/mietwagen\/opel-cascada-cabrio\/\" title=\"Ver Carro\"><img data-lazy=\"https:\/\/cabriomallorca.com\/wp-content\/uploads\/CarRentalGallery\/thumb_cascada.png\" title=\"Opel Cascada o.\u00e4.\" alt=\"Opel Cascada o.\u00e4.\"><\/a><\/div><div class=\"car-rental-item-details\"><div class=\"car-rental-slider-bodytype-title\">Cabrio<\/div><div class=\"car-rental-item-title underline full-width\"><a class=\"primary_color\" href=\"https:\/\/cabriomallorca.com\/es\/mietwagen\/opel-cascada-cabrio\/\" title=\"Ver Carro\">Opel Cascada o.\u00e4.<\/a><\/div><div class=\"car-rental-item-prefix primary_color\">d\u00eda Desde<\/div><div class=\"car-rental-item-price primary_color\">60&euro;<\/div><\/div>                <\/div>\r\n\t\t\t                <div>\r\n\t\t\t\t\t<div class=\"car-rental-item-image\"><a href=\"https:\/\/cabriomallorca.com\/es\/mietwagen\/audi-a3-autom\/\" title=\"Ver Carro\"><img data-lazy=\"https:\/\/cabriomallorca.com\/wp-content\/uploads\/CarRentalGallery\/thumb_1711617316_A3cabrio.jpg\" title=\"Audi A3 Cabrio autom. o.\u00e4.\" alt=\"Audi A3 Cabrio autom. o.\u00e4.\"><\/a><\/div><div class=\"car-rental-item-details\"><div class=\"car-rental-slider-bodytype-title\">Cabrio<\/div><div class=\"car-rental-item-title underline full-width\"><a class=\"primary_color\" href=\"https:\/\/cabriomallorca.com\/es\/mietwagen\/audi-a3-autom\/\" title=\"Ver Carro\">Audi A3 Cabrio autom. o.\u00e4.<\/a><\/div><div class=\"car-rental-item-prefix primary_color\">d\u00eda Desde<\/div><div class=\"car-rental-item-price primary_color\">68&euro;<\/div><\/div>                <\/div>\r\n\t\t\t                <div>\r\n\t\t\t\t\t<div class=\"car-rental-item-image\"><a href=\"https:\/\/cabriomallorca.com\/es\/mietwagen\/mini-cooper-cabrio\/\" title=\"Ver Carro\"><img data-lazy=\"https:\/\/cabriomallorca.com\/wp-content\/uploads\/CarRentalGallery\/thumb_minicabrio.png\" title=\"Mini Cooper Cabrio\" alt=\"Mini Cooper Cabrio\"><\/a><\/div><div class=\"car-rental-item-details\"><div class=\"car-rental-slider-bodytype-title\">Cabrio<\/div><div class=\"car-rental-item-title underline full-width\"><a class=\"primary_color\" href=\"https:\/\/cabriomallorca.com\/es\/mietwagen\/mini-cooper-cabrio\/\" title=\"Ver Carro\">Mini Cooper Cabrio<\/a><\/div><div class=\"car-rental-item-prefix primary_color\">d\u00eda Desde<\/div><div class=\"car-rental-item-price primary_color\">68&euro;<\/div><\/div>                <\/div>\r\n\t\t\t                <div>\r\n\t\t\t\t\t<div class=\"car-rental-item-image\"><a href=\"https:\/\/cabriomallorca.com\/es\/mietwagen\/audi-a5-cabrio\/\" title=\"Ver Carro\"><img data-lazy=\"https:\/\/cabriomallorca.com\/wp-content\/uploads\/CarRentalGallery\/thumb_1682361400_A5-cabrio1.jpg\" title=\"Audi A5 Cabrio Automatik o.\u00e4.\" alt=\"Audi A5 Cabrio Automatik o.\u00e4.\"><\/a><\/div><div class=\"car-rental-item-details\"><div class=\"car-rental-slider-bodytype-title\">Cabrio<\/div><div class=\"car-rental-item-title underline full-width\"><a class=\"primary_color\" href=\"https:\/\/cabriomallorca.com\/es\/mietwagen\/audi-a5-cabrio\/\" title=\"Ver Carro\">Audi A5 Cabrio Automatik o.\u00e4.<\/a><\/div><div class=\"car-rental-item-prefix primary_color\">d\u00eda Desde<\/div><div class=\"car-rental-item-price primary_color\">119&euro;<\/div><\/div>                <\/div>\r\n\t\t\t        <\/div>\r\n\t<\/div><\/div>[\/vc_column][\/vc_row]<\/p>\n<\/div>","protected":false},"excerpt":{"rendered":"<p>[vc_row][vc_column][vc_single_image image=\u00bb4547&#8243; img_size=\u00bb400&#215;250&#8243; alignment=\u00bbcenter\u00bb style=\u00bbvc_box_border_circle\u00bb][vc_column_text] Excursiones descapotables en Mallorca Mejor \u00e9poca para visitarla: La primavera (abril-mayo) y el oto\u00f1o (septiembre-octubre) ofrecen un tiempo agradable y menos tr\u00e1fico. Punto de partida: Palma de Mallorca est\u00e1 situada en el centro. Carreteras costeras: La sinuosa costa oeste con la Serra de Tramuntana y la costa sur con bah\u00edas [&hellip;]<\/p>\n","protected":false},"author":1,"featured_media":0,"parent":0,"menu_order":0,"comment_status":"closed","ping_status":"closed","template":"","meta":{"footnotes":""},"class_list":["post-5210","page","type-page","status-publish","hentry"],"_links":{"self":[{"href":"https:\/\/cabriomallorca.com\/es\/wp-json\/wp\/v2\/pages\/5210","targetHints":{"allow":["GET"]}}],"collection":[{"href":"https:\/\/cabriomallorca.com\/es\/wp-json\/wp\/v2\/pages"}],"about":[{"href":"https:\/\/cabriomallorca.com\/es\/wp-json\/wp\/v2\/types\/page"}],"author":[{"embeddable":true,"href":"https:\/\/cabriomallorca.com\/es\/wp-json\/wp\/v2\/users\/1"}],"replies":[{"embeddable":true,"href":"https:\/\/cabriomallorca.com\/es\/wp-json\/wp\/v2\/comments?post=5210"}],"version-history":[{"count":1,"href":"https:\/\/cabriomallorca.com\/es\/wp-json\/wp\/v2\/pages\/5210\/revisions"}],"predecessor-version":[{"id":5213,"href":"https:\/\/cabriomallorca.com\/es\/wp-json\/wp\/v2\/pages\/5210\/revisions\/5213"}],"wp:attachment":[{"href":"https:\/\/cabriomallorca.com\/es\/wp-json\/wp\/v2\/media?parent=5210"}],"curies":[{"name":"wp","href":"https:\/\/api.w.org\/{rel}","templated":true}]}}