{"id":5181,"date":"2019-02-13T22:34:47","date_gmt":"2019-02-13T22:34:47","guid":{"rendered":"https:\/\/mallorca-mietwagen.com\/condiciones-de-alquiler\/"},"modified":"2024-04-25T10:31:00","modified_gmt":"2024-04-25T10:31:00","slug":"condiciones-de-alquiler","status":"publish","type":"page","link":"https:\/\/cabriomallorca.com\/es\/condiciones-de-alquiler\/","title":{"rendered":"Condiciones de alquiler"},"content":{"rendered":"<div class=\"wpb-content-wrapper\"><p>[vc_row][vc_column][vc_column_text css_animation=\u00bbfadeInUp\u00bb]<\/p>\n<p>\nF\u00fcr eine Anmietung muss\u00a0<strong>vor Ort<\/strong> eine g\u00fcltige Kreditkarte als Sicherheit vorgelegt werden. Wenn Sie NICHT im Besitz einer Kreditkarte sind, haben Sie am Flughafen Mallorca alternativ die M\u00f6glichkeit, eine B\u00fcrgschaft in H\u00f6he von 500\/800\/1200EU (je nach Fahrzeugtyp) und den Mietpreis per EC Karte zu bezahlen. Ausserdem haben Sie auch die<strong> M\u00f6glichkeit in Bar zu zahlen (Bearbeitungsgeb\u00fchr 15\u20ac)<\/strong>.\n<p>\n<strong>WICHTIG:<\/strong>\u00a0Bei uns mieten Sie das Fahrzeug g\u00fcnstiger als vor Ort. Daher ist es zwingend notwendig, den Mietwagenvoucher (Gutschein) mit dem darin enthaltenen Preis vor Ort vorzulegen. Reisen Sie ohne dieses Schreiben an, \u00fcbernehmen wir keine Haftung und erstatten in keinem Fall evtl. \u00dcberzahlungen.\n<p>\n<strong>Grunds\u00e4tzlich gelten folgende Bedingungen:<\/strong>\n\n<ol class=\"wp-block-list\">\n<li>La edad m\u00ednima suele ser de 21 a\u00f1os, salvo que se especifique una edad superior en la descripci\u00f3n del veh\u00edculo.<\/li>\n<li>Todos los <strong>kil\u00f3metros<\/strong> recorridos est\u00e1n <strong>incluidos<\/strong> en el precio del alquiler.<\/li>\n<li>El cargo por combustible var\u00eda seg\u00fan la empresa de alquiler de coches, por lo que encontrar\u00e1s esta informaci\u00f3n en \u00abcondiciones detalladas de alquiler\u00bb en la lista de veh\u00edculos. (Mueve el rat\u00f3n sobre la imagen del veh\u00edculo).<\/li>\n<li>El seguro a todo riesgo siempre est\u00e1 incluido. Los detalles se muestran cuando calculas el precio en el sitio web.<\/li>\n<li><strong>Servicio de aeropuerto: <\/strong>Un miembro del personal te estar\u00e1 esperando a tu llegada al aeropuerto de Palma de Mallorca. Tras los tr\u00e1mites (5 minutos), recibir\u00e1s tu veh\u00edculo de alquiler en el<strong> aparcamiento VIP del aeropuerto<\/strong>. Sin tiempos de espera, sin colas, sin b\u00fasquedas en el aparcamiento.<\/li>\n<li>El periodo m\u00ednimo de alquiler es de tres d\u00edas.<\/li>\n<li>Es absolutamente necesario un n\u00famero de vuelo, tal como se indica en la confirmaci\u00f3n del alquiler que recibes tras la reserva. Sin ella, el veh\u00edculo de alquiler no podr\u00e1 ser entregado en el aeropuerto. En algunos casos, s\u00f3lo se puede suministrar una categor\u00eda de veh\u00edculo menor sin n\u00famero de vuelo.<\/li>\n<li>Un d\u00eda de alquiler tiene 24 horas, es decir, si recoges el veh\u00edculo a las 10 de la ma\u00f1ana, los d\u00edas cuentan hasta las 10 de la ma\u00f1ana (m\u00e1s aproximadamente 1 hora de buena voluntad).<\/li>\n<li><strong>a)<\/strong> <strong>Pago: <\/strong> Puede efectuarse despu\u00e9s de la reserva en l\u00ednea mediante tarjeta de cr\u00e9dito o transferencia bancaria.<br\/>b) Cancelaci\u00f3n: En caso de cancelaci\u00f3n con seguro de cancelaci\u00f3n, el cliente recibir\u00e1 un reembolso del 100% del dep\u00f3sito en forma de vale. La cancelaci\u00f3n es posible a trav\u00e9s de nuestro <a href=\"https:\/\/www.mallorca-cabrio.com\/anfragen-mietwagen\/\">sistema de asistencia<\/a> hasta 72 horas antes de la llegada. Sin seguro de cancelaci\u00f3n, el precio del alquiler se debe en su totalidad si no se cumple el contrato. El seguro de cancelaci\u00f3n s\u00f3lo puede contratarse directamente en el momento de la reserva. NO es posible una compra posterior.<\/li>\n<li>Servicios adicionales: Se ofrecen varios servicios adicionales al hacer la reserva, como asientos para ni\u00f1os, dispositivos de navegaci\u00f3n o seguro adicional. Todos los servicios adicionales pueden a\u00f1adirse a la reserva posteriormente. Queda excluido el seguro de anulaci\u00f3n. Esto s\u00f3lo se puede seleccionar directamente en el momento de la reserva, no despu\u00e9s.<\/li>\n<li>El conductor debe ser titular de un permiso de conducir v\u00e1lido desde hace al menos un a\u00f1o.<\/li>\n<li>Despu\u00e9s de enviar tu reserva recibir\u00e1s una confirmaci\u00f3n\/vale para imprimir. Algunas categor\u00edas de veh\u00edculos deben reconfirmarse con la empresa de alquiler para garantizar al 100% la seguridad de la entrega in situ. Normalmente lo hacemos en un plazo de 24 horas por correo electr\u00f3nico.<\/li>\n<li>Encontrar\u00e1s toda la informaci\u00f3n necesaria para recoger el coche de alquiler en la confirmaci\u00f3n de la reserva. Puedes imprimirlos despu\u00e9s de completar la reserva.<\/li>\n<li>Si un cliente desea alquilar un modelo concreto de una categor\u00eda, nos esforzaremos por poner a su disposici\u00f3n el modelo seleccionado. Sin embargo, no es posible garantizarlo. Si no hay ning\u00fan veh\u00edculo disponible en la categor\u00eda seleccionada, siempre se proporcionar\u00e1 un veh\u00edculo de una categor\u00eda superior.<\/li>\n<li><strong>Normativa<\/strong> de repostaje<strong>:<\/strong> Con nosotros tienes la normativa de repostaje <strong>m\u00e1s respetuosa con el cliente<\/strong>. El veh\u00edculo se entrega con el dep\u00f3sito lleno y se devuelve en las mismas condiciones.  <\/li>\n<li><strong>Tasas de servicio in situ: <\/strong>La mayor\u00eda de las empresas de alquiler de coches de Mallorca cobran una \u00abtasa de servicio\u00bb in situ, adem\u00e1s del precio del alquiler. Var\u00eda entre 15 y 50 euros. <strong>Nosotros no cobramos esta tasa.<\/strong> S\u00f3lo pagas lo que figura en tu contrato de alquiler,<strong> sin \u00abtasas de servicio<\/strong> \u00bb adicionales.<\/li>\n<li>Servicio de atenci\u00f3n al cliente: Si has tenido alguna dificultad in situ, estaremos encantados de ayudarte con la liquidaci\u00f3n con tu empresa de alquiler de coches previa presentaci\u00f3n del contrato de alquiler. Sin embargo, queda excluida cualquier asunci\u00f3n de responsabilidad por parte de la empresa local de alquiler de coches y\/o la aseguradora.<br\/><strong>Vales, descuentos, subastas<\/strong> Si tienes un descuento de una de nuestras ofertas especiales, puedes canjearlo con nosotros. Por alquiler es m\u00e1x. aplicables a un doctorado. Quedan excluidos los recursos legales.<\/li>\n<\/ol>\n<p><\/p><\/p>\n<p>[\/vc_column_text][\/vc_column][\/vc_row]<\/p>\n<\/div>","protected":false},"excerpt":{"rendered":"<p>[vc_row][vc_column][vc_column_text css_animation=\u00bbfadeInUp\u00bb] F\u00fcr eine Anmietung muss\u00a0vor Ort eine g\u00fcltige Kreditkarte als Sicherheit vorgelegt werden. Wenn Sie NICHT im Besitz einer Kreditkarte sind, haben Sie am Flughafen Mallorca alternativ die M\u00f6glichkeit, eine B\u00fcrgschaft in H\u00f6he von 500\/800\/1200EU (je nach Fahrzeugtyp) und den Mietpreis per EC Karte zu bezahlen. Ausserdem haben Sie auch die M\u00f6glichkeit in Bar [&hellip;]<\/p>\n","protected":false},"author":1,"featured_media":0,"parent":0,"menu_order":0,"comment_status":"closed","ping_status":"closed","template":"","meta":{"footnotes":""},"class_list":["post-5181","page","type-page","status-publish","hentry"],"_links":{"self":[{"href":"https:\/\/cabriomallorca.com\/es\/wp-json\/wp\/v2\/pages\/5181","targetHints":{"allow":["GET"]}}],"collection":[{"href":"https:\/\/cabriomallorca.com\/es\/wp-json\/wp\/v2\/pages"}],"about":[{"href":"https:\/\/cabriomallorca.com\/es\/wp-json\/wp\/v2\/types\/page"}],"author":[{"embeddable":true,"href":"https:\/\/cabriomallorca.com\/es\/wp-json\/wp\/v2\/users\/1"}],"replies":[{"embeddable":true,"href":"https:\/\/cabriomallorca.com\/es\/wp-json\/wp\/v2\/comments?post=5181"}],"version-history":[{"count":1,"href":"https:\/\/cabriomallorca.com\/es\/wp-json\/wp\/v2\/pages\/5181\/revisions"}],"predecessor-version":[{"id":5182,"href":"https:\/\/cabriomallorca.com\/es\/wp-json\/wp\/v2\/pages\/5181\/revisions\/5182"}],"wp:attachment":[{"href":"https:\/\/cabriomallorca.com\/es\/wp-json\/wp\/v2\/media?parent=5181"}],"curies":[{"name":"wp","href":"https:\/\/api.w.org\/{rel}","templated":true}]}}