{"id":5171,"date":"2022-06-20T15:32:45","date_gmt":"2022-06-20T15:32:45","guid":{"rendered":"https:\/\/mallorca-mietwagen.com\/pago-2\/"},"modified":"2024-04-25T10:30:44","modified_gmt":"2024-04-25T10:30:44","slug":"pago-2","status":"publish","type":"page","link":"https:\/\/cabriomallorca.com\/es\/pago-2\/","title":{"rendered":"pago"},"content":{"rendered":"<div class=\"wpb-content-wrapper\"><p>[vc_row][vc_column][vc_column_text]Una vez hecha la reserva de alquiler de coche, se te redirigi\u00f3 desde nuestro sistema de reservas a la p\u00e1gina web del banco.<\/p>\n<p>Si el banco espa\u00f1ol ha rechazado tu tarjeta de cr\u00e9dito, no te preocupes, esto ocurre con frecuencia.<\/p>\n<p>En este caso, simplemente paga aqu\u00ed:[\/vc_column_text][\/vc_column][\/vc_row][vc_row][vc_column][vc_btn title=\u00bbPaga el alquiler de tu coche\u00bb color=\u00bbwarning\u00bb size=\u00bblg\u00bb align=\u00bbcenter\u00bb i_icon_fontawesome=\u00bbfar fa-credit-card\u00bb add_icon=\u00bbtrue\u00bb link=\u00bburl:https%3A%2F%2Fbunq.me%2Fmallorcacabrio|rel:nofollow|\u00bb][\/vc_column][\/vc_row]<\/p>\n<\/div>","protected":false},"excerpt":{"rendered":"<p>[vc_row][vc_column][vc_column_text]Una vez hecha la reserva de alquiler de coche, se te redirigi\u00f3 desde nuestro sistema de reservas a la p\u00e1gina web del banco. Si el banco espa\u00f1ol ha rechazado tu tarjeta de cr\u00e9dito, no te preocupes, esto ocurre con frecuencia. En este caso, simplemente paga aqu\u00ed:[\/vc_column_text][\/vc_column][\/vc_row][vc_row][vc_column][vc_btn title=\u00bbPaga el alquiler de tu coche\u00bb color=\u00bbwarning\u00bb size=\u00bblg\u00bb align=\u00bbcenter\u00bb [&hellip;]<\/p>\n","protected":false},"author":1,"featured_media":0,"parent":0,"menu_order":0,"comment_status":"closed","ping_status":"closed","template":"","meta":{"footnotes":""},"class_list":["post-5171","page","type-page","status-publish","hentry"],"_links":{"self":[{"href":"https:\/\/cabriomallorca.com\/es\/wp-json\/wp\/v2\/pages\/5171","targetHints":{"allow":["GET"]}}],"collection":[{"href":"https:\/\/cabriomallorca.com\/es\/wp-json\/wp\/v2\/pages"}],"about":[{"href":"https:\/\/cabriomallorca.com\/es\/wp-json\/wp\/v2\/types\/page"}],"author":[{"embeddable":true,"href":"https:\/\/cabriomallorca.com\/es\/wp-json\/wp\/v2\/users\/1"}],"replies":[{"embeddable":true,"href":"https:\/\/cabriomallorca.com\/es\/wp-json\/wp\/v2\/comments?post=5171"}],"version-history":[{"count":1,"href":"https:\/\/cabriomallorca.com\/es\/wp-json\/wp\/v2\/pages\/5171\/revisions"}],"predecessor-version":[{"id":5174,"href":"https:\/\/cabriomallorca.com\/es\/wp-json\/wp\/v2\/pages\/5171\/revisions\/5174"}],"wp:attachment":[{"href":"https:\/\/cabriomallorca.com\/es\/wp-json\/wp\/v2\/media?parent=5171"}],"curies":[{"name":"wp","href":"https:\/\/api.w.org\/{rel}","templated":true}]}}