{"id":5167,"date":"2022-06-04T11:05:33","date_gmt":"2022-06-04T11:05:33","guid":{"rendered":"https:\/\/mallorca-mietwagen.com\/pago\/"},"modified":"2024-04-25T10:30:44","modified_gmt":"2024-04-25T10:30:44","slug":"pago","status":"publish","type":"page","link":"https:\/\/cabriomallorca.com\/es\/pago\/","title":{"rendered":"Pago"},"content":{"rendered":"<div class=\"wpb-content-wrapper\"><p>[vc_row][vc_column][vc_column_text]Una vez que hayas hecho tu reserva de alquiler de coches, ser\u00e1s redirigido desde nuestro sistema de reservas a la p\u00e1gina web del banco. All\u00ed podr\u00e1s realizar el pago con tu tarjeta de cr\u00e9dito.<\/p>\n<p>Si el banco espa\u00f1ol ha rechazado tu tarjeta de cr\u00e9dito, no te preocupes, esto ocurre con frecuencia.<\/p>\n<p>En este caso, simplemente paga aqu\u00ed:<\/p>\n<p>[\/vc_column_text][\/vc_column][\/vc_row][vc_row][vc_column][vc_btn title=\u00bbPagar con tarjeta de cr\u00e9dito\u00bb color=\u00bbwarning\u00bb size=\u00bblg\u00bb align=\u00bbcenter\u00bb i_icon_fontawesome=\u00bbfar fa-credit-card\u00bb add_icon=\u00bbtrue\u00bb link=\u00bburl:https%3A%2F%2Fbunq.me%2Fmallorcacabrio|rel:nofollow|\u00bb][\/vc_column][\/vc_row]<\/p>\n<\/div>","protected":false},"excerpt":{"rendered":"<p>[vc_row][vc_column][vc_column_text]Una vez que hayas hecho tu reserva de alquiler de coches, ser\u00e1s redirigido desde nuestro sistema de reservas a la p\u00e1gina web del banco. All\u00ed podr\u00e1s realizar el pago con tu tarjeta de cr\u00e9dito. Si el banco espa\u00f1ol ha rechazado tu tarjeta de cr\u00e9dito, no te preocupes, esto ocurre con frecuencia. En este caso, simplemente [&hellip;]<\/p>\n","protected":false},"author":1,"featured_media":0,"parent":0,"menu_order":0,"comment_status":"closed","ping_status":"closed","template":"","meta":{"footnotes":""},"class_list":["post-5167","page","type-page","status-publish","hentry"],"_links":{"self":[{"href":"https:\/\/cabriomallorca.com\/es\/wp-json\/wp\/v2\/pages\/5167","targetHints":{"allow":["GET"]}}],"collection":[{"href":"https:\/\/cabriomallorca.com\/es\/wp-json\/wp\/v2\/pages"}],"about":[{"href":"https:\/\/cabriomallorca.com\/es\/wp-json\/wp\/v2\/types\/page"}],"author":[{"embeddable":true,"href":"https:\/\/cabriomallorca.com\/es\/wp-json\/wp\/v2\/users\/1"}],"replies":[{"embeddable":true,"href":"https:\/\/cabriomallorca.com\/es\/wp-json\/wp\/v2\/comments?post=5167"}],"version-history":[{"count":1,"href":"https:\/\/cabriomallorca.com\/es\/wp-json\/wp\/v2\/pages\/5167\/revisions"}],"predecessor-version":[{"id":5170,"href":"https:\/\/cabriomallorca.com\/es\/wp-json\/wp\/v2\/pages\/5167\/revisions\/5170"}],"wp:attachment":[{"href":"https:\/\/cabriomallorca.com\/es\/wp-json\/wp\/v2\/media?parent=5167"}],"curies":[{"name":"wp","href":"https:\/\/api.w.org\/{rel}","templated":true}]}}