{"id":5152,"date":"2020-12-29T18:36:46","date_gmt":"2020-12-29T18:36:46","guid":{"rendered":"https:\/\/mallorca-mietwagen.com\/coche-de-alquiler\/"},"modified":"2024-04-25T10:30:43","modified_gmt":"2024-04-25T10:30:43","slug":"coche-de-alquiler","status":"publish","type":"page","link":"https:\/\/cabriomallorca.com\/es\/coche-de-alquiler\/","title":{"rendered":"Coche de alquiler"},"content":{"rendered":"<div class=\"wpb-content-wrapper\"><p>[vc_row full_width=\u00bbstretch_row\u00bb full_height=\u00bbyes\u00bb parallax=\u00bbcontent-moving\u00bb parallax_image=\u00bb3403&#8243; parallax_speed_bg=\u00bb1.2&#8243; css=\u00bb.vc_custom_1644767239067{background-image: url(https:\/\/mallorca-cabrio.com\/wp-content\/uploads\/2020\/02\/mallorca-mietwagen6.jpg?id=3403) !important;background-position: center;background-repeat: no-repeat !important;background-size: cover !important;}\u00bb][vc_column]<div id=\"search83949\"><form id=\"formElem\" name=\"formElem\" action=\"\" method=\"post\">\r\n    <div class=\"row search_form_row step1 inline_form\" id=\"search_form\">\r\n        <div class=\"col-xs-12 col-sm-9 col-md-10\">\r\n            <div class=\"row\">\r\n                <div class=\"col-xxs-12 col-xs-6\">\r\n                    <div class=\"row\">\r\n\t\t\t\t\t\t                            <div class=\"col-xs-12 col-lg-6\">\r\n                                <span class=\"hidden-xs hidden-sm hidden-md form_title\">Ubicaci\u00f3n de Recogida<\/span>\r\n                                <span class=\"hidden-lg form_title\">Recogida Informaci\u00f3n<\/span>\r\n\t\t\t\t\t\t\t\t                                    <select name=\"pickup_location_id\" class=\"form-control pickup-location home-select\">\r\n\t\t\t\t\t\t\t\t\t\t<option value=\"0\" selected=\"selected\">Recogida:<\/option><option value=\"1\">1. aeropuerto Palma<\/option><option value=\"2\">2. entrega al hotel<\/option>                                    <\/select>\r\n\t\t\t\t\t\t\t\t                            <\/div>\r\n\t\t\t\t\t\t\t\t\t\t\t\t                            <div class=\"col-xs-12 col-lg-6\">\r\n                                <span class=\"hidden-xs hidden-sm hidden-md form_title\">Fecha de Recogida<\/span>\r\n                                <div class=\"row\">\r\n                                    <div class=\"col-xs-7 col-md-6 date top_margin-md\">\r\n\t\t\t\t\t\t\t\t\t\t                                            <input type=\"text\" name=\"pickup_date\"\r\n                                                   value=\"Fecha:\"\r\n                                                   placeholder=\"Fecha:\"\r\n                                                   class=\"pickup-date\"\r\n                                                   readonly=\"readonly\" AUTOCOMPLETE=\"off\"\/>\r\n\t\t\t\t\t\t\t\t\t\t                                    <\/div>\r\n                                    <div class=\"col-xs-5 col-md-6 time top_margin-md\">\r\n\t\t\t\t\t\t\t\t\t\t                                            <select name=\"pickup_time\" class=\"pickup-time\">\r\n\t\t\t\t\t\t\t\t\t\t\t\t<option value=\"00:00:00\">00:00<\/option><option value=\"00:30:00\">00:30<\/option><option value=\"01:00:00\">01:00<\/option><option value=\"01:30:00\">01:30<\/option><option value=\"02:00:00\">02:00<\/option><option value=\"02:30:00\">02:30<\/option><option value=\"03:00:00\">03:00<\/option><option value=\"03:30:00\">03:30<\/option><option value=\"04:00:00\">04:00<\/option><option value=\"04:30:00\">04:30<\/option><option value=\"05:00:00\">05:00<\/option><option value=\"05:30:00\">05:30<\/option><option value=\"06:00:00\">06:00<\/option><option value=\"06:30:00\">06:30<\/option><option value=\"07:00:00\">07:00<\/option><option value=\"07:30:00\">07:30<\/option><option value=\"08:00:00\">08:00<\/option><option value=\"08:30:00\">08:30<\/option><option value=\"09:00:00\">09:00<\/option><option value=\"09:30:00\">09:30<\/option><option value=\"10:00:00\">10:00<\/option><option value=\"10:30:00\">10:30<\/option><option value=\"11:00:00\">11:00<\/option><option value=\"11:30:00\">11:30<\/option><option value=\"12:00:00\" selected=\"selected\">12:00<\/option><option value=\"12:30:00\">12:30<\/option><option value=\"13:00:00\">13:00<\/option><option value=\"13:30:00\">13:30<\/option><option value=\"14:00:00\">14:00<\/option><option value=\"14:30:00\">14:30<\/option><option value=\"15:00:00\">15:00<\/option><option value=\"15:30:00\">15:30<\/option><option value=\"16:00:00\">16:00<\/option><option value=\"16:30:00\">16:30<\/option><option value=\"17:00:00\">17:00<\/option><option value=\"17:30:00\">17:30<\/option><option value=\"18:00:00\">18:00<\/option><option value=\"18:30:00\">18:30<\/option><option value=\"19:00:00\">19:00<\/option><option value=\"19:30:00\">19:30<\/option><option value=\"20:00:00\">20:00<\/option><option value=\"20:30:00\">20:30<\/option><option value=\"21:00:00\">21:00<\/option><option value=\"21:30:00\">21:30<\/option><option value=\"22:00:00\">22:00<\/option><option value=\"22:30:00\">22:30<\/option><option value=\"23:00:00\">23:00<\/option><option value=\"23:30:00\">23:30<\/option>                                            <\/select>\r\n\t\t\t\t\t\t\t\t\t\t                                    <\/div>\r\n                                <\/div>\r\n                            <\/div>\r\n\t\t\t\t\t\t                    <\/div>\r\n                <\/div>\r\n                <div class=\"col-xxs-12 col-xs-6\">\r\n                    <div class=\"row\">\r\n\t\t\t\t\t\t                            <div class=\"col-xxs-12 col-xs-12 col-lg-6\">\r\n                                <span class=\"hidden-xs hidden-sm hidden-md form_title\">Ubicaci\u00f3n de Devoluci\u00f3n<\/span>\r\n                                <span class=\"hidden-lg form_title\">Devoluci\u00f3n Informaci\u00f3n<\/span>\r\n\t\t\t\t\t\t\t\t\t\t\t\t\t\t\t\t\t                                        <select name=\"return_location_id\"\r\n                                                class=\"form-control return-location home-select\">\r\n\t\t\t\t\t\t\t\t\t\t\t<option value=\"0\" selected=\"selected\">Devoluci\u00f3n:<\/option><option value=\"1\">1. aeropuerto Palma<\/option><option value=\"2\">2. entrega al hotel<\/option>                                        <\/select>\r\n\t\t\t\t\t\t\t\t\t\t\t\t\t\t\t\t\t                            <\/div>\r\n\t\t\t\t\t\t\t\t\t\t\t\t                            <div class=\"col-xxs-12 col-xs-12 col-lg-6\">\r\n                                <span class=\"hidden-xs hidden-sm hidden-md form_title\">Fecha de Devoluci\u00f3n<\/span>\r\n                                <div class=\"row\">\r\n\t\t\t\t\t\t\t\t\t                                        <div class=\"col-xs-7 col-md-6 date top_margin-md\">\r\n\t\t\t\t\t\t\t\t\t\t\t                                                <input type=\"text\" name=\"return_date\" class=\"return-date\"\r\n                                                       value=\"Fecha:\"\r\n                                                       placeholder=\"Fecha:\"\r\n                                                       readonly=\"readonly\" AUTOCOMPLETE=\"off\"\/>\r\n\t\t\t\t\t\t\t\t\t\t\t                                        <\/div>\r\n                                        <div class=\"col-xs-5 col-md-6 time top_margin-md\">\r\n\t\t\t\t\t\t\t\t\t\t\t                                                <select name=\"return_time\" class=\"return-time\">\r\n\t\t\t\t\t\t\t\t\t\t\t\t\t<option value=\"00:00:00\">00:00<\/option><option value=\"00:30:00\">00:30<\/option><option value=\"01:00:00\">01:00<\/option><option value=\"01:30:00\">01:30<\/option><option value=\"02:00:00\">02:00<\/option><option value=\"02:30:00\">02:30<\/option><option value=\"03:00:00\">03:00<\/option><option value=\"03:30:00\">03:30<\/option><option value=\"04:00:00\">04:00<\/option><option value=\"04:30:00\">04:30<\/option><option value=\"05:00:00\">05:00<\/option><option value=\"05:30:00\">05:30<\/option><option value=\"06:00:00\">06:00<\/option><option value=\"06:30:00\">06:30<\/option><option value=\"07:00:00\">07:00<\/option><option value=\"07:30:00\">07:30<\/option><option value=\"08:00:00\">08:00<\/option><option value=\"08:30:00\">08:30<\/option><option value=\"09:00:00\">09:00<\/option><option value=\"09:30:00\">09:30<\/option><option value=\"10:00:00\">10:00<\/option><option value=\"10:30:00\">10:30<\/option><option value=\"11:00:00\">11:00<\/option><option value=\"11:30:00\">11:30<\/option><option value=\"12:00:00\" selected=\"selected\">12:00<\/option><option value=\"12:30:00\">12:30<\/option><option value=\"13:00:00\">13:00<\/option><option value=\"13:30:00\">13:30<\/option><option value=\"14:00:00\">14:00<\/option><option value=\"14:30:00\">14:30<\/option><option value=\"15:00:00\">15:00<\/option><option value=\"15:30:00\">15:30<\/option><option value=\"16:00:00\">16:00<\/option><option value=\"16:30:00\">16:30<\/option><option value=\"17:00:00\">17:00<\/option><option value=\"17:30:00\">17:30<\/option><option value=\"18:00:00\">18:00<\/option><option value=\"18:30:00\">18:30<\/option><option value=\"19:00:00\">19:00<\/option><option value=\"19:30:00\">19:30<\/option><option value=\"20:00:00\">20:00<\/option><option value=\"20:30:00\">20:30<\/option><option value=\"21:00:00\">21:00<\/option><option value=\"21:30:00\">21:30<\/option><option value=\"22:00:00\">22:00<\/option><option value=\"22:30:00\">22:30<\/option><option value=\"23:00:00\">23:00<\/option><option value=\"23:30:00\">23:30<\/option>                                                <\/select>\r\n\t\t\t\t\t\t\t\t\t\t\t                                        <\/div>\r\n\t\t\t\t\t\t\t\t\t                                <\/div>\r\n                            <\/div>\r\n\t\t\t\t\t\t                    <\/div>\r\n                <\/div>\r\n            <\/div>\r\n\t\t\t        <\/div>\r\n        <div class=\"col-xs-12 col-sm-3 col-md-2 crs-form-submit\">\r\n            <input type=\"hidden\" name=\"car_rental_came_from_step1\" value=\"yes\"\/>\r\n\t\t\t\t\t\t\t<input type=\"submit\" name=\"car_rental_do_search\" value=\"Buscar\" class=\"car-rental-do-search md-bigger\" onClick=\"ga('send', 'event', 'Car Rental', 'Click', '1. Search for all cars');\" \/>\t\t\t        <\/div>\r\n    <\/div>\r\n<\/form>\r\n<script type=\"text\/javascript\">\r\n    var autoFocus = '1';\r\n    var locationsS2 = '1';\r\n    var durationS2 = '';\r\n    var priceType = '1';\r\n    var returnLocation = '1';\r\n    var returnDate = '1';\r\n    var NRS_SELECT_BOOKING_DATE_TEXT = 'Fecha:';\r\n\r\n    jQuery(document).ready(function () {\r\n        var options = {};\r\n        options.useDatePicker = '1';\r\n        options.unavailableDates = [];\r\n        options.autoFocus = autoFocus;\r\n        options.timeMode = 'regular';\r\n        options.minimumBookingPeriodInseconds = '259200';\r\n        options.nrsDateFormat = 'dd\/mm\/yy';\r\n        options.firstDay = '1';\r\n        options.locationsS2 = locationsS2;\r\n        options.filtersS2 = '';\r\n        options.durationS2 = durationS2;\r\n        options.priceType = priceType;\r\n        options.returnLocation = returnLocation;\r\n        options.returnDate = returnDate;\r\n        options.minDate = '0';\r\n        options.existingBookingCodeVisible = '';\r\n        options.couponCodeRequired = '';\r\n        options.pickupLocationRequired = '1';\r\n        options.returnLocationRequired = '1';\r\n        options.pickupDateRequired = '1';\r\n        options.returnDateRequired = '1';\r\n        options.timeFormat = 'H:i';\r\n        options.NRS_SELECT_BOOKING_DATE_TEXT = NRS_SELECT_BOOKING_DATE_TEXT;\r\n        options.NRS_I_HAVE_BOOKING_CODE_TEXT = \"Tengo un n\u00famero de reserva:\";\r\n        options.NRS_COUPON_CODE_ALERT_TEXT = \"\u00a1Por favor, ingrese el c\u00f3digo de cup\u00f3n!\";\r\n        options.NRS_PICKUP_LOCATION_ALERT_TEXT = \"Por favor, seleccione el lugar de encuentro!\";\r\n        options.NRS_RETURN_LOCATION_ALERT_TEXT = \"Por favor, seleccione el lugar de Devoluci\u00f3n!\";\r\n        options.NRS_PICKUP_DATE_ALERT_TEXT = \"Por favor, Ingrese la fecha de Llegada!\";\r\n        options.NRS_RETURN_DATE_ALERT_TEXT = \"Por favor, Ingrese la Fecha de Salida!\";\r\n        options.NRS_BOOKING_PERIOD_ALERT_TEXT = \"Por favor, Ingrese la Fecha de Salida!\";\r\n        options.NRS_MINUTES_TEXT = \"minutos\";\r\n        options.NRS_HOURS_TEXT = \"horashoras\";\r\n        options.NRS_ERROR_MINIMUM_NUMBER_OF_NIGHT_SHOULD_NOT_BE_LESS_THAN_TEXT = \"El n\u00famero m\u00ednimo de noches no debe ser inferior a\";\r\n        options.NRS_ERROR_PLEASE_MODIFY_YOUR_SEARCH_CRITERIA_TEXT = \"Modificar sus criterios de b\u00fasqueda.\";\r\n        step1.init(options);\r\n    });<\/script><\/div>[\/vc_column][\/vc_row][vc_row full_width=\u00bbstretch_row\u00bb el_id=\u00bbofertas\u00bb css=\u00bb.vc_custom_1550317468556{background-color: #ff6600 !important;}\u00bb][vc_column][vc_empty_space height=\u00bb64px\u00bb el_class=\u00bbhide_mobile\u00bb][vc_row_inner equal_height=\u00bbyes\u00bb content_placement=\u00bbmiddle\u00bb gap=\u00bb35&#8243;][vc_column_inner width=\u00bb1\/3&#8243;][vc_hoverbox image=\u00bb2308&#8243; primary_title=\u00bbDescapotable Mallorca\u00bb primary_title_font_container=\u00bbfont_size:20px|color:%23ffffff\u00bb primary_title_use_theme_fonts=\u00bbyes\u00bb hover_title=\u00bb\u00bb hover_title_font_container=\u00bbfont_size:25px|color:%23000000&#8243; hover_title_use_theme_fonts=\u00bbyes\u00bb use_custom_fonts_primary_title=\u00bbtrue\u00bb use_custom_fonts_hover_title=\u00bbtrue\u00bb primary_title_el_class=\u00bbsecondary_color_background\u00bb]Disfrutar del sol en un descapotable<\/p>\n<p>[\/vc_hoverbox][\/vc_column_inner][vc_column_inner width=\u00bb1\/3&#8243;][vc_hoverbox image=\u00bb2376&#8243; primary_title=\u00bbRecomendado por la prensa\u00bb primary_title_font_container=\u00bbfont_size:20px|color:%23ffffff\u00bb primary_title_use_theme_fonts=\u00bbyes\u00bb hover_title=\u00bbAll\u00ed para ti en Mallorca desde hace 15 a\u00f1os\u00bb hover_title_font_container=\u00bbfont_size:25px|color:%23000000&#8243; hover_title_use_theme_fonts=\u00bbyes\u00bb use_custom_fonts_primary_title=\u00bbtrue\u00bb use_custom_fonts_hover_title=\u00bbtrue\u00bb primary_title_el_class=\u00bbsecondary_color_background\u00bb]Tu especialista en alquiler de coches en Mallorca in situ[\/vc_hoverbox][\/vc_column_inner][vc_column_inner width=\u00bb1\/3&#8243; css=\u00bb.vc_custom_1550320231646{padding-top: 25px !important;padding-right: -10px !important;padding-bottom: 25px !important;padding-left: -10px !important;background-color: #ffffff !important;border-radius: 10px !important;}\u00bb][vc_raw_html]PGNlbnRlcj4KPHRhYmxlPgo8dGJvZHk+Cjx0cj4KPHRkPjxhIHRpdGxlPSJzb2JyZSBub3NvdHJvcyIgaHJlZj0iaHR0cHM6Ly9tYWxsb3JjYS1jYWJyaW8uY29tL2Fib3V0LXVzLyI+PGltZyBzcmM9Imh0dHBzOi8vbWFsbG9yY2EtY2FicmlvLmNvbS93cC1jb250ZW50L3VwbG9hZHMvMjAyMC8wMS8xNUoucG5nIiBhbHQ9IjE1IGHDsW9zIE1hbGxvcmNhIE1JZXR3YWdlbiIgd2lkdGg9IjE1MCIgaGVpZ2h0PSIxNTAiPjwvYT48L3RkPgo8L3RyPgo8L3Rib2R5Pgo8L3RhYmxlPgo8L2NlbnRlcj4KCg==[\/vc_raw_html][\/vc_column_inner][\/vc_row_inner][vc_empty_space height=\u00bb64px\u00bb el_class=\u00bbhide_mobile\u00bb][vc_icon icon_fontawesome=\u00bbfa fa-angle-double-down\u00bb color=\u00bbsecondary_color\u00bb size=\u00bbxl\u00bb align=\u00bbcenter\u00bb css_animation=\u00bbtop-to-bottom\u00bb link=\u00bburl:%23%21locations|\u00bb][\/vc_column][\/vc_row][vc_row full_width=\u00bbstretch_row\u00bb css=\u00bb.vc_custom_1550330735477{background-color: #f9f9f9 !important;}\u00bb el_id=\u00bbofrece\u00bb][vc_column offset=\u00bbvc_hidden-sm vc_hidden-xs\u00bb]<div class=\"fancy-title vc_custom_1549812552304 align_center\"><h2 class=\"vc_underline_title vc_title\">Ofertas actuales de alquiler de coches<\/h2><div class=\"vc_underline secondary_color_background\"><\/div><\/div><div id=\"cars-slider552842\"><div class=\"car-rental-slider car-rental-loading\">\r\n\t        <div class=\"responsive-cars-slider\">\r\n\t\t\t                <div>\r\n\t\t\t\t\t<div class=\"car-rental-item-image\"><a href=\"https:\/\/cabriomallorca.com\/es\/mietwagen\/land-rover-freelander-sport-cabrio\/\" title=\"Ver Carro\"><img data-lazy=\"https:\/\/cabriomallorca.com\/wp-content\/uploads\/CarRentalGallery\/thumb_freelander.jpg\" title=\"Land Rover Freelander Sport Cabrio\" alt=\"Land Rover Freelander Sport Cabrio\"><\/a><\/div><div class=\"car-rental-item-details\"><div class=\"car-rental-slider-bodytype-title\">SUV Cabrio<\/div><div class=\"car-rental-item-title underline full-width\"><a class=\"primary_color\" href=\"https:\/\/cabriomallorca.com\/es\/mietwagen\/land-rover-freelander-sport-cabrio\/\" title=\"Ver Carro\">Land Rover Freelander Sport Cabrio<\/a><\/div><div class=\"car-rental-item-prefix primary_color\">d\u00eda Desde<\/div><div class=\"car-rental-item-price primary_color\">55&euro;<\/div><\/div>                <\/div>\r\n\t\t\t                <div>\r\n\t\t\t\t\t<div class=\"car-rental-item-image\"><a href=\"https:\/\/cabriomallorca.com\/es\/mietwagen\/audi-a3-cabrio\/\" title=\"Ver Carro\"><img data-lazy=\"https:\/\/cabriomallorca.com\/wp-content\/uploads\/CarRentalGallery\/thumb_A3neu.png\" title=\"Audi A3 Cabrio o.\u00e4.\" alt=\"Audi A3 Cabrio o.\u00e4.\"><\/a><\/div><div class=\"car-rental-item-details\"><div class=\"car-rental-slider-bodytype-title\">Cabrio<\/div><div class=\"car-rental-item-title underline full-width\"><a class=\"primary_color\" href=\"https:\/\/cabriomallorca.com\/es\/mietwagen\/audi-a3-cabrio\/\" title=\"Ver Carro\">Audi A3 Cabrio o.\u00e4.<\/a><\/div><div class=\"car-rental-item-prefix primary_color\">d\u00eda Desde<\/div><div class=\"car-rental-item-price primary_color\">60&euro;<\/div><\/div>                <\/div>\r\n\t\t\t                <div>\r\n\t\t\t\t\t<div class=\"car-rental-item-image\"><a href=\"https:\/\/cabriomallorca.com\/es\/mietwagen\/opel-cascada-cabrio\/\" title=\"Ver Carro\"><img data-lazy=\"https:\/\/cabriomallorca.com\/wp-content\/uploads\/CarRentalGallery\/thumb_cascada.png\" title=\"Opel Cascada o.\u00e4.\" alt=\"Opel Cascada o.\u00e4.\"><\/a><\/div><div class=\"car-rental-item-details\"><div class=\"car-rental-slider-bodytype-title\">Cabrio<\/div><div class=\"car-rental-item-title underline full-width\"><a class=\"primary_color\" href=\"https:\/\/cabriomallorca.com\/es\/mietwagen\/opel-cascada-cabrio\/\" title=\"Ver Carro\">Opel Cascada o.\u00e4.<\/a><\/div><div class=\"car-rental-item-prefix primary_color\">d\u00eda Desde<\/div><div class=\"car-rental-item-price primary_color\">60&euro;<\/div><\/div>                <\/div>\r\n\t\t\t                <div>\r\n\t\t\t\t\t<div class=\"car-rental-item-image\"><a href=\"https:\/\/cabriomallorca.com\/es\/mietwagen\/audi-a3-autom\/\" title=\"Ver Carro\"><img data-lazy=\"https:\/\/cabriomallorca.com\/wp-content\/uploads\/CarRentalGallery\/thumb_1711617316_A3cabrio.jpg\" title=\"Audi A3 Cabrio autom. o.\u00e4.\" alt=\"Audi A3 Cabrio autom. o.\u00e4.\"><\/a><\/div><div class=\"car-rental-item-details\"><div class=\"car-rental-slider-bodytype-title\">Cabrio<\/div><div class=\"car-rental-item-title underline full-width\"><a class=\"primary_color\" href=\"https:\/\/cabriomallorca.com\/es\/mietwagen\/audi-a3-autom\/\" title=\"Ver Carro\">Audi A3 Cabrio autom. o.\u00e4.<\/a><\/div><div class=\"car-rental-item-prefix primary_color\">d\u00eda Desde<\/div><div class=\"car-rental-item-price primary_color\">68&euro;<\/div><\/div>                <\/div>\r\n\t\t\t                <div>\r\n\t\t\t\t\t<div class=\"car-rental-item-image\"><a href=\"https:\/\/cabriomallorca.com\/es\/mietwagen\/mini-cooper-cabrio\/\" title=\"Ver Carro\"><img data-lazy=\"https:\/\/cabriomallorca.com\/wp-content\/uploads\/CarRentalGallery\/thumb_minicabrio.png\" title=\"Mini Cooper Cabrio\" alt=\"Mini Cooper Cabrio\"><\/a><\/div><div class=\"car-rental-item-details\"><div class=\"car-rental-slider-bodytype-title\">Cabrio<\/div><div class=\"car-rental-item-title underline full-width\"><a class=\"primary_color\" href=\"https:\/\/cabriomallorca.com\/es\/mietwagen\/mini-cooper-cabrio\/\" title=\"Ver Carro\">Mini Cooper Cabrio<\/a><\/div><div class=\"car-rental-item-prefix primary_color\">d\u00eda Desde<\/div><div class=\"car-rental-item-price primary_color\">68&euro;<\/div><\/div>                <\/div>\r\n\t\t\t                <div>\r\n\t\t\t\t\t<div class=\"car-rental-item-image\"><a href=\"https:\/\/cabriomallorca.com\/es\/mietwagen\/audi-a5-cabrio\/\" title=\"Ver Carro\"><img data-lazy=\"https:\/\/cabriomallorca.com\/wp-content\/uploads\/CarRentalGallery\/thumb_1682361400_A5-cabrio1.jpg\" title=\"Audi A5 Cabrio Automatik o.\u00e4.\" alt=\"Audi A5 Cabrio Automatik o.\u00e4.\"><\/a><\/div><div class=\"car-rental-item-details\"><div class=\"car-rental-slider-bodytype-title\">Cabrio<\/div><div class=\"car-rental-item-title underline full-width\"><a class=\"primary_color\" href=\"https:\/\/cabriomallorca.com\/es\/mietwagen\/audi-a5-cabrio\/\" title=\"Ver Carro\">Audi A5 Cabrio Automatik o.\u00e4.<\/a><\/div><div class=\"car-rental-item-prefix primary_color\">d\u00eda Desde<\/div><div class=\"car-rental-item-price primary_color\">145&euro;<\/div><\/div>                <\/div>\r\n\t\t\t        <\/div>\r\n\t<\/div><\/div>[\/vc_column][\/vc_row][vc_row full_width=\u00bbstretch_row\u00bb css=\u00bb.vc_custom_1550084065367{padding-top: 10px !important;padding-bottom: 30px !important;background-color: #ff6600 !important;}\u00bb][vc_column][vc_column_text css_animation=\u00bbbounceInUp\u00bb el_id=\u00bbtext\u00bb]<\/p>\n<h2 style=\"text-align: center;\"><span style=\"color: #ffffff;\">Alquiler de descapotables en Mallorca<\/span><\/h2>\n<p style=\"text-align: center;\"><span style=\"color: #ffffff;\">Disfruta de tus vacaciones desde el primer momento. Deja que el viento mallorqu\u00edn sople a tu alrededor en uno de nuestros coches de alquiler descapotables en buen estado.<\/span><br \/>\n<span style=\"color: #ffffff;\">En cuanto llegues al aeropuerto de Mallorca, experimentar\u00e1s lo que significa llegar relajado. Con nosotros no hay colas interminables. Un miembro del personal te estar\u00e1 esperando para entregarte el veh\u00edculo personalmente en el aeropuerto de Mallorca. En 10 minutos estar\u00e1s sentado en tu descapotable de Mallorca, \u00a1y tus vacaciones ya han empezado!<\/span><br \/>\n<span style=\"color: #ffffff;\">\u00bfPrefieres la entrega en hotel? Llevamos tu coche de alquiler descapotable al hotel que elijas, en cualquier lugar de Mallorca. T\u00fa dir\u00e1s cu\u00e1ndo, y all\u00ed estaremos con tu descapotable.<\/span><br \/>\n<span style=\"color: #ffffff;\">\u00a1Esperamos tu visita a esta hermosa isla!<\/span>[\/vc_column_text][\/vc_column][\/vc_row][vc_row full_width=\u00bbstretch_row\u00bb css=\u00bb.vc_custom_1526923649193{padding-top: 48px !important;padding-bottom: 100px !important;}\u00bb el_id=\u00bblugares\u00bb el_class=\u00bbsecondary_color_background\u00bb][vc_column css=\u00bb.vc_custom_1461081838715{margin-right: 15px !important;}\u00bb]<div class=\"fancy-title align_center\"><h2 class=\"vc_underline_title vc_title white\">N\u00famero 1 en alquiler de coches descapotables en Mallorca<\/h2><div class=\"vc_underline white\"><\/div><\/div>[vc_empty_space][vc_single_image image=\u00bb2490&#8243; img_size=\u00bblarge\u00bb alignment=\u00bbcenter\u00bb style=\u00bbvc_box_border_circle\u00bb css_animation=\u00bbfadeInUp\u00bb][\/vc_column][\/vc_row]<\/p>\n<\/div>","protected":false},"excerpt":{"rendered":"<p>[vc_row full_width=\u00bbstretch_row\u00bb full_height=\u00bbyes\u00bb parallax=\u00bbcontent-moving\u00bb parallax_image=\u00bb3403&#8243; parallax_speed_bg=\u00bb1.2&#8243; css=\u00bb.vc_custom_1644767239067{background-image: url(https:\/\/mallorca-cabrio.com\/wp-content\/uploads\/2020\/02\/mallorca-mietwagen6.jpg?id=3403) !important;background-position: center;background-repeat: no-repeat !important;background-size: cover !important;}\u00bb][vc_column][\/vc_column][\/vc_row][vc_row full_width=\u00bbstretch_row\u00bb el_id=\u00bbofertas\u00bb css=\u00bb.vc_custom_1550317468556{background-color: #ff6600 !important;}\u00bb][vc_column][vc_empty_space height=\u00bb64px\u00bb el_class=\u00bbhide_mobile\u00bb][vc_row_inner equal_height=\u00bbyes\u00bb content_placement=\u00bbmiddle\u00bb gap=\u00bb35&#8243;][vc_column_inner width=\u00bb1\/3&#8243;][vc_hoverbox image=\u00bb2308&#8243; primary_title=\u00bbDescapotable Mallorca\u00bb primary_title_font_container=\u00bbfont_size:20px|color:%23ffffff\u00bb primary_title_use_theme_fonts=\u00bbyes\u00bb hover_title=\u00bb\u00bb hover_title_font_container=\u00bbfont_size:25px|color:%23000000&#8243; hover_title_use_theme_fonts=\u00bbyes\u00bb use_custom_fonts_primary_title=\u00bbtrue\u00bb use_custom_fonts_hover_title=\u00bbtrue\u00bb primary_title_el_class=\u00bbsecondary_color_background\u00bb]Disfrutar del sol en un descapotable [\/vc_hoverbox][\/vc_column_inner][vc_column_inner width=\u00bb1\/3&#8243;][vc_hoverbox image=\u00bb2376&#8243; primary_title=\u00bbRecomendado por la prensa\u00bb primary_title_font_container=\u00bbfont_size:20px|color:%23ffffff\u00bb primary_title_use_theme_fonts=\u00bbyes\u00bb hover_title=\u00bbAll\u00ed para ti en Mallorca [&hellip;]<\/p>\n","protected":false},"author":1,"featured_media":0,"parent":0,"menu_order":0,"comment_status":"closed","ping_status":"closed","template":"homepage.php","meta":{"footnotes":""},"class_list":["post-5152","page","type-page","status-publish","hentry"],"_links":{"self":[{"href":"https:\/\/cabriomallorca.com\/es\/wp-json\/wp\/v2\/pages\/5152","targetHints":{"allow":["GET"]}}],"collection":[{"href":"https:\/\/cabriomallorca.com\/es\/wp-json\/wp\/v2\/pages"}],"about":[{"href":"https:\/\/cabriomallorca.com\/es\/wp-json\/wp\/v2\/types\/page"}],"author":[{"embeddable":true,"href":"https:\/\/cabriomallorca.com\/es\/wp-json\/wp\/v2\/users\/1"}],"replies":[{"embeddable":true,"href":"https:\/\/cabriomallorca.com\/es\/wp-json\/wp\/v2\/comments?post=5152"}],"version-history":[{"count":10,"href":"https:\/\/cabriomallorca.com\/es\/wp-json\/wp\/v2\/pages\/5152\/revisions"}],"predecessor-version":[{"id":5173,"href":"https:\/\/cabriomallorca.com\/es\/wp-json\/wp\/v2\/pages\/5152\/revisions\/5173"}],"wp:attachment":[{"href":"https:\/\/cabriomallorca.com\/es\/wp-json\/wp\/v2\/media?parent=5152"}],"curies":[{"name":"wp","href":"https:\/\/api.w.org\/{rel}","templated":true}]}}