{"id":5144,"date":"2019-02-12T10:28:19","date_gmt":"2019-02-12T10:28:19","guid":{"rendered":"https:\/\/mallorca-mietwagen.com\/centro-de-atencion-al-cliente\/"},"modified":"2024-04-25T10:30:27","modified_gmt":"2024-04-25T10:30:27","slug":"centro-de-atencion-al-cliente","status":"publish","type":"page","link":"https:\/\/cabriomallorca.com\/es\/centro-de-atencion-al-cliente\/","title":{"rendered":"Centro de atenci\u00f3n al cliente"},"content":{"rendered":"<div class=\"wpb-content-wrapper\"><p>[vc_row][vc_column][vc_column_text css_animation=\u00bbfadeInUp\u00bb]<\/p>\n\n<h4 class=\"wp-block-heading\" style=\"text-align: center;\">Estaremos encantados de responder a tus preguntas. Nuestro centro de asistencia est\u00e1 a tu disposici\u00f3n las 24 horas del d\u00eda<br\/>Tienes la opci\u00f3n de abrir un ticket o utilizar nuestro chat bot en la parte inferior derecha<\/h4>\n<p>&nbsp;<\/p>\n\n<figure class=\"wp-block-image\"><a href=\"https:\/\/www.mallorcamietwagen.com\/support\/\" target=\"_blank\" rel=\"noopener noreferrer\"><img loading=\"lazy\" decoding=\"async\" class=\"aligncenter wp-image-2296\" src=\"https:\/\/mallorca-cabrio.com\/wp-content\/uploads\/2019\/02\/support.jpg\" alt=\"\" width=\"600\" height=\"600\"\/><\/a><\/figure>\n<p>&nbsp;<\/p>\n<p>&nbsp;<\/p>\n<p>&nbsp;<\/p>\n<p>[\/vc_column_text][\/vc_column][\/vc_row]<\/p>\n<\/div>","protected":false},"excerpt":{"rendered":"<p>[vc_row][vc_column][vc_column_text css_animation=\u00bbfadeInUp\u00bb] Estaremos encantados de responder a tus preguntas. Nuestro centro de asistencia est\u00e1 a tu disposici\u00f3n las 24 horas del d\u00edaTienes la opci\u00f3n de abrir un ticket o utilizar nuestro chat bot en la parte inferior derecha &nbsp; &nbsp; &nbsp; &nbsp; [\/vc_column_text][\/vc_column][\/vc_row]<\/p>\n","protected":false},"author":1,"featured_media":0,"parent":0,"menu_order":0,"comment_status":"closed","ping_status":"closed","template":"","meta":{"footnotes":""},"class_list":["post-5144","page","type-page","status-publish","hentry"],"_links":{"self":[{"href":"https:\/\/cabriomallorca.com\/es\/wp-json\/wp\/v2\/pages\/5144","targetHints":{"allow":["GET"]}}],"collection":[{"href":"https:\/\/cabriomallorca.com\/es\/wp-json\/wp\/v2\/pages"}],"about":[{"href":"https:\/\/cabriomallorca.com\/es\/wp-json\/wp\/v2\/types\/page"}],"author":[{"embeddable":true,"href":"https:\/\/cabriomallorca.com\/es\/wp-json\/wp\/v2\/users\/1"}],"replies":[{"embeddable":true,"href":"https:\/\/cabriomallorca.com\/es\/wp-json\/wp\/v2\/comments?post=5144"}],"version-history":[{"count":1,"href":"https:\/\/cabriomallorca.com\/es\/wp-json\/wp\/v2\/pages\/5144\/revisions"}],"predecessor-version":[{"id":5146,"href":"https:\/\/cabriomallorca.com\/es\/wp-json\/wp\/v2\/pages\/5144\/revisions\/5146"}],"wp:attachment":[{"href":"https:\/\/cabriomallorca.com\/es\/wp-json\/wp\/v2\/media?parent=5144"}],"curies":[{"name":"wp","href":"https:\/\/api.w.org\/{rel}","templated":true}]}}