{"id":5140,"date":"2018-02-18T06:16:07","date_gmt":"2018-02-18T05:16:07","guid":{"rendered":"https:\/\/mallorca-mietwagen.com\/pie-de-imprenta\/"},"modified":"2024-04-25T10:30:28","modified_gmt":"2024-04-25T10:30:28","slug":"pie-de-imprenta","status":"publish","type":"page","link":"https:\/\/cabriomallorca.com\/es\/pie-de-imprenta\/","title":{"rendered":"Pie de imprenta"},"content":{"rendered":"<div class=\"wpb-content-wrapper\"><p>[vc_row full_width=\u00bbstretch_row_content_no_spaces\u00bb content_placement=\u00bbmiddle\u00bb css_animation=\u00bbnone\u00bb css=\u00bb.vc_custom_1540122062949{background-color: #f9f9f9 !important;background-position: center !important;background-repeat: no-repeat !important;background-size: cover !important;}\u00bb][vc_column width=\u00bb1\/2&#8243; css=\u00bb.vc_custom_1520772143248{padding-top: 0px !important;}\u00bb][vc_column_text css=\u00bb.vc_custom_1699958705947{margin-left: 200px !important;padding-bottom: 100px !important;}\u00bb]<\/p>\n<h2 style=\"text-align: center;\">IMPRIME<\/h2>\n<p><img loading=\"lazy\" decoding=\"async\" class=\"size-full wp-image-4642 aligncenter\" src=\"https:\/\/www.mallorca-cabrio.com\/wp-content\/uploads\/2023\/11\/impress-1.jpg\" alt=\"\" width=\"400\" height=\"500\">[\/vc_column_text][vc_single_image image=\u00bb2153&#8243; img_size=\u00bblarge\u00bb css_animation=\u00bbfadeIn\u00bb css=\u00bb.vc_custom_1528776006962{margin-bottom: 0px !important;padding-top: 0px !important;padding-bottom: 0px !important;}\u00bb][\/vc_column][vc_column width=\u00bb1\/2&#8243; offset=\u00bbvc_col-lg-4 vc_col-md-6&#8243;]<div class=\"fancy-title align_left\"><h2 class=\"vc_underline_title vc_title\">SOBRE NOSOTROS<\/h2><div class=\"vc_underline secondary_color_background\"><\/div><\/div>[vc_column_text]Cabrio Mallorca se fund\u00f3 en Mallorca en 2003. Adem\u00e1s de ofrecer un sistema de reservas online innovador y f\u00e1cil de usar, nuestro principal objetivo es prestar el mejor servicio posible a nuestros clientes.<br \/>\nPor esta raz\u00f3n, por ejemplo, no ofrecemos un servicio de lanzadera en el aeropuerto. Nuestro personal entrega personalmente cada veh\u00edculo de alquiler en el aparcamiento VIP del aeropuerto de Palma de Mallorca. All\u00ed se espera al cliente. Esto garantiza que no haya tiempos de espera innecesarios. Adem\u00e1s, no es necesario buscar el coche reservado en el aparcamiento. Devolver el coche es igual de f\u00e1cil, directamente en el aeropuerto.[\/vc_column_text][vc_separator color=\u00bbblack\u00bb][vc_row_inner content_placement=\u00bbmiddle\u00bb css=\u00bb.vc_custom_1552932017308{margin-bottom: 32px !important;}\u00bb][vc_column_inner width=\u00bb1\/4&#8243;][vc_icon icon_fontawesome=\u00bbfa fa-calendar-check-o\u00bb color=\u00bbblack\u00bb size=\u00bbxl\u00bb align=\u00bbcenter\u00bb el_class=\u00bbroll_effect\u00bb][\/vc_column_inner][vc_column_inner width=\u00bb1\/4&#8243;]<div><div class=\"stat_counter_wrapper black\"><div id=\"wpcr-counter24820\" class=\"stat_counter default\" data-count_to=\"58403\">-<\/div><div class=\"stat_title\">clientes satisfechos<\/div><\/div><\/div>[\/vc_column_inner][\/vc_row_inner][\/vc_column][\/vc_row]<\/p>\n<\/div>","protected":false},"excerpt":{"rendered":"<p>[vc_row full_width=\u00bbstretch_row_content_no_spaces\u00bb content_placement=\u00bbmiddle\u00bb css_animation=\u00bbnone\u00bb css=\u00bb.vc_custom_1540122062949{background-color: #f9f9f9 !important;background-position: center !important;background-repeat: no-repeat !important;background-size: cover !important;}\u00bb][vc_column width=\u00bb1\/2&#8243; css=\u00bb.vc_custom_1520772143248{padding-top: 0px !important;}\u00bb][vc_column_text css=\u00bb.vc_custom_1699958705947{margin-left: 200px !important;padding-bottom: 100px !important;}\u00bb] IMPRIME [\/vc_column_text][vc_single_image image=\u00bb2153&#8243; img_size=\u00bblarge\u00bb css_animation=\u00bbfadeIn\u00bb css=\u00bb.vc_custom_1528776006962{margin-bottom: 0px !important;padding-top: 0px !important;padding-bottom: 0px !important;}\u00bb][\/vc_column][vc_column width=\u00bb1\/2&#8243; offset=\u00bbvc_col-lg-4 vc_col-md-6&#8243;][vc_column_text]Cabrio Mallorca se fund\u00f3 en Mallorca en 2003. Adem\u00e1s de ofrecer un sistema de reservas online innovador y f\u00e1cil [&hellip;]<\/p>\n","protected":false},"author":1,"featured_media":0,"parent":0,"menu_order":0,"comment_status":"closed","ping_status":"closed","template":"","meta":{"footnotes":""},"class_list":["post-5140","page","type-page","status-publish","hentry"],"_links":{"self":[{"href":"https:\/\/cabriomallorca.com\/es\/wp-json\/wp\/v2\/pages\/5140","targetHints":{"allow":["GET"]}}],"collection":[{"href":"https:\/\/cabriomallorca.com\/es\/wp-json\/wp\/v2\/pages"}],"about":[{"href":"https:\/\/cabriomallorca.com\/es\/wp-json\/wp\/v2\/types\/page"}],"author":[{"embeddable":true,"href":"https:\/\/cabriomallorca.com\/es\/wp-json\/wp\/v2\/users\/1"}],"replies":[{"embeddable":true,"href":"https:\/\/cabriomallorca.com\/es\/wp-json\/wp\/v2\/comments?post=5140"}],"version-history":[{"count":1,"href":"https:\/\/cabriomallorca.com\/es\/wp-json\/wp\/v2\/pages\/5140\/revisions"}],"predecessor-version":[{"id":5143,"href":"https:\/\/cabriomallorca.com\/es\/wp-json\/wp\/v2\/pages\/5140\/revisions\/5143"}],"wp:attachment":[{"href":"https:\/\/cabriomallorca.com\/es\/wp-json\/wp\/v2\/media?parent=5140"}],"curies":[{"name":"wp","href":"https:\/\/api.w.org\/{rel}","templated":true}]}}