{"id":5133,"date":"2017-08-19T10:16:46","date_gmt":"2017-08-19T10:16:46","guid":{"rendered":"https:\/\/mallorca-mietwagen.com\/estaciones-de-alquiler\/"},"modified":"2024-04-25T10:30:28","modified_gmt":"2024-04-25T10:30:28","slug":"estaciones-de-alquiler","status":"publish","type":"page","link":"https:\/\/cabriomallorca.com\/es\/estaciones-de-alquiler\/","title":{"rendered":"Estaciones de alquiler"},"content":{"rendered":"<div class=\"wpb-content-wrapper\"><p>[vc_row][vc_column][vc_column_text]<\/p>\n<h1 style=\"text-align: center;\">SERVICIO SUPERIOR<\/h1>\n<p style=\"text-align: center;\">En Mallorca tienes la opci\u00f3n de recoger tu coche de alquiler directamente en el aeropuerto. Sin lanzadera, sin andar, sin tiempos de espera. Te entregaremos tu veh\u00edculo de alquiler directamente en la sala de llegadas del aparcamiento expr\u00e9s del aeropuerto de Mallorca.<\/p>\n<p style=\"text-align: center;\">Tambi\u00e9n podemos llevar tu coche de alquiler a cualquier hotel de la isla, no importa d\u00f3nde. Y recogerlo all\u00ed de nuevo, por supuesto.<\/p>\n<p>[\/vc_column_text][\/vc_column][\/vc_row][vc_row][vc_column]<div id=\"locations-list299916\"><div class=\"car-rental-locations-list\">\r\n\t\t\t            <div class=\"row\">\r\n                <div class=\"col-xs-12 col-sm-5\">\r\n                    <h2 class=\"location_title\"><a href=\"https:\/\/cabriomallorca.com\/es\/abholort\/car-rental-company\/\" title=\"Mostrar descripci\u00f3n del Carro\"><span class=\"location-name\">aeropuerto Palma<\/span><\/a><\/h2>\r\n                <\/div>\r\n                <div class=\"col-xs-12 col-sm-7 button-holder\">\r\n\t\t\t\t\t<a class=\"button\" href=\"https:\/\/cabriomallorca.com\/es\/abholort\/car-rental-company\/\" title=\"Ver Ubicaci\u00f3n\">Ver Ubicaci\u00f3n<\/a>                <\/div>\r\n            <\/div>\r\n            <div class=\"row under_dash\">\r\n                <div class=\"col-xs-12 col-sm-5 img-holder\">\r\n\t\t\t\t\t                        <a class=\"fancybox\" href=\"https:\/\/cabriomallorca.com\/wp-content\/uploads\/CarRentalGallery\/big_thumb_location_airport.jpg\"\r\n                           title=\"aeropuerto Palma\">\r\n                            <img decoding=\"async\" src=\"https:\/\/cabriomallorca.com\/wp-content\/uploads\/CarRentalGallery\/big_thumb_location_airport.jpg\"\r\n                                 alt=\"aeropuerto Palma\"\/>\r\n                        <\/a>\r\n\t\t\t\t\t                <\/div>\r\n                <div class=\"col-xs-12 col-sm-7 information\">\r\n                    <div class=\"col-xs-12 col-sm-6\">\r\n\t\t\t\t\t\t\t\t\t\t\t\t                        <div class=\"description-location\">\r\n                            <span class=\"title\">Recargo por Ubicaci\u00f3n<\/span>\r\n                            <ul class=\"car-rental-fees-list\">\r\n                                <li>\r\n                                    <i class=\"far fa-money-bill-alt\"><\/i>\r\n                                    <span class=\"highlight\">Recogida:<\/span>\r\n\t\t\t\t\t\t\t\t\t12 \u20ac                                <\/li>\r\n                                <li>\r\n                                    <i class=\"far fa-money-bill-alt\"><\/i>\r\n                                    <span class=\"highlight\">Devoluci\u00f3n:<\/span>\r\n\t\t\t\t\t\t\t\t\t12 \u20ac                                <\/li>\r\n\t\t\t\t\t\t\t\t                                    <li>\r\n                                        <i class=\"far fa-money-bill-alt\"><\/i>\r\n                                        <span class=\"highlight\">Recogida antes de hora:<\/span>\r\n\t\t\t\t\t\t\t\t\t\t40 \u20ac                                    <\/li>\r\n\t\t\t\t\t\t\t\t\t\t\t\t\t\t\t\t                                    <li>\r\n                                        <i class=\"far fa-money-bill-alt\"><\/i>\r\n                                        <span class=\"highlight\">Retorno despu\u00e9s de hora:<\/span>\r\n\t\t\t\t\t\t\t\t\t\t40 \u20ac                                    <\/li>\r\n\t\t\t\t\t\t\t\t                            <\/ul>\r\n                        <\/div>\r\n                    <\/div>\r\n                    <div class=\"col-xs-12 col-sm-6\">\r\n                        <div class=\"description-location\">\r\n                            <span class=\"title\">Horario de trabajo<\/span>\r\n                            <ul class=\"car-rental-working-hours-list\">\r\n                                <li>\r\n                                    <i class=\"far fa-clock\"><\/i>\r\n                                    <span class=\"highlight\">Lunes:<\/span>\r\n\t\t\t\t\t\t\t\t\t08:00 - 22:00                                <\/li>\r\n                                <li>\r\n                                    <i class=\"far fa-clock\"><\/i>\r\n                                    <span class=\"highlight\">Martes:<\/span>\r\n\t\t\t\t\t\t\t\t\t08:00 - 22:00                                <\/li>\r\n                                <li>\r\n                                    <i class=\"far fa-clock\"><\/i>\r\n                                    <span class=\"highlight\">Miercoles:<\/span>\r\n\t\t\t\t\t\t\t\t\t08:00 - 22:00                                <\/li>\r\n                                <li>\r\n                                    <i class=\"far fa-clock\"><\/i>\r\n                                    <span class=\"highlight\">Jueves:<\/span>\r\n\t\t\t\t\t\t\t\t\t08:00 - 22:00                                <\/li>\r\n                                <li>\r\n                                    <i class=\"far fa-clock\"><\/i>\r\n                                    <span class=\"highlight\">Viernes:<\/span>\r\n\t\t\t\t\t\t\t\t\t08:00 - 22:00                                <\/li>\r\n                                <li>\r\n                                    <i class=\"far fa-clock\"><\/i>\r\n                                    <span class=\"highlight\">S\u00e1bados:<\/span>\r\n\t\t\t\t\t\t\t\t\t08:00 - 22:00                                <\/li>\r\n                                <li>\r\n                                    <i class=\"far fa-clock\"><\/i>\r\n                                    <span class=\"highlight\">Domingos:<\/span>\r\n\t\t\t\t\t\t\t\t\t08:00 - 22:00                                <\/li>\r\n                            <\/ul>\r\n\t\t\t\t\t\t\t                        <\/div>\r\n                    <\/div>\r\n                <\/div>\r\n            <\/div>\r\n\t\t            <div class=\"row\">\r\n                <div class=\"col-xs-12 col-sm-5\">\r\n                    <h2 class=\"location_title\"><a href=\"https:\/\/cabriomallorca.com\/es\/abholort\/hotel-zustellung\/\" title=\"Mostrar descripci\u00f3n del Carro\"><span class=\"location-name\">entrega al hotel<\/span><\/a><\/h2>\r\n                <\/div>\r\n                <div class=\"col-xs-12 col-sm-7 button-holder\">\r\n\t\t\t\t\t<a class=\"button\" href=\"https:\/\/cabriomallorca.com\/es\/abholort\/hotel-zustellung\/\" title=\"Ver Ubicaci\u00f3n\">Ver Ubicaci\u00f3n<\/a>                <\/div>\r\n            <\/div>\r\n            <div class=\"row under_dash\">\r\n                <div class=\"col-xs-12 col-sm-5 img-holder\">\r\n\t\t\t\t\t                        <a class=\"fancybox\" href=\"https:\/\/cabriomallorca.com\/wp-content\/uploads\/CarRentalGallery\/big_thumb_location_mm-map.jpg\"\r\n                           title=\"entrega al hotel\">\r\n                            <img decoding=\"async\" src=\"https:\/\/cabriomallorca.com\/wp-content\/uploads\/CarRentalGallery\/big_thumb_location_mm-map.jpg\"\r\n                                 alt=\"entrega al hotel\"\/>\r\n                        <\/a>\r\n\t\t\t\t\t                <\/div>\r\n                <div class=\"col-xs-12 col-sm-7 information\">\r\n                    <div class=\"col-xs-12 col-sm-6\">\r\n\t\t\t\t\t\t\t\t\t\t\t\t                        <div class=\"description-location\">\r\n                            <span class=\"title\">Recargo por Ubicaci\u00f3n<\/span>\r\n                            <ul class=\"car-rental-fees-list\">\r\n                                <li>\r\n                                    <i class=\"far fa-money-bill-alt\"><\/i>\r\n                                    <span class=\"highlight\">Recogida:<\/span>\r\n\t\t\t\t\t\t\t\t\t50 \u20ac                                <\/li>\r\n                                <li>\r\n                                    <i class=\"far fa-money-bill-alt\"><\/i>\r\n                                    <span class=\"highlight\">Devoluci\u00f3n:<\/span>\r\n\t\t\t\t\t\t\t\t\t50 \u20ac                                <\/li>\r\n\t\t\t\t\t\t\t\t\t\t\t\t\t\t\t\t                            <\/ul>\r\n                        <\/div>\r\n                    <\/div>\r\n                    <div class=\"col-xs-12 col-sm-6\">\r\n                        <div class=\"description-location\">\r\n                            <span class=\"title\">Horario de trabajo<\/span>\r\n                            <ul class=\"car-rental-working-hours-list\">\r\n                                <li>\r\n                                    <i class=\"far fa-clock\"><\/i>\r\n                                    <span class=\"highlight\">Lunes:<\/span>\r\n\t\t\t\t\t\t\t\t\t10:00 - 20:00                                <\/li>\r\n                                <li>\r\n                                    <i class=\"far fa-clock\"><\/i>\r\n                                    <span class=\"highlight\">Martes:<\/span>\r\n\t\t\t\t\t\t\t\t\t10:00 - 20:00                                <\/li>\r\n                                <li>\r\n                                    <i class=\"far fa-clock\"><\/i>\r\n                                    <span class=\"highlight\">Miercoles:<\/span>\r\n\t\t\t\t\t\t\t\t\t10:00 - 20:00                                <\/li>\r\n                                <li>\r\n                                    <i class=\"far fa-clock\"><\/i>\r\n                                    <span class=\"highlight\">Jueves:<\/span>\r\n\t\t\t\t\t\t\t\t\t10:00 - 19:00                                <\/li>\r\n                                <li>\r\n                                    <i class=\"far fa-clock\"><\/i>\r\n                                    <span class=\"highlight\">Viernes:<\/span>\r\n\t\t\t\t\t\t\t\t\t10:00 - 19:00                                <\/li>\r\n                                <li>\r\n                                    <i class=\"far fa-clock\"><\/i>\r\n                                    <span class=\"highlight\">S\u00e1bados:<\/span>\r\n\t\t\t\t\t\t\t\t\t10:00 - 19:00                                <\/li>\r\n                                <li>\r\n                                    <i class=\"far fa-clock\"><\/i>\r\n                                    <span class=\"highlight\">Domingos:<\/span>\r\n\t\t\t\t\t\t\t\t\t10:00 - 19:00                                <\/li>\r\n                            <\/ul>\r\n\t\t\t\t\t\t\t                        <\/div>\r\n                    <\/div>\r\n                <\/div>\r\n            <\/div>\r\n\t\t\t<\/div>\r\n<script type=\"text\/javascript\">\r\n    jQuery(document).ready(function () {\r\n        jQuery('.fancybox').fancybox();\r\n    });\r\n<\/script><\/div><div id=\"search991316\"><form id=\"formElem\" name=\"formElem\" action=\"\" method=\"post\">\r\n    <div class=\"row search_form_row step1 inline_form\" id=\"search_form\">\r\n        <div class=\"col-xs-12 col-sm-9 col-md-10\">\r\n            <div class=\"row\">\r\n                <div class=\"col-xxs-12 col-xs-6\">\r\n                    <div class=\"row\">\r\n\t\t\t\t\t\t                            <div class=\"col-xs-12 col-lg-6\">\r\n                                <span class=\"hidden-xs hidden-sm hidden-md form_title\">Ubicaci\u00f3n de Recogida<\/span>\r\n                                <span class=\"hidden-lg form_title\">Recogida Informaci\u00f3n<\/span>\r\n\t\t\t\t\t\t\t\t                                    <select name=\"pickup_location_id\" class=\"form-control pickup-location home-select\">\r\n\t\t\t\t\t\t\t\t\t\t<option value=\"0\" selected=\"selected\">Recogida:<\/option><option value=\"1\">1. aeropuerto Palma<\/option><option value=\"2\">2. entrega al hotel<\/option>                                    <\/select>\r\n\t\t\t\t\t\t\t\t                            <\/div>\r\n\t\t\t\t\t\t\t\t\t\t\t\t                            <div class=\"col-xs-12 col-lg-6\">\r\n                                <span class=\"hidden-xs hidden-sm hidden-md form_title\">Fecha de Recogida<\/span>\r\n                                <div class=\"row\">\r\n                                    <div class=\"col-xs-7 col-md-6 date top_margin-md\">\r\n\t\t\t\t\t\t\t\t\t\t                                            <input type=\"text\" name=\"pickup_date\"\r\n                                                   value=\"Fecha:\"\r\n                                                   placeholder=\"Fecha:\"\r\n                                                   class=\"pickup-date\"\r\n                                                   readonly=\"readonly\" AUTOCOMPLETE=\"off\"\/>\r\n\t\t\t\t\t\t\t\t\t\t                                    <\/div>\r\n                                    <div class=\"col-xs-5 col-md-6 time top_margin-md\">\r\n\t\t\t\t\t\t\t\t\t\t                                            <select name=\"pickup_time\" class=\"pickup-time\">\r\n\t\t\t\t\t\t\t\t\t\t\t\t<option value=\"00:00:00\">00:00<\/option><option value=\"00:30:00\">00:30<\/option><option value=\"01:00:00\">01:00<\/option><option value=\"01:30:00\">01:30<\/option><option value=\"02:00:00\">02:00<\/option><option value=\"02:30:00\">02:30<\/option><option value=\"03:00:00\">03:00<\/option><option value=\"03:30:00\">03:30<\/option><option value=\"04:00:00\">04:00<\/option><option value=\"04:30:00\">04:30<\/option><option value=\"05:00:00\">05:00<\/option><option value=\"05:30:00\">05:30<\/option><option value=\"06:00:00\">06:00<\/option><option value=\"06:30:00\">06:30<\/option><option value=\"07:00:00\">07:00<\/option><option value=\"07:30:00\">07:30<\/option><option value=\"08:00:00\">08:00<\/option><option value=\"08:30:00\">08:30<\/option><option value=\"09:00:00\">09:00<\/option><option value=\"09:30:00\">09:30<\/option><option value=\"10:00:00\">10:00<\/option><option value=\"10:30:00\">10:30<\/option><option value=\"11:00:00\">11:00<\/option><option value=\"11:30:00\">11:30<\/option><option value=\"12:00:00\" selected=\"selected\">12:00<\/option><option value=\"12:30:00\">12:30<\/option><option value=\"13:00:00\">13:00<\/option><option value=\"13:30:00\">13:30<\/option><option value=\"14:00:00\">14:00<\/option><option value=\"14:30:00\">14:30<\/option><option value=\"15:00:00\">15:00<\/option><option value=\"15:30:00\">15:30<\/option><option value=\"16:00:00\">16:00<\/option><option value=\"16:30:00\">16:30<\/option><option value=\"17:00:00\">17:00<\/option><option value=\"17:30:00\">17:30<\/option><option value=\"18:00:00\">18:00<\/option><option value=\"18:30:00\">18:30<\/option><option value=\"19:00:00\">19:00<\/option><option value=\"19:30:00\">19:30<\/option><option value=\"20:00:00\">20:00<\/option><option value=\"20:30:00\">20:30<\/option><option value=\"21:00:00\">21:00<\/option><option value=\"21:30:00\">21:30<\/option><option value=\"22:00:00\">22:00<\/option><option value=\"22:30:00\">22:30<\/option><option value=\"23:00:00\">23:00<\/option><option value=\"23:30:00\">23:30<\/option>                                            <\/select>\r\n\t\t\t\t\t\t\t\t\t\t                                    <\/div>\r\n                                <\/div>\r\n                            <\/div>\r\n\t\t\t\t\t\t                    <\/div>\r\n                <\/div>\r\n                <div class=\"col-xxs-12 col-xs-6\">\r\n                    <div class=\"row\">\r\n\t\t\t\t\t\t                            <div class=\"col-xxs-12 col-xs-12 col-lg-6\">\r\n                                <span class=\"hidden-xs hidden-sm hidden-md form_title\">Ubicaci\u00f3n de Devoluci\u00f3n<\/span>\r\n                                <span class=\"hidden-lg form_title\">Devoluci\u00f3n Informaci\u00f3n<\/span>\r\n\t\t\t\t\t\t\t\t\t\t\t\t\t\t\t\t\t                                        <select name=\"return_location_id\"\r\n                                                class=\"form-control return-location home-select\">\r\n\t\t\t\t\t\t\t\t\t\t\t<option value=\"0\" selected=\"selected\">Devoluci\u00f3n:<\/option><option value=\"1\">1. aeropuerto Palma<\/option><option value=\"2\">2. entrega al hotel<\/option>                                        <\/select>\r\n\t\t\t\t\t\t\t\t\t\t\t\t\t\t\t\t\t                            <\/div>\r\n\t\t\t\t\t\t\t\t\t\t\t\t                            <div class=\"col-xxs-12 col-xs-12 col-lg-6\">\r\n                                <span class=\"hidden-xs hidden-sm hidden-md form_title\">Fecha de Devoluci\u00f3n<\/span>\r\n                                <div class=\"row\">\r\n\t\t\t\t\t\t\t\t\t                                        <div class=\"col-xs-7 col-md-6 date top_margin-md\">\r\n\t\t\t\t\t\t\t\t\t\t\t                                                <input type=\"text\" name=\"return_date\" class=\"return-date\"\r\n                                                       value=\"Fecha:\"\r\n                                                       placeholder=\"Fecha:\"\r\n                                                       readonly=\"readonly\" AUTOCOMPLETE=\"off\"\/>\r\n\t\t\t\t\t\t\t\t\t\t\t                                        <\/div>\r\n                                        <div class=\"col-xs-5 col-md-6 time top_margin-md\">\r\n\t\t\t\t\t\t\t\t\t\t\t                                                <select name=\"return_time\" class=\"return-time\">\r\n\t\t\t\t\t\t\t\t\t\t\t\t\t<option value=\"00:00:00\">00:00<\/option><option value=\"00:30:00\">00:30<\/option><option value=\"01:00:00\">01:00<\/option><option value=\"01:30:00\">01:30<\/option><option value=\"02:00:00\">02:00<\/option><option value=\"02:30:00\">02:30<\/option><option value=\"03:00:00\">03:00<\/option><option value=\"03:30:00\">03:30<\/option><option value=\"04:00:00\">04:00<\/option><option value=\"04:30:00\">04:30<\/option><option value=\"05:00:00\">05:00<\/option><option value=\"05:30:00\">05:30<\/option><option value=\"06:00:00\">06:00<\/option><option value=\"06:30:00\">06:30<\/option><option value=\"07:00:00\">07:00<\/option><option value=\"07:30:00\">07:30<\/option><option value=\"08:00:00\">08:00<\/option><option value=\"08:30:00\">08:30<\/option><option value=\"09:00:00\">09:00<\/option><option value=\"09:30:00\">09:30<\/option><option value=\"10:00:00\">10:00<\/option><option value=\"10:30:00\">10:30<\/option><option value=\"11:00:00\">11:00<\/option><option value=\"11:30:00\">11:30<\/option><option value=\"12:00:00\" selected=\"selected\">12:00<\/option><option value=\"12:30:00\">12:30<\/option><option value=\"13:00:00\">13:00<\/option><option value=\"13:30:00\">13:30<\/option><option value=\"14:00:00\">14:00<\/option><option value=\"14:30:00\">14:30<\/option><option value=\"15:00:00\">15:00<\/option><option value=\"15:30:00\">15:30<\/option><option value=\"16:00:00\">16:00<\/option><option value=\"16:30:00\">16:30<\/option><option value=\"17:00:00\">17:00<\/option><option value=\"17:30:00\">17:30<\/option><option value=\"18:00:00\">18:00<\/option><option value=\"18:30:00\">18:30<\/option><option value=\"19:00:00\">19:00<\/option><option value=\"19:30:00\">19:30<\/option><option value=\"20:00:00\">20:00<\/option><option value=\"20:30:00\">20:30<\/option><option value=\"21:00:00\">21:00<\/option><option value=\"21:30:00\">21:30<\/option><option value=\"22:00:00\">22:00<\/option><option value=\"22:30:00\">22:30<\/option><option value=\"23:00:00\">23:00<\/option><option value=\"23:30:00\">23:30<\/option>                                                <\/select>\r\n\t\t\t\t\t\t\t\t\t\t\t                                        <\/div>\r\n\t\t\t\t\t\t\t\t\t                                <\/div>\r\n                            <\/div>\r\n\t\t\t\t\t\t                    <\/div>\r\n                <\/div>\r\n            <\/div>\r\n\t\t\t        <\/div>\r\n        <div class=\"col-xs-12 col-sm-3 col-md-2 crs-form-submit\">\r\n            <input type=\"hidden\" name=\"car_rental_came_from_step1\" value=\"yes\"\/>\r\n\t\t\t\t\t\t\t<input type=\"submit\" name=\"car_rental_do_search\" value=\"Buscar\" class=\"car-rental-do-search md-bigger\" onClick=\"ga('send', 'event', 'Car Rental', 'Click', '1. Search for all cars');\" \/>\t\t\t        <\/div>\r\n    <\/div>\r\n<\/form>\r\n<script type=\"text\/javascript\">\r\n    var autoFocus = '1';\r\n    var locationsS2 = '1';\r\n    var durationS2 = '';\r\n    var priceType = '1';\r\n    var returnLocation = '1';\r\n    var returnDate = '1';\r\n    var NRS_SELECT_BOOKING_DATE_TEXT = 'Fecha:';\r\n\r\n    jQuery(document).ready(function () {\r\n        var options = {};\r\n        options.useDatePicker = '1';\r\n        options.unavailableDates = [];\r\n        options.autoFocus = autoFocus;\r\n        options.timeMode = 'regular';\r\n        options.minimumBookingPeriodInseconds = '259200';\r\n        options.nrsDateFormat = 'dd\/mm\/yy';\r\n        options.firstDay = '1';\r\n        options.locationsS2 = locationsS2;\r\n        options.filtersS2 = '';\r\n        options.durationS2 = durationS2;\r\n        options.priceType = priceType;\r\n        options.returnLocation = returnLocation;\r\n        options.returnDate = returnDate;\r\n        options.minDate = '0';\r\n        options.existingBookingCodeVisible = '';\r\n        options.couponCodeRequired = '';\r\n        options.pickupLocationRequired = '1';\r\n        options.returnLocationRequired = '1';\r\n        options.pickupDateRequired = '1';\r\n        options.returnDateRequired = '1';\r\n        options.timeFormat = 'H:i';\r\n        options.NRS_SELECT_BOOKING_DATE_TEXT = NRS_SELECT_BOOKING_DATE_TEXT;\r\n        options.NRS_I_HAVE_BOOKING_CODE_TEXT = \"Tengo un n\u00famero de reserva:\";\r\n        options.NRS_COUPON_CODE_ALERT_TEXT = \"\u00a1Por favor, ingrese el c\u00f3digo de cup\u00f3n!\";\r\n        options.NRS_PICKUP_LOCATION_ALERT_TEXT = \"Por favor, seleccione el lugar de encuentro!\";\r\n        options.NRS_RETURN_LOCATION_ALERT_TEXT = \"Por favor, seleccione el lugar de Devoluci\u00f3n!\";\r\n        options.NRS_PICKUP_DATE_ALERT_TEXT = \"Por favor, Ingrese la fecha de Llegada!\";\r\n        options.NRS_RETURN_DATE_ALERT_TEXT = \"Por favor, Ingrese la Fecha de Salida!\";\r\n        options.NRS_BOOKING_PERIOD_ALERT_TEXT = \"Por favor, Ingrese la Fecha de Salida!\";\r\n        options.NRS_MINUTES_TEXT = \"minutos\";\r\n        options.NRS_HOURS_TEXT = \"horashoras\";\r\n        options.NRS_ERROR_MINIMUM_NUMBER_OF_NIGHT_SHOULD_NOT_BE_LESS_THAN_TEXT = \"El n\u00famero m\u00ednimo de noches no debe ser inferior a\";\r\n        options.NRS_ERROR_PLEASE_MODIFY_YOUR_SEARCH_CRITERIA_TEXT = \"Modificar sus criterios de b\u00fasqueda.\";\r\n        step1.init(options);\r\n    });<\/script><\/div>[\/vc_column][\/vc_row]<\/p>\n<\/div>","protected":false},"excerpt":{"rendered":"<p>[vc_row][vc_column][vc_column_text] SERVICIO SUPERIOR En Mallorca tienes la opci\u00f3n de recoger tu coche de alquiler directamente en el aeropuerto. Sin lanzadera, sin andar, sin tiempos de espera. Te entregaremos tu veh\u00edculo de alquiler directamente en la sala de llegadas del aparcamiento expr\u00e9s del aeropuerto de Mallorca. Tambi\u00e9n podemos llevar tu coche de alquiler a cualquier hotel [&hellip;]<\/p>\n","protected":false},"author":1,"featured_media":0,"parent":0,"menu_order":0,"comment_status":"closed","ping_status":"closed","template":"","meta":{"footnotes":""},"class_list":["post-5133","page","type-page","status-publish","hentry"],"_links":{"self":[{"href":"https:\/\/cabriomallorca.com\/es\/wp-json\/wp\/v2\/pages\/5133","targetHints":{"allow":["GET"]}}],"collection":[{"href":"https:\/\/cabriomallorca.com\/es\/wp-json\/wp\/v2\/pages"}],"about":[{"href":"https:\/\/cabriomallorca.com\/es\/wp-json\/wp\/v2\/types\/page"}],"author":[{"embeddable":true,"href":"https:\/\/cabriomallorca.com\/es\/wp-json\/wp\/v2\/users\/1"}],"replies":[{"embeddable":true,"href":"https:\/\/cabriomallorca.com\/es\/wp-json\/wp\/v2\/comments?post=5133"}],"version-history":[{"count":10,"href":"https:\/\/cabriomallorca.com\/es\/wp-json\/wp\/v2\/pages\/5133\/revisions"}],"predecessor-version":[{"id":5150,"href":"https:\/\/cabriomallorca.com\/es\/wp-json\/wp\/v2\/pages\/5133\/revisions\/5150"}],"wp:attachment":[{"href":"https:\/\/cabriomallorca.com\/es\/wp-json\/wp\/v2\/media?parent=5133"}],"curies":[{"name":"wp","href":"https:\/\/api.w.org\/{rel}","templated":true}]}}