{"id":5117,"date":"2024-04-21T10:11:04","date_gmt":"2024-04-21T10:11:04","guid":{"rendered":"https:\/\/mallorca-mietwagen.com\/colonia-sant-jordi-cabrio-rentals\/"},"modified":"2024-04-25T10:30:13","modified_gmt":"2024-04-25T10:30:13","slug":"colonia-sant-jordi-cabrio-rentals","status":"publish","type":"page","link":"https:\/\/cabriomallorca.com\/es\/colonia-sant-jordi-cabrio-rentals\/","title":{"rendered":"colonia-sant-jordi-cabrio-rentals"},"content":{"rendered":"<div class=\"wpb-content-wrapper\"><p>[vc_row full_width=\u00bbstretch_row\u00bb full_height=\u00bbyes\u00bb columns_placement=\u00bbtop\u00bb content_placement=\u00bbtop\u00bb parallax=\u00bbcontent-moving\u00bb parallax_image=\u00bb32&#8243; parallax_speed_bg=\u00bb1&#8243; css_animation=\u00bbfadeInDown\u00bb el_class=\u00bb@media screen and (max-width:767px){ selector img{ content: url(&#8216;https:\/\/nutri-hero.com\/wp-content\/uploads\/2024\/04\/madebynature.jpg&#8217;) } }\u00bb][vc_column width=\u00bb1\/4&#8243;]<div id=\"search377360\"><div class=\"row search_form_row step1 vertical\" id=\"search_form\">\r\n    <form id=\"formElem\" name=\"formElem\" action=\"https:\/\/cabriomallorca.com\/es\/cabrios\/search\/\" method=\"post\">\r\n        <div class=\"col-xs-12\">\r\n            <span class=\"form_title\">Recogida Informaci\u00f3n<\/span>\r\n\t\t\t\t\t\t\t                    <select name=\"pickup_location_id\" class=\"form-control pickup-location home-select\">\r\n\t\t\t\t\t\t<option value=\"0\" selected=\"selected\">Recogida:<\/option><option value=\"1\">1. aeropuerto Palma<\/option><option value=\"2\">2. entrega al hotel<\/option>                    <\/select>\r\n\t\t\t\t\t\t\t\t\t\t                <div class=\"row\">\r\n                    <div class=\"col-xs-7 date top_margin\">\r\n\t\t\t\t\t\t                            <input type=\"text\" name=\"pickup_date\"\r\n                                   value=\"Fecha:\"\r\n                                   placeholder=\"Fecha:\"\r\n                                   class=\"pickup-date\"\r\n                                   readonly=\"readonly\" AUTOCOMPLETE=\"off\"\/>\r\n\t\t\t\t\t\t                    <\/div>\r\n                    <div class=\"col-xs-5 time top_margin\">\r\n\t\t\t\t\t\t                            <select name=\"pickup_time\" class=\"pickup-time\">\r\n\t\t\t\t\t\t\t\t<option value=\"00:00:00\">00:00<\/option><option value=\"00:30:00\">00:30<\/option><option value=\"01:00:00\">01:00<\/option><option value=\"01:30:00\">01:30<\/option><option value=\"02:00:00\">02:00<\/option><option value=\"02:30:00\">02:30<\/option><option value=\"03:00:00\">03:00<\/option><option value=\"03:30:00\">03:30<\/option><option value=\"04:00:00\">04:00<\/option><option value=\"04:30:00\">04:30<\/option><option value=\"05:00:00\">05:00<\/option><option value=\"05:30:00\">05:30<\/option><option value=\"06:00:00\">06:00<\/option><option value=\"06:30:00\">06:30<\/option><option value=\"07:00:00\">07:00<\/option><option value=\"07:30:00\">07:30<\/option><option value=\"08:00:00\">08:00<\/option><option value=\"08:30:00\">08:30<\/option><option value=\"09:00:00\">09:00<\/option><option value=\"09:30:00\">09:30<\/option><option value=\"10:00:00\">10:00<\/option><option value=\"10:30:00\">10:30<\/option><option value=\"11:00:00\">11:00<\/option><option value=\"11:30:00\">11:30<\/option><option value=\"12:00:00\" selected=\"selected\">12:00<\/option><option value=\"12:30:00\">12:30<\/option><option value=\"13:00:00\">13:00<\/option><option value=\"13:30:00\">13:30<\/option><option value=\"14:00:00\">14:00<\/option><option value=\"14:30:00\">14:30<\/option><option value=\"15:00:00\">15:00<\/option><option value=\"15:30:00\">15:30<\/option><option value=\"16:00:00\">16:00<\/option><option value=\"16:30:00\">16:30<\/option><option value=\"17:00:00\">17:00<\/option><option value=\"17:30:00\">17:30<\/option><option value=\"18:00:00\">18:00<\/option><option value=\"18:30:00\">18:30<\/option><option value=\"19:00:00\">19:00<\/option><option value=\"19:30:00\">19:30<\/option><option value=\"20:00:00\">20:00<\/option><option value=\"20:30:00\">20:30<\/option><option value=\"21:00:00\">21:00<\/option><option value=\"21:30:00\">21:30<\/option><option value=\"22:00:00\">22:00<\/option><option value=\"22:30:00\">22:30<\/option><option value=\"23:00:00\">23:00<\/option><option value=\"23:30:00\">23:30<\/option>                            <\/select>\r\n\t\t\t\t\t\t                    <\/div>\r\n                <\/div>\r\n\t\t\t        <\/div>\r\n        <div class=\"col-xs-12\">\r\n            <span class=\"form_title fix_margin\">Devoluci\u00f3n Informaci\u00f3n<\/span>\r\n\t\t\t\t\t\t\t                    <select name=\"return_location_id\" class=\"form-control return-location home-select\">\r\n\t\t\t\t\t\t<option value=\"0\" selected=\"selected\">Devoluci\u00f3n:<\/option><option value=\"1\">1. aeropuerto Palma<\/option><option value=\"2\">2. entrega al hotel<\/option>                    <\/select>\r\n\t\t\t\t\t\t\t        <\/div>\r\n\t\t            <div class=\"col-xs-12\">\r\n                <div class=\"row\">\r\n\t\t\t\t\t                        <div class=\"col-xs-7 date top_margin\">\r\n\t\t\t\t\t\t\t                                <input type=\"text\" name=\"return_date\" class=\"return-date\"\r\n                                       value=\"Fecha:\"\r\n                                       placeholder=\"Fecha:\"\r\n                                       readonly=\"readonly\" AUTOCOMPLETE=\"off\"\/>\r\n\t\t\t\t\t\t\t                        <\/div>\r\n                        <div class=\"col-xs-5 time top_margin\">\r\n\t\t\t\t\t\t\t                                <select name=\"return_time\" class=\"return-time\">\r\n\t\t\t\t\t\t\t\t\t<option value=\"00:00:00\">00:00<\/option><option value=\"00:30:00\">00:30<\/option><option value=\"01:00:00\">01:00<\/option><option value=\"01:30:00\">01:30<\/option><option value=\"02:00:00\">02:00<\/option><option value=\"02:30:00\">02:30<\/option><option value=\"03:00:00\">03:00<\/option><option value=\"03:30:00\">03:30<\/option><option value=\"04:00:00\">04:00<\/option><option value=\"04:30:00\">04:30<\/option><option value=\"05:00:00\">05:00<\/option><option value=\"05:30:00\">05:30<\/option><option value=\"06:00:00\">06:00<\/option><option value=\"06:30:00\">06:30<\/option><option value=\"07:00:00\">07:00<\/option><option value=\"07:30:00\">07:30<\/option><option value=\"08:00:00\">08:00<\/option><option value=\"08:30:00\">08:30<\/option><option value=\"09:00:00\">09:00<\/option><option value=\"09:30:00\">09:30<\/option><option value=\"10:00:00\">10:00<\/option><option value=\"10:30:00\">10:30<\/option><option value=\"11:00:00\">11:00<\/option><option value=\"11:30:00\">11:30<\/option><option value=\"12:00:00\" selected=\"selected\">12:00<\/option><option value=\"12:30:00\">12:30<\/option><option value=\"13:00:00\">13:00<\/option><option value=\"13:30:00\">13:30<\/option><option value=\"14:00:00\">14:00<\/option><option value=\"14:30:00\">14:30<\/option><option value=\"15:00:00\">15:00<\/option><option value=\"15:30:00\">15:30<\/option><option value=\"16:00:00\">16:00<\/option><option value=\"16:30:00\">16:30<\/option><option value=\"17:00:00\">17:00<\/option><option value=\"17:30:00\">17:30<\/option><option value=\"18:00:00\">18:00<\/option><option value=\"18:30:00\">18:30<\/option><option value=\"19:00:00\">19:00<\/option><option value=\"19:30:00\">19:30<\/option><option value=\"20:00:00\">20:00<\/option><option value=\"20:30:00\">20:30<\/option><option value=\"21:00:00\">21:00<\/option><option value=\"21:30:00\">21:30<\/option><option value=\"22:00:00\">22:00<\/option><option value=\"22:30:00\">22:30<\/option><option value=\"23:00:00\">23:00<\/option><option value=\"23:30:00\">23:30<\/option>                                <\/select>\r\n\t\t\t\t\t\t\t                        <\/div>\r\n\t\t\t\t\t                <\/div>\r\n            <\/div>\r\n\t\t\t\t\t\t\t\t        <div class=\"col-xs-12 submit\">\r\n            <input type=\"hidden\" name=\"car_rental_came_from_step1\" value=\"yes\"\/>\r\n\t\t\t\t\t\t\t<input type=\"submit\" name=\"car_rental_do_search\" value=\"Buscar\" class=\"car-rental-do-search\" onClick=\"ga('send', 'event', 'Car Rental', 'Click', '1. Search for all cars');\" \/>\t\t\t        <\/div>\r\n    <\/form>\r\n<\/div>\r\n<script type=\"text\/javascript\">\r\n    var autoFocus = '1';\r\n    var locationsS2 = '1';\r\n    var durationS2 = '';\r\n    var priceType = '1';\r\n    var returnLocation = '1';\r\n    var returnDate = '1';\r\n    var NRS_SELECT_BOOKING_DATE_TEXT = 'Fecha:';\r\n\r\n    jQuery(document).ready(function () {\r\n        var options = {};\r\n        options.useDatePicker = '1';\r\n        options.unavailableDates = [];\r\n        options.autoFocus = autoFocus;\r\n        options.timeMode = 'regular';\r\n        options.minimumBookingPeriodInseconds = '259200';\r\n        options.nrsDateFormat = 'dd\/mm\/yy';\r\n        options.firstDay = '1';\r\n        options.locationsS2 = locationsS2;\r\n        options.filtersS2 = '';\r\n        options.durationS2 = durationS2;\r\n        options.priceType = priceType;\r\n        options.returnLocation = returnLocation;\r\n        options.returnDate = returnDate;\r\n        options.minDate = '0';\r\n        options.existingBookingCodeVisible = '';\r\n        options.couponCodeRequired = '';\r\n        options.pickupLocationRequired = '1';\r\n        options.returnLocationRequired = '1';\r\n        options.pickupDateRequired = '1';\r\n        options.returnDateRequired = '1';\r\n        options.timeFormat = 'H:i';\r\n        options.NRS_SELECT_BOOKING_DATE_TEXT = NRS_SELECT_BOOKING_DATE_TEXT;\r\n        options.NRS_I_HAVE_BOOKING_CODE_TEXT = \"Tengo un n\u00famero de reserva:\";\r\n        options.NRS_COUPON_CODE_ALERT_TEXT = \"\u00a1Por favor, ingrese el c\u00f3digo de cup\u00f3n!\";\r\n        options.NRS_PICKUP_LOCATION_ALERT_TEXT = \"Por favor, seleccione el lugar de encuentro!\";\r\n        options.NRS_RETURN_LOCATION_ALERT_TEXT = \"Por favor, seleccione el lugar de Devoluci\u00f3n!\";\r\n        options.NRS_PICKUP_DATE_ALERT_TEXT = \"Por favor, Ingrese la fecha de Llegada!\";\r\n        options.NRS_RETURN_DATE_ALERT_TEXT = \"Por favor, Ingrese la Fecha de Salida!\";\r\n        options.NRS_BOOKING_PERIOD_ALERT_TEXT = \"Por favor, Ingrese la Fecha de Salida!\";\r\n        options.NRS_MINUTES_TEXT = \"minutos\";\r\n        options.NRS_HOURS_TEXT = \"horashoras\";\r\n        options.NRS_ERROR_MINIMUM_NUMBER_OF_NIGHT_SHOULD_NOT_BE_LESS_THAN_TEXT = \"El n\u00famero m\u00ednimo de noches no debe ser inferior a\";\r\n        options.NRS_ERROR_PLEASE_MODIFY_YOUR_SEARCH_CRITERIA_TEXT = \"Modificar sus criterios de b\u00fasqueda.\";\r\n        step1.init(options);\r\n    });<\/script><\/div>[\/vc_column][vc_column width=\u00bb3\/4&#8243; offset=\u00bbvc_hidden-xs\u00bb][vc_message icon_fontawesome=\u00bbfas fa-search-dollar\u00bb css=\u00bb\u00bb]<\/p>\n<h4 style=\"text-align: left;\">Reserva ahora tu descapotable en Colonia Sant Jordi con el mejor precio y servicio<\/h4>\n<p>[\/vc_message][\/vc_column][\/vc_row][vc_row content_placement=\u00bbmiddle\u00bb][vc_column][\/vc_column][\/vc_row][vc_row][vc_column]<div id=\"cars-slider832614\"><div class=\"car-rental-slider car-rental-loading\">\r\n\t        <div class=\"responsive-cars-slider\">\r\n\t\t\t                <div>\r\n\t\t\t\t\t<div class=\"car-rental-item-image\"><a href=\"https:\/\/cabriomallorca.com\/es\/mietwagen\/land-rover-freelander-sport-cabrio\/\" title=\"Ver Carro\"><img data-lazy=\"https:\/\/cabriomallorca.com\/wp-content\/uploads\/CarRentalGallery\/thumb_freelander.jpg\" title=\"Land Rover Freelander Sport Cabrio\" alt=\"Land Rover Freelander Sport Cabrio\"><\/a><\/div><div class=\"car-rental-item-details\"><div class=\"car-rental-slider-bodytype-title\">SUV Cabrio<\/div><div class=\"car-rental-item-title underline full-width\"><a class=\"primary_color\" href=\"https:\/\/cabriomallorca.com\/es\/mietwagen\/land-rover-freelander-sport-cabrio\/\" title=\"Ver Carro\">Land Rover Freelander Sport Cabrio<\/a><\/div><div class=\"car-rental-item-prefix primary_color\">d\u00eda Desde<\/div><div class=\"car-rental-item-price primary_color\">55&euro;<\/div><\/div>                <\/div>\r\n\t\t\t                <div>\r\n\t\t\t\t\t<div class=\"car-rental-item-image\"><a href=\"https:\/\/cabriomallorca.com\/es\/mietwagen\/audi-a3-cabrio\/\" title=\"Ver Carro\"><img data-lazy=\"https:\/\/cabriomallorca.com\/wp-content\/uploads\/CarRentalGallery\/thumb_A3neu.png\" title=\"Audi A3 Cabrio o.\u00e4.\" alt=\"Audi A3 Cabrio o.\u00e4.\"><\/a><\/div><div class=\"car-rental-item-details\"><div class=\"car-rental-slider-bodytype-title\">Cabrio<\/div><div class=\"car-rental-item-title underline full-width\"><a class=\"primary_color\" href=\"https:\/\/cabriomallorca.com\/es\/mietwagen\/audi-a3-cabrio\/\" title=\"Ver Carro\">Audi A3 Cabrio o.\u00e4.<\/a><\/div><div class=\"car-rental-item-prefix primary_color\">d\u00eda Desde<\/div><div class=\"car-rental-item-price primary_color\">60&euro;<\/div><\/div>                <\/div>\r\n\t\t\t                <div>\r\n\t\t\t\t\t<div class=\"car-rental-item-image\"><a href=\"https:\/\/cabriomallorca.com\/es\/mietwagen\/opel-cascada-cabrio\/\" title=\"Ver Carro\"><img data-lazy=\"https:\/\/cabriomallorca.com\/wp-content\/uploads\/CarRentalGallery\/thumb_cascada.png\" title=\"Opel Cascada o.\u00e4.\" alt=\"Opel Cascada o.\u00e4.\"><\/a><\/div><div class=\"car-rental-item-details\"><div class=\"car-rental-slider-bodytype-title\">Cabrio<\/div><div class=\"car-rental-item-title underline full-width\"><a class=\"primary_color\" href=\"https:\/\/cabriomallorca.com\/es\/mietwagen\/opel-cascada-cabrio\/\" title=\"Ver Carro\">Opel Cascada o.\u00e4.<\/a><\/div><div class=\"car-rental-item-prefix primary_color\">d\u00eda Desde<\/div><div class=\"car-rental-item-price primary_color\">60&euro;<\/div><\/div>                <\/div>\r\n\t\t\t                <div>\r\n\t\t\t\t\t<div class=\"car-rental-item-image\"><a href=\"https:\/\/cabriomallorca.com\/es\/mietwagen\/audi-a3-autom\/\" title=\"Ver Carro\"><img data-lazy=\"https:\/\/cabriomallorca.com\/wp-content\/uploads\/CarRentalGallery\/thumb_1711617316_A3cabrio.jpg\" title=\"Audi A3 Cabrio autom. o.\u00e4.\" alt=\"Audi A3 Cabrio autom. o.\u00e4.\"><\/a><\/div><div class=\"car-rental-item-details\"><div class=\"car-rental-slider-bodytype-title\">Cabrio<\/div><div class=\"car-rental-item-title underline full-width\"><a class=\"primary_color\" href=\"https:\/\/cabriomallorca.com\/es\/mietwagen\/audi-a3-autom\/\" title=\"Ver Carro\">Audi A3 Cabrio autom. o.\u00e4.<\/a><\/div><div class=\"car-rental-item-prefix primary_color\">d\u00eda Desde<\/div><div class=\"car-rental-item-price primary_color\">68&euro;<\/div><\/div>                <\/div>\r\n\t\t\t                <div>\r\n\t\t\t\t\t<div class=\"car-rental-item-image\"><a href=\"https:\/\/cabriomallorca.com\/es\/mietwagen\/mini-cooper-cabrio\/\" title=\"Ver Carro\"><img data-lazy=\"https:\/\/cabriomallorca.com\/wp-content\/uploads\/CarRentalGallery\/thumb_minicabrio.png\" title=\"Mini Cooper Cabrio\" alt=\"Mini Cooper Cabrio\"><\/a><\/div><div class=\"car-rental-item-details\"><div class=\"car-rental-slider-bodytype-title\">Cabrio<\/div><div class=\"car-rental-item-title underline full-width\"><a class=\"primary_color\" href=\"https:\/\/cabriomallorca.com\/es\/mietwagen\/mini-cooper-cabrio\/\" title=\"Ver Carro\">Mini Cooper Cabrio<\/a><\/div><div class=\"car-rental-item-prefix primary_color\">d\u00eda Desde<\/div><div class=\"car-rental-item-price primary_color\">68&euro;<\/div><\/div>                <\/div>\r\n\t\t\t                <div>\r\n\t\t\t\t\t<div class=\"car-rental-item-image\"><a href=\"https:\/\/cabriomallorca.com\/es\/mietwagen\/audi-a5-cabrio\/\" title=\"Ver Carro\"><img data-lazy=\"https:\/\/cabriomallorca.com\/wp-content\/uploads\/CarRentalGallery\/thumb_1682361400_A5-cabrio1.jpg\" title=\"Audi A5 Cabrio Automatik o.\u00e4.\" alt=\"Audi A5 Cabrio Automatik o.\u00e4.\"><\/a><\/div><div class=\"car-rental-item-details\"><div class=\"car-rental-slider-bodytype-title\">Cabrio<\/div><div class=\"car-rental-item-title underline full-width\"><a class=\"primary_color\" href=\"https:\/\/cabriomallorca.com\/es\/mietwagen\/audi-a5-cabrio\/\" title=\"Ver Carro\">Audi A5 Cabrio Automatik o.\u00e4.<\/a><\/div><div class=\"car-rental-item-prefix primary_color\">d\u00eda Desde<\/div><div class=\"car-rental-item-price primary_color\">145&euro;<\/div><\/div>                <\/div>\r\n\t\t\t        <\/div>\r\n\t<\/div><\/div>[\/vc_column][\/vc_row][vc_row][vc_column width=\u00bb1\/3&#8243;][vc_cta h2=\u00bb\u00bb color=\u00bbblue\u00bb]<\/p>\n<p style=\"text-align: center;\"><a href=\"https:\/\/www.trust24.org\/mietwagen\/cabrio-mietwagen-mallorca\">Lo que dicen nuestros clientes<img loading=\"lazy\" decoding=\"async\" class=\"aligncenter\" style=\"float: center;\" src=\"https:\/\/www.trust24.org\/widget\/?id=56&amp;img=1\" alt=\"Sello de la tienda\" width=\"190\" height=\"150\" border=\"0\"><\/a><\/p>\n<p>[\/vc_cta][\/vc_column][vc_column width=\u00bb1\/3&#8243;][vc_cta h2=\u00bb\u00bb color=\u00bbsky\u00bb css=\u00bb\u00bb]<\/p>\n<ul>\n<li>Entrega expr\u00e9s en Colonia Sant Jordi o en el aeropuerto<\/li>\n<li>Entrega y contrato en alem\u00e1n<\/li>\n<li>Entrega en hotel en Colonia Sant Jordi y en toda la isla<\/li>\n<li>Especialista en descapotables: conocemos el terreno<\/li>\n<\/ul>\n<p>[\/vc_cta][\/vc_column][vc_column width=\u00bb1\/3&#8243; offset=\u00bbvc_hidden-xs\u00bb][vc_cta h2=\u00bb\u00bb color=\u00bbsky\u00bb]<\/p>\n<p style=\"text-align: center;\"><a title=\"sobre nosotros\" href=\"https:\/\/cabriomallorca.com\/about-us\/\">Para ti en Mallorca<img loading=\"lazy\" decoding=\"async\" class=\"aligncenter\" src=\"https:\/\/cabriomallorca.com\/wp-content\/uploads\/2020\/01\/15J.png\" alt=\"15 a\u00f1os de alquiler de coches en Mallorca\" width=\"150\" height=\"150\"><\/a><\/p>\n<p>[\/vc_cta][\/vc_column][\/vc_row][vc_row][vc_column width=\u00bb1\/2&#8243;][vc_single_image image=\u00bb4825&#8243; img_size=\u00bbfull\u00bb][\/vc_column][vc_column width=\u00bb1\/2&#8243;][vc_column_text css=\u00bb.vc_custom_1713694184519{margin-top: 50px !important;margin-right: 50px !important;margin-bottom: 50px !important;margin-left: 50px !important;}\u00bb]<\/p>\n<h4><\/h4>\n<h4><\/h4>\n<h1><span style=\"color: #808080;\">C\u00f3mo empiezan tus vacaciones descapotables en Colonia Sant Jordi<\/span><\/h1>\n<h4><strong><span style=\"color: #808080;\">Llega sin estr\u00e9s.<\/span><\/strong><\/h4>\n<h4><span style=\"color: #808080;\">Cuando llegues al aeropuerto de Palma de Mallorca, tus merecidas vacaciones deber\u00edan empezar ya. Olv\u00eddate de colas, personal antip\u00e1tico y largas caminatas por el aparcamiento para encontrar tu coche.<\/span><br \/>\n<span style=\"color: #808080;\">Nuestro personal te estar\u00e1 esperando con tu coche de alquiler descapotable en el aparcamiento VIP, justo al lado de la sala de llegadas. El contrato ya est\u00e1 rellenado, \u00a1una firma y las vacaciones de ensue\u00f1o en esta hermosa isla pueden comenzar!<\/span><\/h4>\n<h4><span style=\"color: #808080;\">\u00a1Y las devoluciones son a\u00fan m\u00e1s f\u00e1ciles!<\/span><\/h4>\n<p>[\/vc_column_text][\/vc_column][\/vc_row][vc_row][vc_column width=\u00bb1\/2&#8243; offset=\u00bbvc_hidden-xs\u00bb][vc_column_text css=\u00bb.vc_custom_1713694207646{margin-top: 50px !important;margin-right: 50px !important;margin-bottom: 50px !important;margin-left: 50px !important;}\u00bb]<\/p>\n<h1 style=\"text-align: center;\"><span style=\"color: #ffffff;\"> <span style=\"color: #808080;\">Alquiler de coches descapotables Colonia Sant Jordi<\/span><\/span><\/h1>\n<h4 data-sourcepos=\"3:1-3:188\"><span style=\"color: #808080;\"><strong>Sol y libertad:<\/strong> Colonia Sant Jordi te mima con 300 d\u00edas de sol al a\u00f1o. Conducir un descapotable significa disfrutar del sol puro, del viento en el pelo y del aroma de la isla en la nariz.<\/span><\/h4>\n<h4 data-sourcepos=\"5:1-5:203\"><span style=\"color: #808080;\"><strong>Descubre y experimenta:<\/strong> Explora las sinuosas carreteras costeras con la capota bajada, descubre pueblos pintorescos y disfruta de vistas impresionantes, haciendo de Mallorca una experiencia inolvidable.<\/span><\/h4>\n<h4 data-sourcepos=\"9:1-9:183\"><span style=\"color: #808080;\"><strong>Pura sensaci\u00f3n de vacaciones:<\/strong> un descapotable en Colonia Sant Jordi es algo m\u00e1s que un medio de transporte. Es una actitud ante la vida que promete libertad, aventura y un estado de \u00e1nimo despreocupado durante las vacaciones.<\/span><\/h4>\n<p>[\/vc_column_text][\/vc_column][vc_column width=\u00bb1\/2&#8243;][vc_single_image image=\u00bb4729&#8243; img_size=\u00bbfull\u00bb alignment=\u00bbcenter\u00bb][\/vc_column][\/vc_row][vc_row][vc_column][vc_cta h2=\u00bbAlquiler de descapotables en Colonia Sant Jordi\u00bb css=\u00bb\u00bb]Situada en la costa sur de Mallorca, Colonia Sant Jordi es una encantadora localidad costera conocida por sus pintorescas playas, sus aguas cristalinas y su ambiente relajado. La ciudad es especialmente popular entre los veraneantes que buscan unas vacaciones tranquilas y relajadas en la playa, lejos del bullicio de los grandes centros tur\u00edsticos.<\/p>\n<p>La ciudad ofrece una gran variedad de playas de arena, incluida la famosa playa de Es Trenc, conocida por su belleza virgen y sus aguas turquesas. Es Trenc es una reserva natural y ofrece a los visitantes un entorno id\u00edlico para relajarse y tomar el sol.<\/p>\n<p>Adem\u00e1s de las playas, Colonia Sant Jordi tambi\u00e9n ofrece una amplia gama de actividades de ocio, como excursiones en barco a las cercanas islas de Cabrera, deportes acu\u00e1ticos como buceo y vela, as\u00ed como pintorescas rutas de senderismo y ciclismo a lo largo de la costa.<\/p>\n<p>La ciudad en s\u00ed es encantadora y relajada, con una selecci\u00f3n de acogedores restaurantes, caf\u00e9s y bares donde podr\u00e1s disfrutar de especialidades locales y marisco fresco. Tambi\u00e9n hay varias tiendas y boutiques que venden artesan\u00eda local y recuerdos.<\/p>\n<p>Colonia Sant Jordi es un lugar ideal para los viajeros que quieran pasar unas vacaciones tranquilas y relajantes en la playa de Mallorca, lejos de las concurridas rutas tur\u00edsticas.[\/vc_cta][\/vc_column][\/vc_row][vc_row][vc_column][vc_raw_html]W2VsZnNpZ2h0X2ZhcSBpZD0iMiJd[\/vc_raw_html][\/vc_column][\/vc_row][vc_row content_placement=\u00bbmiddle\u00bb][vc_column][vc_btn title=\u00bbm\u00e1s\u00bb color=\u00bbprimary\u00bb size=\u00bblg\u00bb align=\u00bbcenter\u00bb i_icon_fontawesome=\u00bbfas fa-question-circle\u00bb add_icon=\u00bbtrue\u00bb link=\u00bburl:https%3A%2F%2Fcabriomallorca.com%2Ffragen%2F|title:Preguntas|\u00bb][\/vc_column][\/vc_row][vc_row][vc_column][vc_column_text][\/vc_column_text][\/vc_column][\/vc_row][vc_row][vc_column][vc_btn title=\u00bba la reserva de alquiler de coches\u00bb color=\u00bbprimary\u00bb size=\u00bblg\u00bb align=\u00bbcenter\u00bb link=\u00bburl:https%3A%2F%2Fcabriomallorca.com%2Fbooking-process%2F|title:Reserva%20de%20alquiler%20de%20coches|\u00bb][\/vc_column][\/vc_row]<\/p>\n<\/div>","protected":false},"excerpt":{"rendered":"<p>[vc_row full_width=\u00bbstretch_row\u00bb full_height=\u00bbyes\u00bb columns_placement=\u00bbtop\u00bb content_placement=\u00bbtop\u00bb parallax=\u00bbcontent-moving\u00bb parallax_image=\u00bb32&#8243; parallax_speed_bg=\u00bb1&#8243; css_animation=\u00bbfadeInDown\u00bb el_class=\u00bb@media screen and (max-width:767px){ selector img{ content: url(&#8216;https:\/\/nutri-hero.com\/wp-content\/uploads\/2024\/04\/madebynature.jpg&#8217;) } }\u00bb][vc_column width=\u00bb1\/4&#8243;][\/vc_column][vc_column width=\u00bb3\/4&#8243; offset=\u00bbvc_hidden-xs\u00bb][vc_message icon_fontawesome=\u00bbfas fa-search-dollar\u00bb css=\u00bb\u00bb] Reserva ahora tu descapotable en Colonia Sant Jordi con el mejor precio y servicio [\/vc_message][\/vc_column][\/vc_row][vc_row content_placement=\u00bbmiddle\u00bb][vc_column][\/vc_column][\/vc_row][vc_row][vc_column][\/vc_column][\/vc_row][vc_row][vc_column width=\u00bb1\/3&#8243;][vc_cta h2=\u00bb\u00bb color=\u00bbblue\u00bb] Lo que dicen nuestros clientes [\/vc_cta][\/vc_column][vc_column width=\u00bb1\/3&#8243;][vc_cta h2=\u00bb\u00bb color=\u00bbsky\u00bb css=\u00bb\u00bb] Entrega [&hellip;]<\/p>\n","protected":false},"author":1,"featured_media":0,"parent":0,"menu_order":0,"comment_status":"closed","ping_status":"closed","template":"","meta":{"footnotes":""},"class_list":["post-5117","page","type-page","status-publish","hentry"],"_links":{"self":[{"href":"https:\/\/cabriomallorca.com\/es\/wp-json\/wp\/v2\/pages\/5117","targetHints":{"allow":["GET"]}}],"collection":[{"href":"https:\/\/cabriomallorca.com\/es\/wp-json\/wp\/v2\/pages"}],"about":[{"href":"https:\/\/cabriomallorca.com\/es\/wp-json\/wp\/v2\/types\/page"}],"author":[{"embeddable":true,"href":"https:\/\/cabriomallorca.com\/es\/wp-json\/wp\/v2\/users\/1"}],"replies":[{"embeddable":true,"href":"https:\/\/cabriomallorca.com\/es\/wp-json\/wp\/v2\/comments?post=5117"}],"version-history":[{"count":1,"href":"https:\/\/cabriomallorca.com\/es\/wp-json\/wp\/v2\/pages\/5117\/revisions"}],"predecessor-version":[{"id":5120,"href":"https:\/\/cabriomallorca.com\/es\/wp-json\/wp\/v2\/pages\/5117\/revisions\/5120"}],"wp:attachment":[{"href":"https:\/\/cabriomallorca.com\/es\/wp-json\/wp\/v2\/media?parent=5117"}],"curies":[{"name":"wp","href":"https:\/\/api.w.org\/{rel}","templated":true}]}}