{"id":5107,"date":"2019-11-12T15:18:07","date_gmt":"2019-11-12T15:18:07","guid":{"rendered":"https:\/\/mallorca-mietwagen.com\/agencias-de-viajes\/"},"modified":"2024-04-25T10:29:50","modified_gmt":"2024-04-25T10:29:50","slug":"agencias-de-viajes","status":"publish","type":"page","link":"https:\/\/cabriomallorca.com\/es\/agencias-de-viajes\/","title":{"rendered":"Agencias de viajes"},"content":{"rendered":"<div class=\"wpb-content-wrapper\"><p>[vc_row equal_height=\u00bbyes\u00bb content_placement=\u00bbmiddle\u00bb][vc_column width=\u00bb3\/5&#8243; css=\u00bb.vc_custom_1573574148890{border-radius: 10px !important;}\u00bb offset=\u00bbvc_col-lg-offset-2&#8243;][vc_tta_tabs active_section=\u00bb1&#8243; css_animation=\u00bbnone\u00bb][vc_tta_section title=\u00bbSocio afiliado\u00bb tab_id=\u00bb1579717562272-3ae93857-ac0e\u00bb][vc_column_text]<\/p>\n<p><center>Reg\u00edstrate, recomienda y cobra.<\/center>[\/vc_column_text][\/vc_tta_section][vc_tta_section i_icon_fontawesome=\u00bbfar fa-question-circle\u00bb add_icon=\u00bbtrue\u00bb title=\u00bbm\u00e1s informaci\u00f3n\u00bb tab_id=\u00bb1579717562272-084c8c87-16da\u00bb][vc_column_text]C\u00f3mo funciona un enlace de afiliado<br \/>\nCon el programa de socios \u00abMallorca-Cabrio.com\u00bb, te registras gratuitamente y creas una cuenta de usuario.<br \/>\nUna vez hecho esto, puedes generar enlaces para productos espec\u00edficos de tu elecci\u00f3n<br \/>\ne instala estos enlaces en tu propio sitio web. Por ejemplo, si el socio dirige una agencia de viajes o un sitio web sobre el tema de Mallorca o el alquiler de coches, puede colocar el enlace debajo de un post.<br \/>\nLa comisi\u00f3n se determina y se comunica al socio. Si un cliente hace clic en el enlace, \u00abMallorca-Cabrio.com\u00bb puede registrarlo autom\u00e1ticamente utilizando las denominadas cookies.<br \/>\nSi el cliente tambi\u00e9n realiza una reserva de alquiler de coche (aunque sea varios d\u00edas despu\u00e9s), la agencia de viajes o el operador del sitio web recibe su comisi\u00f3n.<br \/>\nComo socio, apenas tienes que hacer nada t\u00fa mismo. Por supuesto, tu propio sitio web o blog debe estar bien organizado y tener un buen contenido, pero no tienes que comprar ning\u00fan producto ni ofrecer un servicio espec\u00edfico.<br \/>\nEs comparativamente f\u00e1cil integrar los enlaces en tu propio sitio web. Estaremos encantados de asesorarte y ayudarte.[\/vc_column_text][\/vc_tta_section][\/vc_tta_tabs][vc_wp_text][affiliate_area][\/vc_wp_text][\/vc_column][vc_column][\/vc_column][vc_column][\/vc_column][vc_column][\/vc_column][\/vc_row]<\/p>\n<\/div>","protected":false},"excerpt":{"rendered":"<p>[vc_row equal_height=\u00bbyes\u00bb content_placement=\u00bbmiddle\u00bb][vc_column width=\u00bb3\/5&#8243; css=\u00bb.vc_custom_1573574148890{border-radius: 10px !important;}\u00bb offset=\u00bbvc_col-lg-offset-2&#8243;][vc_tta_tabs active_section=\u00bb1&#8243; css_animation=\u00bbnone\u00bb][vc_tta_section title=\u00bbSocio afiliado\u00bb tab_id=\u00bb1579717562272-3ae93857-ac0e\u00bb][vc_column_text] Reg\u00edstrate, recomienda y cobra.[\/vc_column_text][\/vc_tta_section][vc_tta_section i_icon_fontawesome=\u00bbfar fa-question-circle\u00bb add_icon=\u00bbtrue\u00bb title=\u00bbm\u00e1s informaci\u00f3n\u00bb tab_id=\u00bb1579717562272-084c8c87-16da\u00bb][vc_column_text]C\u00f3mo funciona un enlace de afiliado Con el programa de socios \u00abMallorca-Cabrio.com\u00bb, te registras gratuitamente y creas una cuenta de usuario. Una vez hecho esto, puedes generar enlaces para productos espec\u00edficos de tu [&hellip;]<\/p>\n","protected":false},"author":1,"featured_media":0,"parent":0,"menu_order":0,"comment_status":"closed","ping_status":"closed","template":"","meta":{"footnotes":""},"class_list":["post-5107","page","type-page","status-publish","hentry"],"_links":{"self":[{"href":"https:\/\/cabriomallorca.com\/es\/wp-json\/wp\/v2\/pages\/5107","targetHints":{"allow":["GET"]}}],"collection":[{"href":"https:\/\/cabriomallorca.com\/es\/wp-json\/wp\/v2\/pages"}],"about":[{"href":"https:\/\/cabriomallorca.com\/es\/wp-json\/wp\/v2\/types\/page"}],"author":[{"embeddable":true,"href":"https:\/\/cabriomallorca.com\/es\/wp-json\/wp\/v2\/users\/1"}],"replies":[{"embeddable":true,"href":"https:\/\/cabriomallorca.com\/es\/wp-json\/wp\/v2\/comments?post=5107"}],"version-history":[{"count":1,"href":"https:\/\/cabriomallorca.com\/es\/wp-json\/wp\/v2\/pages\/5107\/revisions"}],"predecessor-version":[{"id":5110,"href":"https:\/\/cabriomallorca.com\/es\/wp-json\/wp\/v2\/pages\/5107\/revisions\/5110"}],"wp:attachment":[{"href":"https:\/\/cabriomallorca.com\/es\/wp-json\/wp\/v2\/media?parent=5107"}],"curies":[{"name":"wp","href":"https:\/\/api.w.org\/{rel}","templated":true}]}}