{"id":5102,"date":"2020-04-19T18:12:24","date_gmt":"2020-04-19T18:12:24","guid":{"rendered":"https:\/\/mallorca-mietwagen.com\/condiciones\/"},"modified":"2024-04-25T10:29:44","modified_gmt":"2024-04-25T10:29:44","slug":"condiciones","status":"publish","type":"page","link":"https:\/\/cabriomallorca.com\/es\/condiciones\/","title":{"rendered":"Condiciones"},"content":{"rendered":"<div class=\"wpb-content-wrapper\"><p>[vc_row][vc_column][vc_column_text css_animation=\u00bbfadeInUp\u00bb]<\/p>\n<p>\nFor a rental, a valid credit card must be presented as security <strong>on site.<\/strong> Alternatively, if you do NOT have a credit card, you have the option of paying a guarantee of 500\/800\/1200EU (depending on the type of vehicle) and the rental price by EC card at Mallorca Airport. This option is indicated in the vehicle description. In addition, you also have the<strong> possibility to pay in cash.<\/strong>\n<p>\n<strong>IMPORTANT:<\/strong> With us you rent the vehicle cheaper than on site. Therefore, it is imperative to present the car rental voucher (voucher) with the price it contains on site. If you arrive without this letter, we will not be liable and will not refund any overpayments.\n<p>\n<strong>In principle, the following conditions apply:<\/strong>\n<p>&nbsp;<\/p>\n\n<ol class=\"wp-block-list\">\n<li>La edad m\u00ednima suele ser 21 a\u00f1os, la edad que figura en la descripci\u00f3n del veh\u00edculo es una edad superior.<\/li>\n<li>Todos los kil\u00f3metros recorridos <strong>est\u00e1n<\/strong> <strong>incluidos en<\/strong>el precio del alquiler.<\/li>\n<li>La factura del combustible var\u00eda seg\u00fan la empresa de alquiler de coches, por lo que encontrar\u00e1s esta informaci\u00f3n en \u00abcondiciones detalladas de alquiler\u00bb en la lista de veh\u00edculos. (mueve el rat\u00f3n sobre la imagen del veh\u00edculo).<\/li>\n<li>El seguro a todo riesgo siempre est\u00e1 incluido. Los detalles se mostrar\u00e1n en el sitio web al calcular el precio.<\/li>\n<li><strong>Servicio de aeropuerto:<\/strong> Un miembro del personal te espera a tu llegada al aeropuerto de Palma de Mallorca. Tras los tr\u00e1mites (5 minutos), consigue tu veh\u00edculo de alquiler en el<strong> aparcamiento VIP del<\/strong> aeropuerto. Sin esperas, sin colas, sin b\u00fasqueda en el aparcamiento.<\/li>\n<li>El periodo m\u00ednimo de alquiler es de tres d\u00edas.<\/li>\n<li>Un d\u00eda de alquiler tiene 24 horas. es decir, si te haces cargo del veh\u00edculo a las 10 de la ma\u00f1ana, los d\u00edas cuentan hasta las 10 de la ma\u00f1ana. (m\u00e1s aproximadamente 1 hora de buena voluntad)<\/li>\n<li><strong>a)<\/strong> <strong>Pago:<\/strong> Se puede realizar tras la reserva online mediante tarjeta de cr\u00e9dito o transferencia bancaria.<br\/><strong>b)<\/strong> <strong>Anulaci\u00f3n:<\/strong> Si necesitas anular el veh\u00edculo,<b>\n  <b>la s<\/b>\n<\/b> es posible hasta 48 horas antes de la llegada, cuando completes el seguro de cancelaci\u00f3n ofrecido. Si no te haces cargo del veh\u00edculo sin cancelarlo, se te cobrar\u00e1 el 100 del precio del alquiler.<\/li>\n<li>Servicios adicionales: Se ofrecen varios servicios adicionales en el momento de la reserva, como asientos para ni\u00f1os, dispositivos de navegaci\u00f3n o seguro suplementario. Todos los servicios adicionales se pueden a\u00f1adir tambi\u00e9n despu\u00e9s de la reserva. Queda excluido el seguro de anulaci\u00f3n. Esto s\u00f3lo puede seleccionarse directamente en el momento de la reserva, no despu\u00e9s.<\/li>\n<li>El conductor debe estar en posesi\u00f3n de un permiso de conducir v\u00e1lido desde hace al menos un a\u00f1o.<\/li>\n<li>Despu\u00e9s de enviar tu reserva, recibir\u00e1s parte de la confirmaci\u00f3n\/vale para imprimir. Algunas categor\u00edas de veh\u00edculos deben ser reconfirmadas por el propietario para garantizar 100 una entrega segura en el lugar. Suele hacerse en un plazo de 24 horas por correo electr\u00f3nico.<\/li>\n<li>Toda la informaci\u00f3n que necesitas para hacerte cargo del coche de alquiler la encontrar\u00e1s en la confirmaci\u00f3n de la reserva. Puedes imprimirlos una vez finalizada la transacci\u00f3n.<\/li>\n<li>Si un cliente desea alquilar un modelo concreto de una categor\u00eda, intentaremos proporcionarle el modelo seleccionado. Sin embargo, no es posible garantizarlo. Si no hay ning\u00fan veh\u00edculo disponible en la categor\u00eda seleccionada, en principio se proporcionar\u00e1 un veh\u00edculo de una categor\u00eda superior.<\/li>\n<li>Control de dep\u00f3sitos<strong>:<\/strong> Con nosotros tienes el control de dep\u00f3sitos <strong>m\u00e1s c\u00f3modo para el cliente<\/strong>. El veh\u00edculo se entrega con el dep\u00f3sito lleno y se devuelve de la misma forma. Ten en cuenta las condiciones de tu compa\u00f1\u00eda local de alquiler de coches.<\/li>\n<li><strong>Cargos<\/strong> por servicio <strong>in situ:<\/strong> La mayor\u00eda de las empresas de alquiler de coches de Mallorca cobran una \u00abtasa por servicio\u00bb adem\u00e1s del precio del alquiler. Var\u00eda entre 15 y 50 euros. <strong>Nosotros no tenemos esta tasa.<\/strong> S\u00f3lo pagas lo que figura en tu contrato de alquiler,<strong> sin \u00abtasas de servicio<\/strong>\u00bb adicionales.<\/li>\n<li>Servicio de atenci\u00f3n al cliente:Si has tenido alguna dificultad in situ, estaremos encantados de ayudarte con la normativa con tu compa\u00f1\u00eda de alquiler de coches previa presentaci\u00f3n del contrato de alquiler. Sin embargo, queda excluida la responsabilidad de la empresa local de alquiler de coches y\/o de la aseguradora.<br\/><strong>Vales, descuentos, subastas<\/strong> Si tienes un descuento de una promoci\u00f3n especial por nuestra parte, puedes canjearlo con nosotros. Por alquiler es m\u00e1x. se aplica una promoci\u00f3n. Quedan excluidos los recursos legales.<\/li>\n<\/ol>\n<p><\/p><\/p>\n<p>[\/vc_column_text][\/vc_column][\/vc_row]<\/p>\n<\/div>","protected":false},"excerpt":{"rendered":"<p>[vc_row][vc_column][vc_column_text css_animation=\u00bbfadeInUp\u00bb] For a rental, a valid credit card must be presented as security on site. Alternatively, if you do NOT have a credit card, you have the option of paying a guarantee of 500\/800\/1200EU (depending on the type of vehicle) and the rental price by EC card at Mallorca Airport. This option is indicated [&hellip;]<\/p>\n","protected":false},"author":1,"featured_media":0,"parent":0,"menu_order":0,"comment_status":"closed","ping_status":"closed","template":"","meta":{"footnotes":""},"class_list":["post-5102","page","type-page","status-publish","hentry"],"_links":{"self":[{"href":"https:\/\/cabriomallorca.com\/es\/wp-json\/wp\/v2\/pages\/5102","targetHints":{"allow":["GET"]}}],"collection":[{"href":"https:\/\/cabriomallorca.com\/es\/wp-json\/wp\/v2\/pages"}],"about":[{"href":"https:\/\/cabriomallorca.com\/es\/wp-json\/wp\/v2\/types\/page"}],"author":[{"embeddable":true,"href":"https:\/\/cabriomallorca.com\/es\/wp-json\/wp\/v2\/users\/1"}],"replies":[{"embeddable":true,"href":"https:\/\/cabriomallorca.com\/es\/wp-json\/wp\/v2\/comments?post=5102"}],"version-history":[{"count":1,"href":"https:\/\/cabriomallorca.com\/es\/wp-json\/wp\/v2\/pages\/5102\/revisions"}],"predecessor-version":[{"id":5103,"href":"https:\/\/cabriomallorca.com\/es\/wp-json\/wp\/v2\/pages\/5102\/revisions\/5103"}],"wp:attachment":[{"href":"https:\/\/cabriomallorca.com\/es\/wp-json\/wp\/v2\/media?parent=5102"}],"curies":[{"name":"wp","href":"https:\/\/api.w.org\/{rel}","templated":true}]}}